{"id":3670,"date":"2023-03-24T05:50:37","date_gmt":"2023-03-24T05:50:37","guid":{"rendered":"http:\/\/site2.easyceotech.com\/?post_type=product&#038;p=3670"},"modified":"2024-03-12T07:31:26","modified_gmt":"2024-03-12T07:31:26","slug":"calcium-caseinate","status":"publish","type":"product","link":"https:\/\/wpachem.com\/vi\/product\/calcium-caseinate\/","title":{"rendered":"Canxi Caseinate"},"content":{"rendered":"<div id=\"ali-anchor-AliPostDhMb-t00ew\" class=\"mceSectionContainer\" data-section=\"AliPostDhMb-t00ew\" data-section-title=\"Product Description\">\n<div>\n<p><strong><span data-spm-anchor-id=\"a2700.details.0.i23.44a75ac9FydAvq\">B\u1ed9t enzyme rennet chymosin ch\u1ea5t l\u01b0\u1ee3ng cao CAS 9005-43-0<\/span><\/strong><\/p>\n<p>&nbsp;<\/p>\n<table border=\"0\" cellspacing=\"0\">\n<tbody>\n<tr>\n<td valign=\"top\">T\u00ean s\u1ea3n ph\u1ea9m<\/td>\n<td valign=\"top\"><strong>B\u1ed9t enzyme rennet chymosin ch\u1ea5t l\u01b0\u1ee3ng cao CAS 9005-43-0<\/strong><\/td>\n<\/tr>\n<tr>\n<td valign=\"top\">CAS<\/td>\n<td valign=\"top\">9005-43-0<\/td>\n<\/tr>\n<tr>\n<td valign=\"top\">C\u1ea3m quan<\/td>\n<td valign=\"top\">B\u1ed9t tr\u1eafng<\/td>\n<\/tr>\n<tr>\n<td valign=\"top\">C\u1ea5p<\/td>\n<td valign=\"top\">C\u1ea5p th\u1ef1c ph\u1ea9m<\/td>\n<\/tr>\n<tr>\n<td valign=\"top\">X\u00e9t nghi\u1ec7m<\/td>\n<td valign=\"top\">99%<\/td>\n<\/tr>\n<tr>\n<td valign=\"top\">MF<\/td>\n<td valign=\"top\">C6H12O6<\/td>\n<\/tr>\n<tr>\n<td valign=\"top\">Kho<\/td>\n<td valign=\"top\">B\u1ea3o qu\u1ea3n trong h\u1ed9p k\u00edn, kh\u00f4 r\u00e1o, tho\u00e1ng m\u00e1t, tr\u00e1nh \u1ea9m v\u00e0 \u00e1nh s\u00e1ng\/nhi\u1ec7t m\u1ea1nh.<\/td>\n<\/tr>\n<tr>\n<td valign=\"top\">H\u1ea1n s\u1eed d\u1ee5ng<\/td>\n<td valign=\"top\">24 th\u00e1ng<\/td>\n<\/tr>\n<\/tbody>\n<\/table>\n<\/div>\n<\/div>\n<p>&nbsp;<\/p>\n<p><strong>M\u00f4 t\u1ea3 v\u1ec1 enzyme Chymosin:<\/strong><\/p>\n<p>S\u1eed d\u1ee5ng c\u00f4ng ngh\u1ec7 l\u00ean men vi sinh v\u1eadt cao, tinh ch\u1ebf c\u00e1c t\u00e1c nh\u00e2n enzyme r\u1eafn, \u0111\u01b0\u1ee3c \u1ee9ng d\u1ee5ng r\u1ed9ng r\u00e3i trong ng\u00e0nh c\u00f4ng nghi\u1ec7p s\u1eefa, l\u00e0 ch\u1ebf ph\u1ea9m kh\u00f4ng th\u1ec3 thi\u1ebfu trong s\u1ea3n xu\u1ea5t b\u1eb1ng ph\u01b0\u01a1ng ph\u00e1p enzyme \u0111\u1ec3 l\u00e0m casein, ph\u00f4 mai c\u0169ng nh\u01b0 s\u1eefa \u0111\u00f4ng.<\/p>\n<div>\n<div>\n<div>\n<div>\n<div>\n<div><strong>Ch\u1ee9c n\u0103ng c\u1ee7a enzyme Chymosin:<\/strong><\/div>\n<div>\n<div>Ph\u00f4 mai Rennet Chymosin th\u00fac \u0111\u1ea9y qu\u00e1 tr\u00ecnh \u0111\u00f4ng t\u1ee5 c\u1ee7a s\u1eefa th\u00f4 v\u00e0 t\u1ea1o \u0111i\u1ec1u ki\u1ec7n cho vi\u1ec7c th\u1ea3i ra v\u00e1ng s\u1eefa. Ph\u00f4 mai Rennet<br \/>\nChymosin th\u00fac \u0111\u1ea9y qu\u00e1 tr\u00ecnh \u0111\u00f4ng t\u1ee5 c\u1ee7a s\u1eefa th\u00f4 v\u00e0 t\u1ea1o \u0111i\u1ec1u ki\u1ec7n cho vi\u1ec7c th\u1ea3i v\u00e1ng s\u1eefa ra ngo\u00e0i.<\/p>\n<div>\n<p>Chymosin Rennet l\u00e0m ph\u00f4 mai \u0111\u01b0\u1ee3c s\u1eed d\u1ee5ng r\u1ed9ng r\u00e3i trong s\u1ea3n xu\u1ea5t ph\u00f4 mai v\u00e0 s\u1eefa chua.<\/p>\n<div>\n<div>\n<div>\n<div>\n<div>\n<div><strong>\u1ee8ng d\u1ee5ng c\u1ee7a enzyme Chymosin:<\/strong><\/div>\n<\/div>\n<\/div>\n<\/div>\n<\/div>\n<\/div>\n<\/div>\n<\/div>\n<div>1. Rennet l\u00e0 ch\u1ebf ph\u1ea9m kh\u00f4ng th\u1ec3 thi\u1ebfu trong s\u1ea3n xu\u1ea5t pho m\u00e1t, gi\u00e1 tr\u1ecb \u0111\u1ea7u ra c\u1ee7a n\u00f3 chi\u1ebfm 15,5% trong t\u1ed5ng gi\u00e1 tr\u1ecb \u0111\u1ea7u ra c\u1ee7a ch\u1ebf ph\u1ea9m enzyme. Ngu\u1ed3n ch\u00ednh l\u00e0 ni\u00eam m\u1ea1c d\u1ea1 d\u00e0y c\u1ee7a b\u00ea cai s\u1eefa.<br \/>\n2. Rennet th\u00fac \u0111\u1ea9y qu\u00e1 tr\u00ecnh \u0111\u00f4ng t\u1ee5 c\u1ee7a s\u1eefa th\u00f4 v\u00e0 t\u1ea1o \u0111i\u1ec1u ki\u1ec7n cho vi\u1ec7c th\u1ea3i v\u00e1ng s\u1eefa.<br \/>\n3. Rennet \u0111\u01b0\u1ee3c s\u1eed d\u1ee5ng r\u1ed9ng r\u00e3i trong s\u1ea3n xu\u1ea5t pho m\u00e1t v\u00e0 s\u1eefa chua.<\/div>\n<div>t\u1eeb kh\u00f3a:b\u1ed9t chymosin;enzym rennet chymosin;chymosin;CAS 9005-43-0;<\/div>\n<div><\/div>\n<\/div>\n<\/div>\n<\/div>\n<\/div>\n<\/div>\n<\/div>\n<p>Chi ti\u1ebft \u0111\u00f3ng g\u00f3i<span data-spm-anchor-id=\"a2700.details.0.i24.44a75ac9FydAvq\">:\u0110\u01b0\u1ee3c \u0111\u00f3ng g\u00f3i trong th\u00f9ng gi\u1ea5y 40cmX50cm v\u00e0 hai t\u00fai nh\u1ef1a b\u00ean trong.<\/span><\/p>\n<p>Tr\u1ecdng l\u01b0\u1ee3ng t\u1ecbnh: 25kg\/th\u00f9ng.<\/p>\n<p>\u0110i\u1ec1u ki\u1ec7n b\u1ea3o qu\u1ea3n: B\u1ea3o qu\u1ea3n trong h\u1ed9p k\u00edn, kh\u00f4 r\u00e1o, tho\u00e1ng m\u00e1t, tr\u00e1nh \u1ea9m v\u00e0 \u00e1nh s\u00e1ng\/nhi\u1ec7t m\u1ea1nh.<\/p>\n<p>Th\u1eddi h\u1ea1n s\u1eed d\u1ee5ng: Hai n\u0103m n\u1ebfu b\u1ea3o qu\u1ea3n t\u1ed1t, tr\u00e1nh \u00e1nh n\u1eafng tr\u1ef1c ti\u1ebfp.<\/p>","protected":false},"excerpt":{"rendered":"<p>T\u00ean s\u1ea3n ph\u1ea9m:Canxi Caseinate<br \/>\nS\u1ed1 CAS: 9005-43-0<br \/>\nM\u1ee5c l\u1ee5c:<br \/>\nNgo\u1ea1i h\u00ecnh: s\u1ee9c m\u1ea1nh m\u00e0u tr\u1eafng<\/p>","protected":false},"featured_media":2182,"template":"","meta":{"_acf_changed":false,"_gspb_post_css":""},"product_brand":[],"product_cat":[55,102],"product_tag":[],"class_list":{"0":"post-3670","1":"product","2":"type-product","3":"status-publish","4":"has-post-thumbnail","6":"product_cat-food-additives","7":"product_cat-emulsifiers","9":"first","10":"instock","11":"shipping-taxable","12":"product-type-simple"},"acf":[],"_links":{"self":[{"href":"https:\/\/wpachem.com\/vi\/wp-json\/wp\/v2\/product\/3670","targetHints":{"allow":["GET"]}}],"collection":[{"href":"https:\/\/wpachem.com\/vi\/wp-json\/wp\/v2\/product"}],"about":[{"href":"https:\/\/wpachem.com\/vi\/wp-json\/wp\/v2\/types\/product"}],"version-history":[{"count":0,"href":"https:\/\/wpachem.com\/vi\/wp-json\/wp\/v2\/product\/3670\/revisions"}],"wp:featuredmedia":[{"embeddable":true,"href":"https:\/\/wpachem.com\/vi\/wp-json\/wp\/v2\/media\/2182"}],"wp:attachment":[{"href":"https:\/\/wpachem.com\/vi\/wp-json\/wp\/v2\/media?parent=3670"}],"wp:term":[{"taxonomy":"product_brand","embeddable":true,"href":"https:\/\/wpachem.com\/vi\/wp-json\/wp\/v2\/product_brand?post=3670"},{"taxonomy":"product_cat","embeddable":true,"href":"https:\/\/wpachem.com\/vi\/wp-json\/wp\/v2\/product_cat?post=3670"},{"taxonomy":"product_tag","embeddable":true,"href":"https:\/\/wpachem.com\/vi\/wp-json\/wp\/v2\/product_tag?post=3670"}],"curies":[{"name":"wp","href":"https:\/\/api.w.org\/{rel}","templated":true}]}}