{"id":3673,"date":"2023-03-24T05:52:41","date_gmt":"2023-03-24T05:52:41","guid":{"rendered":"http:\/\/site2.easyceotech.com\/?post_type=product&#038;p=3673"},"modified":"2024-03-12T07:25:24","modified_gmt":"2024-03-12T07:25:24","slug":"lipoic-acid","status":"publish","type":"product","link":"https:\/\/wpachem.com\/vi\/product\/lipoic-acid\/","title":{"rendered":"Axit lipoic"},"content":{"rendered":"<p><strong>(R)-( )-1,2-Dithiolane-3-pentanoic acidChi ti\u1ebft<\/strong><\/p>\n<p>T\u00ean h\u00f3a h\u1ecdc: (R)-( )-1,2-Dithiolane-3-pentanoic acid<\/p>\n<p>S\u1ed1 CAS: 1200-22-2<\/p>\n<p>C\u00f4ng th\u1ee9c ph\u00e2n t\u1eed: C8H14O2S2<\/p>\n<p>Kh\u1ed1i l\u01b0\u1ee3ng ph\u00e2n t\u1eed: 206.33<\/p>\n<p>C\u1ea5u tr\u00fac ph\u00e2n t\u1eed:<\/p>\n<p>&nbsp;<\/p>\n<p>Ngo\u1ea1i quan: B\u1ed9t tinh th\u1ec3 m\u00e0u v\u00e0ng<\/p>\n<p><strong>(R)-( )-1,2-Dithiolane-3-pentanoic acidT\u00ednh ch\u1ea5t ti\u00eau bi\u1ec3u<\/strong><\/p>\n<p>&nbsp;<\/p>\n<table cellspacing=\"0\">\n<tbody>\n<tr>\n<td>M\u1ee5c<\/td>\n<td>Th\u00f4ng s\u1ed1 k\u1ef9 thu\u1eadt<\/td>\n<td>K\u1ebft qu\u1ea3<\/td>\n<\/tr>\n<tr>\n<td>V\u1ebb b\u1ec1 ngo\u00e0i<\/td>\n<td>B\u1ed9t tinh th\u1ec3 m\u00e0u v\u00e0ng<\/td>\n<td>B\u1ed9t tinh th\u1ec3 m\u00e0u v\u00e0ng<\/td>\n<\/tr>\n<tr>\n<td>Th\u1eed nghi\u1ec7m (Lipoic acid)<\/td>\n<td>\u226599,0%<\/td>\n<td>99.46%<\/td>\n<\/tr>\n<tr>\n<td>Th\u1eed nghi\u1ec7m (R-Lipoic acid)<\/td>\n<td>\u226598,0%<\/td>\n<td>99.13%<\/td>\n<\/tr>\n<tr>\n<td>M\u1ea5t m\u00e1t khi s\u1ea5y kh\u00f4<\/td>\n<td>\u22640,5%<\/td>\n<td>0.21<\/td>\n<\/tr>\n<tr>\n<td>Kim lo\u1ea1i n\u1eb7ng<\/td>\n<td>\u226410ppm<\/td>\n<td>X\u00e1c nh\u1eadn<\/td>\n<\/tr>\n<tr>\n<td>Ph\u1ea7n k\u1ebft lu\u1eadn<\/td>\n<td colspan=\"2\">Ph\u00f9 h\u1ee3p v\u1edbi y\u00eau c\u1ea7u.<\/td>\n<\/tr>\n<\/tbody>\n<\/table>\n<p><strong>(R)-( )-1,2-Dithiolane-3-axit pentanoicC\u00e1ch s\u1eed d\u1ee5ng<\/strong><\/p>\n<p>1. Vitamin B, \u0111\u1ed1i v\u1edbi vi\u00eam gan c\u1ea5p t\u00ednh v\u00e0 m\u00e3n t\u00ednh, x\u01a1 gan, h\u00f4n m\u00ea gan, gan nhi\u1ec5m m\u1ee1, ti\u1ec3u \u0111\u01b0\u1eddng, v.v., hi\u1ec7u qu\u1ea3 cao h\u01a1n axit lipoic.<\/p>\n<p>2. D\u00f9ng cho b\u1ec7nh vi\u00eam gan c\u1ea5p t\u00ednh, m\u00e3n t\u00ednh, x\u01a1 gan, h\u00f4n m\u00ea gan, v.v.<\/p>\n<p>3. Ch\u1ea5t ch\u1ed1ng oxy h\u00f3a<\/p>\n<p><strong>(R)-( )-1,2-Dithiolane-3-pentanoic acid\u0110\u00f3ng g\u00f3i v\u00e0 V\u1eadn chuy\u1ec3n<\/strong><\/p>\n<p>25kg\/th\u00f9ng, tr\u1ecdng l\u01b0\u1ee3ng t\u1ecbnh<\/p>\n<p><strong>(R)-( )-1,2-Dithiolane-3-pentanoic acidL\u01b0u tr\u1eef<\/strong><\/p>\n<p>B\u1ea3o qu\u1ea3n trong kho kh\u00f4 r\u00e1o tho\u00e1ng m\u00e1t, tr\u00e1nh xa th\u1ef1c ph\u1ea9m<\/p>","protected":false},"excerpt":{"rendered":"<p>T\u00ean s\u1ea3n ph\u1ea9m: Axit lipoic<br \/>\nS\u1ed1 CAS: 62-46-4<br \/>\nMF:C8H14O2S2<br \/>\nNgo\u1ea1i h\u00ecnh: s\u1ee9c m\u1ea1nh m\u00e0u v\u00e0ng<\/p>","protected":false},"featured_media":2190,"template":"","meta":{"_acf_changed":false,"_gspb_post_css":""},"product_brand":[],"product_cat":[55,102],"product_tag":[],"class_list":{"0":"post-3673","1":"product","2":"type-product","3":"status-publish","4":"has-post-thumbnail","6":"product_cat-food-additives","7":"product_cat-emulsifiers","9":"first","10":"instock","11":"shipping-taxable","12":"product-type-simple"},"acf":[],"_links":{"self":[{"href":"https:\/\/wpachem.com\/vi\/wp-json\/wp\/v2\/product\/3673","targetHints":{"allow":["GET"]}}],"collection":[{"href":"https:\/\/wpachem.com\/vi\/wp-json\/wp\/v2\/product"}],"about":[{"href":"https:\/\/wpachem.com\/vi\/wp-json\/wp\/v2\/types\/product"}],"version-history":[{"count":0,"href":"https:\/\/wpachem.com\/vi\/wp-json\/wp\/v2\/product\/3673\/revisions"}],"wp:featuredmedia":[{"embeddable":true,"href":"https:\/\/wpachem.com\/vi\/wp-json\/wp\/v2\/media\/2190"}],"wp:attachment":[{"href":"https:\/\/wpachem.com\/vi\/wp-json\/wp\/v2\/media?parent=3673"}],"wp:term":[{"taxonomy":"product_brand","embeddable":true,"href":"https:\/\/wpachem.com\/vi\/wp-json\/wp\/v2\/product_brand?post=3673"},{"taxonomy":"product_cat","embeddable":true,"href":"https:\/\/wpachem.com\/vi\/wp-json\/wp\/v2\/product_cat?post=3673"},{"taxonomy":"product_tag","embeddable":true,"href":"https:\/\/wpachem.com\/vi\/wp-json\/wp\/v2\/product_tag?post=3673"}],"curies":[{"name":"wp","href":"https:\/\/api.w.org\/{rel}","templated":true}]}}