{"id":3676,"date":"2023-03-24T05:54:32","date_gmt":"2023-03-24T05:54:32","guid":{"rendered":"http:\/\/site2.easyceotech.com\/?post_type=product&#038;p=3676"},"modified":"2024-03-12T07:25:29","modified_gmt":"2024-03-12T07:25:29","slug":"zinc-gluconate","status":"publish","type":"product","link":"https:\/\/wpachem.com\/vi\/product\/zinc-gluconate\/","title":{"rendered":"K\u1ebdm gluconat"},"content":{"rendered":"<table border=\"1\">\n<tbody>\n<tr>\n<td colspan=\"1\" rowspan=\"1\">\n<div><span data-spm-anchor-id=\"a2700.details.0.i23.25a5c8a9MzyV8I\">T\u00ean s\u1ea3n ph\u1ea9m<\/span><\/div>\n<\/td>\n<td colspan=\"1\" rowspan=\"1\">\n<div>K\u1ebdm Gluconat USP<\/div>\n<\/td>\n<td colspan=\"1\" rowspan=\"1\">\n<div>Ch\u1ee9c n\u0103ng<\/div>\n<\/td>\n<td colspan=\"1\" rowspan=\"1\">\n<div>\n<dl>\n<dd>\n<div>B\u1ea3o v\u1ec7 s\u1ee9c kh\u1ecfe<\/div>\n<\/dd>\n<\/dl>\n<\/div>\n<\/td>\n<\/tr>\n<tr>\n<td colspan=\"1\" rowspan=\"1\">\n<div>S\u1ed1 l\u01b0\u1ee3ng \u0111\u1eb7t h\u00e0ng t\u1ed1i thi\u1ec3u<\/div>\n<\/td>\n<td colspan=\"1\" rowspan=\"1\">\n<div>1kg<\/div>\n<\/td>\n<td colspan=\"1\" rowspan=\"1\">\n<div>Kho<\/div>\n<\/td>\n<td colspan=\"1\" rowspan=\"1\">\n<div>\n<dl>\n<dt><\/dt>\n<dd>\n<div>N\u01a1i kh\u00f4 r\u00e1o, l\u1ea1nh<\/div>\n<\/dd>\n<\/dl>\n<\/div>\n<\/td>\n<\/tr>\n<tr>\n<td colspan=\"1\" rowspan=\"1\">\n<div>C\u1ea5p<\/div>\n<\/td>\n<td colspan=\"1\" rowspan=\"1\">\n<div>C\u1ea5p th\u1ef1c ph\u1ea9m<\/div>\n<\/td>\n<td colspan=\"1\" rowspan=\"1\">\n<div>V\u1ebb b\u1ec1 ngo\u00e0i<\/div>\n<\/td>\n<td colspan=\"1\" rowspan=\"1\">\n<div>Tinh th\u1ec3 m\u00e0u tr\u1eafng \u0111\u1ebfn h\u01a1i v\u00e0ng<\/div>\n<\/td>\n<\/tr>\n<tr>\n<td colspan=\"1\" rowspan=\"1\">\n<div>\u0110\u1eb7c \u0111i\u1ec3m k\u1ef9 thu\u1eadt<\/div>\n<\/td>\n<td colspan=\"1\" rowspan=\"1\">\n<div>\n<dl>\n<dd>\n<div>99%<\/div>\n<\/dd>\n<\/dl>\n<\/div>\n<\/td>\n<td colspan=\"1\" rowspan=\"1\">\n<div>H\u1ea1n s\u1eed d\u1ee5ng<\/div>\n<\/td>\n<td colspan=\"1\" rowspan=\"1\">\n<div>\n<dl>\n<dd>\n<div>2 n\u0103m<\/div>\n<\/dd>\n<\/dl>\n<\/div>\n<\/td>\n<\/tr>\n<\/tbody>\n<\/table>\n<p><strong data-spm-anchor-id=\"a2700.details.0.i24.25a5c8a9MzyV8I\">K\u1ebdm Gluconate USP l\u00e0 g\u00ec?<\/strong><\/p>\n<p>&nbsp;<\/p>\n<p>L\u00e0 ch\u1ea5t t\u0103ng c\u01b0\u1eddng k\u1ebdm h\u1eefu c\u01a1, n\u00ean d\u1ec5 d\u00e0ng h\u1ea5p th\u1ee5 v\u00e0o c\u01a1 th\u1ec3, t\u1ef7 l\u1ec7 h\u1ea5p th\u1ee5 cao. Ngo\u00e0i ra, c\u00f2n c\u00f3 \u0111\u1ed9 h\u00f2a tan t\u1ed1t, h\u1ea7u nh\u01b0 kh\u00f4ng k\u00edch th\u00edch ru\u1ed9t v\u00e0 d\u1ea1 d\u00e0y.<\/p>\n<p><strong>Ch\u1ee9c n\u0103ng c\u1ee7a K\u1ebdm Gluconate USP<\/strong><\/p>\n<p>L\u00e0 ch\u1ea5t b\u1ed5 sung dinh d\u01b0\u1ee1ng k\u1ebdm, n\u00f3 \u0111\u01b0\u1ee3c s\u1eed d\u1ee5ng r\u1ed9ng r\u00e3i trong th\u1ef1c ph\u1ea9m s\u1ee9c kh\u1ecfe, thu\u1ed1c, v.v. N\u00f3 \u0111\u01b0\u1ee3c ti\u00eau h\u00f3a th\u00e0nh k\u1ebdm v\u00e0 axit glucose trong c\u01a1 th\u1ec3 s\u1ed1ng, tham gia v\u00e0o to\u00e0n b\u1ed9 qu\u00e1 tr\u00ecnh chuy\u1ec3n h\u00f3a n\u0103ng l\u01b0\u1ee3ng v\u00e0 t\u1ed5ng h\u1ee3p RNA v\u00e0 DNA, do \u0111\u00f3 c\u00f3 th\u1ec3 th\u00fac \u0111\u1ea9y qu\u00e1 tr\u00ecnh ch\u1eefa l\u00e0nh v\u1ebft th\u01b0\u01a1ng v\u00e0 ph\u00e1t tri\u1ec3n.<\/p>","protected":false},"excerpt":{"rendered":"<p>T\u00ean s\u1ea3n ph\u1ea9m: K\u1ebdm gluconat<br \/>\nS\u1ed1 CAS: 4468-02-4<br \/>\nMF: C12H22O14Zn<br \/>\nNgo\u1ea1i h\u00ecnh: s\u1ee9c m\u1ea1nh m\u00e0u tr\u1eafng<\/p>","protected":false},"featured_media":2180,"template":"","meta":{"_acf_changed":false,"_gspb_post_css":""},"product_brand":[],"product_cat":[55,102],"product_tag":[],"class_list":{"0":"post-3676","1":"product","2":"type-product","3":"status-publish","4":"has-post-thumbnail","6":"product_cat-food-additives","7":"product_cat-emulsifiers","9":"first","10":"instock","11":"shipping-taxable","12":"product-type-simple"},"acf":[],"_links":{"self":[{"href":"https:\/\/wpachem.com\/vi\/wp-json\/wp\/v2\/product\/3676","targetHints":{"allow":["GET"]}}],"collection":[{"href":"https:\/\/wpachem.com\/vi\/wp-json\/wp\/v2\/product"}],"about":[{"href":"https:\/\/wpachem.com\/vi\/wp-json\/wp\/v2\/types\/product"}],"version-history":[{"count":0,"href":"https:\/\/wpachem.com\/vi\/wp-json\/wp\/v2\/product\/3676\/revisions"}],"wp:featuredmedia":[{"embeddable":true,"href":"https:\/\/wpachem.com\/vi\/wp-json\/wp\/v2\/media\/2180"}],"wp:attachment":[{"href":"https:\/\/wpachem.com\/vi\/wp-json\/wp\/v2\/media?parent=3676"}],"wp:term":[{"taxonomy":"product_brand","embeddable":true,"href":"https:\/\/wpachem.com\/vi\/wp-json\/wp\/v2\/product_brand?post=3676"},{"taxonomy":"product_cat","embeddable":true,"href":"https:\/\/wpachem.com\/vi\/wp-json\/wp\/v2\/product_cat?post=3676"},{"taxonomy":"product_tag","embeddable":true,"href":"https:\/\/wpachem.com\/vi\/wp-json\/wp\/v2\/product_tag?post=3676"}],"curies":[{"name":"wp","href":"https:\/\/api.w.org\/{rel}","templated":true}]}}