{"id":3679,"date":"2023-03-24T05:57:27","date_gmt":"2023-03-24T05:57:27","guid":{"rendered":"http:\/\/site2.easyceotech.com\/?post_type=product&#038;p=3679"},"modified":"2024-03-12T07:25:36","modified_gmt":"2024-03-12T07:25:36","slug":"sodium-bicarbonate","status":"publish","type":"product","link":"https:\/\/wpachem.com\/vi\/product\/sodium-bicarbonate\/","title":{"rendered":"Natri bicarbonate"},"content":{"rendered":"<div class=\"J_module\">\n<div class=\"icbu-pc-images magic-1\">\n<div>\n<div class=\"flex-layout-h\">\n<div class=\"text-wrapper magic-5\">\n<div class=\"text-wrapper-right text-theme-light text-align-left\">\n<div class=\"text-title\"><span class=\"magic-6\"><span data-spm-anchor-id=\"a2700.details.0.i36.57576d01pPOoqb\">Natri bicarbonate<\/span><\/span><\/div>\n<div class=\"text-content\">Tinh th\u1ec3 m\u1ecbn c\u1ee7a h\u1ec7 \u0111\u01a1n nghi\u00eang m\u00e0u tr\u1eafng ho\u1eb7c \u0111\u1ee5c. Kh\u00f4ng c\u00f3 m\u00f9i, v\u1ecb m\u1eb7n. \u0110\u1ed9 h\u00f2a tan trong n\u01b0\u1edbc k\u00e9m h\u01a1n natri cacbonat. Natri bicarbonate l\u00e0 m\u1ed9t lo\u1ea1i mu\u1ed1i axit \u0111\u01b0\u1ee3c h\u00ecnh th\u00e0nh do qu\u00e1 tr\u00ecnh trung h\u00f2a ki\u1ec1m m\u1ea1nh v\u00e0 axit y\u1ebfu, c\u00f3 t\u00ednh ki\u1ec1m y\u1ebfu khi h\u00f2a tan trong n\u01b0\u1edbc. N\u00f3 c\u00f3 th\u1ec3 \u0111\u01b0\u1ee3c s\u1eed d\u1ee5ng trong c\u00e1c ng\u00e0nh c\u00f4ng nghi\u1ec7p nh\u01b0 th\u1ef1c ph\u1ea9m, y h\u1ecdc, l\u00e0m phim, thu\u1ed9c da, ch\u1ebf bi\u1ebfn kho\u00e1ng s\u1ea3n, luy\u1ec7n kim, s\u1ee3i, cao su, v.v. N\u00f3 c\u0169ng c\u00f3 th\u1ec3 \u0111\u01b0\u1ee3c s\u1eed d\u1ee5ng l\u00e0m ch\u1ea5t t\u1ea9y r\u1eeda v\u00e0 ch\u1ea5t ch\u1eefa ch\u00e1y, ch\u1ea5t t\u1ea1o ra carbon dioxide trong n\u01b0\u1edbc gi\u1ea3i kh\u00e1t v\u00e0 \u0111\u1ed3 u\u1ed1ng l\u1ea1nh l\u00e0m thu\u1ed1c th\u1eed ph\u00e2n t\u00edch, v\u00e0 c\u0169ng \u0111\u01b0\u1ee3c s\u1eed d\u1ee5ng trong t\u1ed5ng h\u1ee3p v\u00f4 c\u01a1 v\u00e0 c\u00f4ng nghi\u1ec7p d\u01b0\u1ee3c ph\u1ea9m \u0111\u1ec3 \u0111i\u1ec1u tr\u1ecb ch\u1ee9ng nhi\u1ec5m toan, l\u00e0m ch\u1ea5t kh\u1edfi \u0111\u1ea7u c\u1ee7a ng\u00e0nh c\u00f4ng nghi\u1ec7p th\u1ef1c ph\u1ea9m, ch\u1ea5t t\u1ea1o ra carbon dioxide trong n\u01b0\u1edbc gi\u1ea3i kh\u00e1t v\u00e0 \u0111\u1ed3 u\u1ed1ng l\u1ea1nh, v\u00e0 ch\u1ea5t b\u1ea3o qu\u1ea3n b\u01a1. C\u00f3 th\u1ec3 \u0111\u01b0\u1ee3c s\u1eed d\u1ee5ng tr\u1ef1c ti\u1ebfp l\u00e0m nguy\u00ean li\u1ec7u trong ng\u00e0nh c\u00f4ng nghi\u1ec7p d\u01b0\u1ee3c ph\u1ea9m.<\/div>\n<\/div>\n<\/div>\n<\/div>\n<\/div>\n<\/div>\n<\/div>\n<div class=\"J_module\">\n<div id=\"ali-anchor-AliMagic-30in4w\" class=\"magic-0\" data-section=\"AliMagic-30in4w\" data-section-title=\"Specification\">\u0110\u1eb7c \u0111i\u1ec3m k\u1ef9 thu\u1eadt<\/div>\n<\/div>\n<div class=\"J_module\">\n<div class=\"ife-detail-decorate-table\">\n<table class=\"has-title all magic-7\">\n<tbody>\n<tr>\n<td colspan=\"1\" rowspan=\"1\">\n<div class=\"magic-8\">M\u1ee5c<\/div>\n<\/td>\n<td colspan=\"1\" rowspan=\"1\">\n<div class=\"magic-9\">Ti\u00eau chu\u1ea9n<\/div>\n<\/td>\n<\/tr>\n<tr>\n<td colspan=\"1\" rowspan=\"1\">\n<div class=\"magic-8\">T\u00ean s\u1ea3n ph\u1ea9m<\/div>\n<\/td>\n<td colspan=\"1\" rowspan=\"1\">\n<div class=\"magic-9\">Natri bicarbonate<\/div>\n<\/td>\n<\/tr>\n<tr>\n<td colspan=\"1\" rowspan=\"1\">\n<div class=\"magic-8\">S\u1ed1 CAS<\/div>\n<\/td>\n<td colspan=\"1\" rowspan=\"1\">\n<div class=\"magic-9\">144-55-8<\/div>\n<\/td>\n<\/tr>\n<tr>\n<td colspan=\"1\" rowspan=\"1\">\n<div class=\"magic-8\">MF<\/div>\n<\/td>\n<td colspan=\"1\" rowspan=\"1\">\n<div class=\"magic-9\">CHNaO3<\/div>\n<\/td>\n<\/tr>\n<tr>\n<td colspan=\"1\" rowspan=\"1\">\n<div class=\"magic-8\">S\u1ed1 EINECS<\/div>\n<\/td>\n<td colspan=\"1\" rowspan=\"1\">\n<div class=\"magic-9\">205-633-8<\/div>\n<\/td>\n<\/tr>\n<tr>\n<td colspan=\"1\" rowspan=\"1\">\n<div class=\"magic-8\">N\u01a1i xu\u1ea5t x\u1ee9<\/div>\n<\/td>\n<td colspan=\"1\" rowspan=\"1\">\n<div class=\"magic-9\">Trung Qu\u1ed1c<\/div>\n<\/td>\n<\/tr>\n<tr>\n<td colspan=\"1\" rowspan=\"1\">\n<div class=\"magic-8\"><\/div>\n<\/td>\n<td colspan=\"1\" rowspan=\"1\">\n<div class=\"magic-9\">S\u01a1n \u0110\u00f4ng<\/div>\n<\/td>\n<\/tr>\n<tr>\n<td colspan=\"1\" rowspan=\"1\">\n<div class=\"magic-8\">Ti\u00eau chu\u1ea9n l\u1edbp<\/div>\n<\/td>\n<td colspan=\"1\" rowspan=\"1\">\n<div class=\"magic-9\">C\u1ea5p c\u00f4ng nghi\u1ec7p, C\u1ea5p thu\u1ed1c th\u1eed<\/div>\n<\/td>\n<\/tr>\n<tr>\n<td colspan=\"1\" rowspan=\"1\">\n<div class=\"magic-8\">\u0110\u1ed9 tinh khi\u1ebft<\/div>\n<\/td>\n<td colspan=\"1\" rowspan=\"1\">\n<div class=\"magic-9\">99%<\/div>\n<\/td>\n<\/tr>\n<tr>\n<td colspan=\"1\" rowspan=\"1\">\n<div class=\"magic-8\">\u1ee8ng d\u1ee5ng<\/div>\n<\/td>\n<td colspan=\"1\" rowspan=\"1\">\n<div class=\"magic-9\">Ch\u1ea5t t\u1ea9y r\u1eeda t\u1ed5ng h\u1ee3p<\/div>\n<\/td>\n<\/tr>\n<tr>\n<td colspan=\"1\" rowspan=\"1\">\n<div class=\"magic-8\">T\u00ean th\u01b0\u01a1ng hi\u1ec7u<\/div>\n<\/td>\n<td colspan=\"1\" rowspan=\"1\">\n<div class=\"magic-9\">Thay \u0111\u1ed5i<\/div>\n<\/td>\n<\/tr>\n<tr>\n<td colspan=\"1\" rowspan=\"1\">\n<div class=\"magic-8\">T\u1ec9 tr\u1ecdng<\/div>\n<\/td>\n<td colspan=\"1\" rowspan=\"1\">\n<div class=\"magic-9\">2,16 g\/mL \u1edf 25 \u00b0C (lit.)<\/div>\n<\/td>\n<\/tr>\n<tr>\n<td colspan=\"1\" rowspan=\"1\">\n<div class=\"magic-8\">PH<\/div>\n<\/td>\n<td colspan=\"1\" rowspan=\"1\">\n<div class=\"magic-9\">8.3<\/div>\n<\/td>\n<\/tr>\n<\/tbody>\n<\/table>\n<\/div>\n<\/div>\n<p>&nbsp;<\/p>","protected":false},"excerpt":{"rendered":"<p>T\u00ean s\u1ea3n ph\u1ea9m: Natri bicarbonate<br \/>\nS\u1ed1 CAS: 144-55-8<br \/>\nMF:CHNaO3<br \/>\nNgo\u1ea1i h\u00ecnh: s\u1ee9c m\u1ea1nh m\u00e0u tr\u1eafng<\/p>","protected":false},"featured_media":2183,"template":"","meta":{"_acf_changed":false,"_gspb_post_css":""},"product_brand":[],"product_cat":[55],"product_tag":[],"class_list":{"0":"post-3679","1":"product","2":"type-product","3":"status-publish","4":"has-post-thumbnail","6":"product_cat-food-additives","8":"first","9":"instock","10":"shipping-taxable","11":"product-type-simple"},"acf":[],"_links":{"self":[{"href":"https:\/\/wpachem.com\/vi\/wp-json\/wp\/v2\/product\/3679","targetHints":{"allow":["GET"]}}],"collection":[{"href":"https:\/\/wpachem.com\/vi\/wp-json\/wp\/v2\/product"}],"about":[{"href":"https:\/\/wpachem.com\/vi\/wp-json\/wp\/v2\/types\/product"}],"version-history":[{"count":0,"href":"https:\/\/wpachem.com\/vi\/wp-json\/wp\/v2\/product\/3679\/revisions"}],"wp:featuredmedia":[{"embeddable":true,"href":"https:\/\/wpachem.com\/vi\/wp-json\/wp\/v2\/media\/2183"}],"wp:attachment":[{"href":"https:\/\/wpachem.com\/vi\/wp-json\/wp\/v2\/media?parent=3679"}],"wp:term":[{"taxonomy":"product_brand","embeddable":true,"href":"https:\/\/wpachem.com\/vi\/wp-json\/wp\/v2\/product_brand?post=3679"},{"taxonomy":"product_cat","embeddable":true,"href":"https:\/\/wpachem.com\/vi\/wp-json\/wp\/v2\/product_cat?post=3679"},{"taxonomy":"product_tag","embeddable":true,"href":"https:\/\/wpachem.com\/vi\/wp-json\/wp\/v2\/product_tag?post=3679"}],"curies":[{"name":"wp","href":"https:\/\/api.w.org\/{rel}","templated":true}]}}