{"id":3682,"date":"2023-03-24T06:00:23","date_gmt":"2023-03-24T06:00:23","guid":{"rendered":"http:\/\/site2.easyceotech.com\/?post_type=product&#038;p=3682"},"modified":"2024-03-12T07:24:09","modified_gmt":"2024-03-12T07:24:09","slug":"sodium-metabisulfite","status":"publish","type":"product","link":"https:\/\/wpachem.com\/vi\/product\/sodium-metabisulfite\/","title":{"rendered":"Natri metabisulfit"},"content":{"rendered":"<div class=\"J_module\">\n<div class=\"detail-decorate-json-renderer-container\">\n<div class=\"magic-4\">\n<div class=\"magic-5\">\n<div class=\"magic-6\">\n<div class=\"magic-7\">\n<div><span class=\"magic-8\" style=\"font-family: Arial;\" data-spm-anchor-id=\"a2700.details.0.i23.27e034e3K6vuhH\">T\u00ean s\u1ea3n ph\u1ea9m: Natri metabisulfit<\/span><\/div>\n<div><span class=\"magic-8\" style=\"font-family: Arial;\">S\u1ed1 hi\u1ec7u: 7681-57-4<\/span><\/div>\n<div><span class=\"magic-8\" style=\"font-family: Arial;\">MW:190.11<\/span><\/div>\n<div><span class=\"magic-8\" style=\"font-family: Arial;\">MF:Na2S2O5<\/span><\/div>\n<div><span class=\"magic-8\" style=\"font-family: Arial;\">Ngo\u1ea1i quan: B\u1ed9t tinh th\u1ec3 m\u00e0u tr\u1eafng<\/span><\/div>\n<div><span class=\"magic-8\" style=\"font-family: Arial;\">\u0110\u1ed9 tinh khi\u1ebft: 97%min <\/span><\/div>\n<\/div>\n<\/div>\n<\/div>\n<\/div>\n<\/div>\n<\/div>\n<div class=\"J_module\">\n<div id=\"ali-anchor-AliMagic-0idekr\" class=\"magic-0\" data-section=\"AliMagic-0idekr\" data-section-title=\"Specification\">\u0110\u1eb7c \u0111i\u1ec3m k\u1ef9 thu\u1eadt<\/div>\n<\/div>\n<div class=\"J_module\">\n<div class=\"ife-detail-decorate-table\">\n<table class=\"has-title is-zebra hight-light-first-column all magic-9\">\n<tbody>\n<tr>\n<td colspan=\"1\" rowspan=\"1\">\n<div class=\"magic-10\"><span class=\"magic-8\" style=\"font-family: Arial;\">T\u00ean s\u1ea3n ph\u1ea9m<\/span><\/div>\n<\/td>\n<td colspan=\"2\" rowspan=\"1\">\n<div class=\"magic-11\"><span class=\"magic-8\" style=\"font-family: Arial;\">NATRI METABISULPHIT<\/span><\/div>\n<\/td>\n<\/tr>\n<tr>\n<td colspan=\"1\" rowspan=\"1\">\n<div class=\"magic-10\"><span class=\"magic-8\" style=\"font-family: Arial;\">M\u1ee5c ph\u00e2n t\u00edch<\/span><\/div>\n<\/td>\n<td colspan=\"1\" rowspan=\"1\">\n<div class=\"magic-14\"><span class=\"magic-8\" style=\"font-family: Arial;\">Ti\u00eau chu\u1ea9n<\/span><\/div>\n<\/td>\n<td colspan=\"1\" rowspan=\"1\">\n<div class=\"magic-15\"><span class=\"magic-8\" style=\"font-family: Arial;\">K\u1ebft qu\u1ea3 ph\u00e2n t\u00edch<\/span><\/div>\n<\/td>\n<\/tr>\n<tr>\n<td colspan=\"1\" rowspan=\"1\">\n<div class=\"magic-10\"><span class=\"magic-8\" style=\"font-family: Arial;\">N\u1ed9i dung ch\u00ednh (Na2S2O5)<\/span><\/div>\n<\/td>\n<td colspan=\"1\" rowspan=\"1\">\n<div class=\"magic-14\"><span class=\"magic-8\" style=\"font-family: Arial;\">97%ph\u00fat<\/span><\/div>\n<\/td>\n<td colspan=\"1\" rowspan=\"1\">\n<div class=\"magic-15\"><span class=\"magic-8\" style=\"font-family: Arial;\">97.1%<\/span><\/div>\n<\/td>\n<\/tr>\n<tr>\n<td colspan=\"1\" rowspan=\"1\">\n<div class=\"magic-10\"><span class=\"magic-8\" style=\"font-family: Arial;\">S\u1eaft ( Fe)<\/span><\/div>\n<\/td>\n<td colspan=\"1\" rowspan=\"1\">\n<div class=\"magic-14\"><span class=\"magic-8\" style=\"font-family: Arial;\">0,003%t\u1ed1i \u0111a<\/span><\/div>\n<\/td>\n<td colspan=\"1\" rowspan=\"1\">\n<div class=\"magic-15\"><span class=\"magic-8\" style=\"font-family: Arial;\">0.003%<\/span><\/div>\n<\/td>\n<\/tr>\n<tr>\n<td colspan=\"1\" rowspan=\"1\">\n<div class=\"magic-10\"><span class=\"magic-8\" style=\"font-family: Arial;\">Kh\u00f4ng tan trong n\u01b0\u1edbc<\/span><\/div>\n<\/td>\n<td colspan=\"1\" rowspan=\"1\">\n<div class=\"magic-14\"><span class=\"magic-8\" style=\"font-family: Arial;\">0,05%t\u1ed1i \u0111a<\/span><\/div>\n<\/td>\n<td colspan=\"1\" rowspan=\"1\">\n<div class=\"magic-15\"><span class=\"magic-8\" style=\"font-family: Arial;\">0.02%<\/span><\/div>\n<\/td>\n<\/tr>\n<tr>\n<td colspan=\"1\" rowspan=\"1\">\n<div class=\"magic-10\"><span class=\"magic-8\" style=\"font-family: Arial;\">H\u00e0m l\u01b0\u1ee3ng Asen (As)<\/span><\/div>\n<\/td>\n<td colspan=\"1\" rowspan=\"1\">\n<div class=\"magic-14\"><span class=\"magic-8\" style=\"font-family: Arial;\">0,0005%t\u1ed1i \u0111a<\/span><\/div>\n<\/td>\n<td colspan=\"1\" rowspan=\"1\">\n<div class=\"magic-15\"><span class=\"magic-8\" style=\"font-family: Arial;\">&lt;0,0001<\/span><\/div>\n<\/td>\n<\/tr>\n<tr>\n<td colspan=\"1\" rowspan=\"1\">\n<div class=\"magic-10\"><span class=\"magic-8\" style=\"font-family: Arial;\">(pb) n\u1ed9i dung<\/span><\/div>\n<\/td>\n<td colspan=\"1\" rowspan=\"1\">\n<div class=\"magic-14\"><span class=\"magic-8\" style=\"font-family: Arial;\">0,0005%t\u1ed1i \u0111a<\/span><\/div>\n<\/td>\n<td colspan=\"1\" rowspan=\"1\">\n<div class=\"magic-15\"><span class=\"magic-8\" style=\"font-family: Arial;\">&lt;0,0005<\/span><\/div>\n<\/td>\n<\/tr>\n<tr>\n<td colspan=\"1\" rowspan=\"1\">\n<div class=\"magic-10\"><span class=\"magic-8\" style=\"font-family: Arial;\">Ki\u1ec3m tra axit photphoric \u2264<\/span><\/div>\n<\/td>\n<td colspan=\"1\" rowspan=\"1\">\n<div class=\"magic-14\"><span class=\"magic-8\" style=\"font-family: Arial;\">4.2<\/span><\/div>\n<\/td>\n<td colspan=\"1\" rowspan=\"1\">\n<div class=\"magic-15\"><\/div>\n<\/td>\n<\/tr>\n<tr>\n<td colspan=\"1\" rowspan=\"1\">\n<div class=\"magic-10\"><span class=\"magic-8\" style=\"font-family: Arial;\">V\u1ebb b\u1ec1 ngo\u00e0i<\/span><\/div>\n<\/td>\n<td colspan=\"2\" rowspan=\"1\">\n<div class=\"magic-16\"><span class=\"magic-8\" style=\"font-family: Arial;\">B\u1ed9t tinh th\u1ec3 m\u00e0u tr\u1eafng \u0111\u1ebfn h\u01a1i v\u00e0ng<\/span><\/div>\n<\/td>\n<\/tr>\n<\/tbody>\n<\/table>\n<\/div>\n<\/div>\n<div class=\"J_module\">\n<div id=\"ali-anchor-AliMagic-o2orro\" class=\"magic-0\" data-section=\"AliMagic-o2orro\" data-section-title=\"Application\">\u1ee8ng d\u1ee5ng<\/div>\n<\/div>\n<div class=\"J_module\">\n<div class=\"detail-decorate-json-renderer-container\">\n<div class=\"magic-4\">\n<div class=\"magic-5\">\n<div class=\"magic-6\">\n<div class=\"magic-7\"><span class=\"magic-8\" style=\"font-family: Arial;\">1. Ng\u00e0nh c\u00f4ng nghi\u1ec7p cao su \u0111\u01b0\u1ee3c s\u1eed d\u1ee5ng nh\u01b0 m\u1ed9t ch\u1ea5t \u0111\u00f4ng t\u1ee5. 2. Ng\u00e0nh c\u00f4ng nghi\u1ec7p in \u1ea5n v\u00e0 nhu\u1ed9m \u0111\u01b0\u1ee3c s\u1eed d\u1ee5ng nh\u01b0 m\u1ed9t t\u00e1c nh\u00e2n kh\u1eed clo \u0111\u1ec3 t\u1ea9y tr\u1eafng b\u00f4ng v\u00e0 m\u1ed9t t\u00e1c nh\u00e2n n\u1ea5u b\u00f4ng. 3. Ng\u00e0nh c\u00f4ng nghi\u1ec7p thu\u1ed9c da \u0111\u1ec3 x\u1eed l\u00fd da, c\u00f3 th\u1ec3 l\u00e0m cho da m\u1ec1m m\u1ea1i, c\u0103ng m\u1ecdng, dai, c\u00f3 kh\u1ea3 n\u0103ng ch\u1ed1ng th\u1ea5m n\u01b0\u1edbc, ch\u1ed1ng g\u1ea5p, ch\u1ed1ng m\u00e0i m\u00f2n v\u00e0 c\u00e1c \u0111\u1eb7c t\u00ednh kh\u00e1c.<\/span><\/div>\n<\/div>\n<\/div>\n<\/div>\n<\/div>\n<\/div>\n<p>&nbsp;<\/p>","protected":false},"excerpt":{"rendered":"<p>T\u00ean s\u1ea3n ph\u1ea9m: Natri metabisulfit<br \/>\nS\u1ed1 CAS: 7681-57-4<br \/>\nMF:2Na.O5S2<br \/>\nNgo\u1ea1i h\u00ecnh: s\u1ee9c m\u1ea1nh m\u00e0u tr\u1eafng<\/p>","protected":false},"featured_media":2181,"template":"","meta":{"_acf_changed":false,"_gspb_post_css":""},"product_brand":[],"product_cat":[55],"product_tag":[],"class_list":{"0":"post-3682","1":"product","2":"type-product","3":"status-publish","4":"has-post-thumbnail","6":"product_cat-food-additives","8":"first","9":"instock","10":"shipping-taxable","11":"product-type-simple"},"acf":[],"_links":{"self":[{"href":"https:\/\/wpachem.com\/vi\/wp-json\/wp\/v2\/product\/3682","targetHints":{"allow":["GET"]}}],"collection":[{"href":"https:\/\/wpachem.com\/vi\/wp-json\/wp\/v2\/product"}],"about":[{"href":"https:\/\/wpachem.com\/vi\/wp-json\/wp\/v2\/types\/product"}],"version-history":[{"count":0,"href":"https:\/\/wpachem.com\/vi\/wp-json\/wp\/v2\/product\/3682\/revisions"}],"wp:featuredmedia":[{"embeddable":true,"href":"https:\/\/wpachem.com\/vi\/wp-json\/wp\/v2\/media\/2181"}],"wp:attachment":[{"href":"https:\/\/wpachem.com\/vi\/wp-json\/wp\/v2\/media?parent=3682"}],"wp:term":[{"taxonomy":"product_brand","embeddable":true,"href":"https:\/\/wpachem.com\/vi\/wp-json\/wp\/v2\/product_brand?post=3682"},{"taxonomy":"product_cat","embeddable":true,"href":"https:\/\/wpachem.com\/vi\/wp-json\/wp\/v2\/product_cat?post=3682"},{"taxonomy":"product_tag","embeddable":true,"href":"https:\/\/wpachem.com\/vi\/wp-json\/wp\/v2\/product_tag?post=3682"}],"curies":[{"name":"wp","href":"https:\/\/api.w.org\/{rel}","templated":true}]}}