{"id":3689,"date":"2023-04-10T05:39:30","date_gmt":"2023-04-10T05:39:30","guid":{"rendered":"http:\/\/site2.easyceotech.com\/?post_type=product&#038;p=3689"},"modified":"2024-03-12T06:54:46","modified_gmt":"2024-03-12T06:54:46","slug":"chrome-yellow","status":"publish","type":"product","link":"https:\/\/wpachem.com\/vi\/product\/chrome-yellow\/","title":{"rendered":"S\u1eafc t\u1ed1 v\u00e0ng Chrome"},"content":{"rendered":"<p><strong>\u0110\u1eb7c tr\u01b0ng:<\/strong><\/p>\n<p>&nbsp;<\/p>\n<p>V\u00e0ng crom l\u00e0 m\u1ed9t lo\u1ea1i b\u1ed9t m\u00e0u h\u00f3a h\u1ecdc, ch\u1ee7 y\u1ebfu bao g\u1ed3m b\u1ed9t m\u00e0u cromat ch\u00ec, th\u00e0nh ph\u1ea7n h\u00f3a h\u1ecdc c\u1ee7a n\u00f3 l\u00e0 PbCrO4, h\u00e0m l\u01b0\u1ee3ng kho\u1ea3ng 90% ~ 94%, b\u1ec1 ngo\u00e0i l\u00e0 b\u1ed9t m\u00e0u v\u00e0ng \u0111\u1ecf nh\u1ea1t, d\u1ea1ng tinh th\u1ec3 \u0111\u01a1n nghi\u00eang, m\u1eadt \u0111\u1ed9 l\u00e0 5,1 ~ 6,0g \/ cm3, \u0111\u1ed9 h\u1ea5p th\u1ee5 d\u1ea7u l\u00e0 13 ~ 27g \/ 100g.<\/p>\n<p>&nbsp;<\/p>\n<p>Ph\u1ea1m vi m\u00e0u s\u1eafc t\u1eeb v\u00e0ng chanh \u0111\u1ebfn v\u00e0ng cam. Th\u01b0\u1eddng \u0111\u01b0\u1ee3c ph\u00e2n lo\u1ea1i th\u00e0nh 5 lo\u1ea1i ti\u00eau chu\u1ea9n l\u00e0 v\u00e0ng crom ch\u00ec, v\u00e0ng crom nh\u1ea1t, v\u00e0ng crom trung b\u00ecnh, v\u00e0ng crom \u0111\u1eadm, v\u00e0ng crom cam. C\u00e1c s\u1eafc t\u1ed1 c\u00f3 \u0111\u1ed9 b\u00f3ng, m\u00e0u s\u1eafc t\u01b0\u01a1i s\u00e1ng v\u00e0 kh\u1ea3 n\u0103ng che ph\u1ee7 tuy\u1ec7t v\u1eddi.<\/p>\n<p>&nbsp;<\/p>\n<p><strong>\u1ee8ng d\u1ee5ng<\/strong>:<\/p>\n<p>Ch\u1ee7 y\u1ebfu \u0111\u01b0\u1ee3c s\u1eed d\u1ee5ng \u0111\u1ec3 s\u1ea3n xu\u1ea5t l\u1edbp ph\u1ee7, s\u01a1n, m\u1ef1c, nh\u1ef1a, cao su, \u0111\u1ed3 d\u00f9ng v\u0103n h\u00f3a &amp; gi\u00e1o d\u1ee5c, v.v.<\/p>\n<p>&nbsp;<\/p>","protected":false},"excerpt":{"rendered":"<p>T\u00ean s\u1ea3n ph\u1ea9m: Chrome Yellow<\/p>\n<p>Th\u00e0nh ph\u1ea7n h\u00f3a h\u1ecdc: PbCrO4<\/p>\n<p>Ch\u1ec9 s\u1ed1 m\u00e0u: PY34<\/p>","protected":false},"featured_media":3706,"template":"","meta":{"_acf_changed":false,"_gspb_post_css":""},"product_brand":[],"product_cat":[52],"product_tag":[],"class_list":{"0":"post-3689","1":"product","2":"type-product","3":"status-publish","4":"has-post-thumbnail","6":"product_cat-pigment","8":"first","9":"instock","10":"shipping-taxable","11":"product-type-simple"},"acf":[],"_links":{"self":[{"href":"https:\/\/wpachem.com\/vi\/wp-json\/wp\/v2\/product\/3689","targetHints":{"allow":["GET"]}}],"collection":[{"href":"https:\/\/wpachem.com\/vi\/wp-json\/wp\/v2\/product"}],"about":[{"href":"https:\/\/wpachem.com\/vi\/wp-json\/wp\/v2\/types\/product"}],"version-history":[{"count":0,"href":"https:\/\/wpachem.com\/vi\/wp-json\/wp\/v2\/product\/3689\/revisions"}],"wp:featuredmedia":[{"embeddable":true,"href":"https:\/\/wpachem.com\/vi\/wp-json\/wp\/v2\/media\/3706"}],"wp:attachment":[{"href":"https:\/\/wpachem.com\/vi\/wp-json\/wp\/v2\/media?parent=3689"}],"wp:term":[{"taxonomy":"product_brand","embeddable":true,"href":"https:\/\/wpachem.com\/vi\/wp-json\/wp\/v2\/product_brand?post=3689"},{"taxonomy":"product_cat","embeddable":true,"href":"https:\/\/wpachem.com\/vi\/wp-json\/wp\/v2\/product_cat?post=3689"},{"taxonomy":"product_tag","embeddable":true,"href":"https:\/\/wpachem.com\/vi\/wp-json\/wp\/v2\/product_tag?post=3689"}],"curies":[{"name":"wp","href":"https:\/\/api.w.org\/{rel}","templated":true}]}}