{"id":3707,"date":"2023-04-10T05:50:21","date_gmt":"2023-04-10T05:50:21","guid":{"rendered":"http:\/\/site2.easyceotech.com\/?post_type=product&#038;p=3707"},"modified":"2024-03-12T07:23:57","modified_gmt":"2024-03-12T07:23:57","slug":"molybdate-orange-p-r-104","status":"publish","type":"product","link":"https:\/\/wpachem.com\/vi\/product\/molybdate-orange-p-r-104\/","title":{"rendered":"Molybdate cam PR104"},"content":{"rendered":"<p><strong>\u0110\u1eb7c tr\u01b0ng:<\/strong><\/p>\n<p>Molybdate Orange l\u00e0 m\u1ed9t lo\u1ea1i b\u1ed9t m\u00e0u v\u00f4 c\u01a1 c\u00f3 ch\u1ee9a ch\u00ec molybdate, ch\u00ec cromat, ch\u00ec sunfat, c\u00f3 th\u1ec3 c\u00f3 m\u00e0u \u0111\u1ecf cam \u0111\u1ebfn \u0111\u1ecf. M\u00e0u s\u1eafc t\u01b0\u01a1i s\u00e1ng, kh\u1ea3 n\u0103ng t\u1ea1o m\u00e0u cao h\u01a1n v\u00e0ng crom cam, kh\u1ea3 n\u0103ng che ph\u1ee7 v\u00e0 c\u00e1c ch\u1ec9 s\u1ed1 dung sai ch\u00ednh kh\u00e1c r\u1ea5t t\u1ed1t.<\/p>\n<p><strong>\u1ee8ng d\u1ee5ng:<\/strong><\/p>\n<ul>\n<li>Molybdate Orange \u0111\u01b0\u1ee3c s\u1eed d\u1ee5ng r\u1ed9ng r\u00e3i trong s\u01a1n ph\u1ee7, ch\u1eb3ng h\u1ea1n nh\u01b0 c\u00f3 th\u1ec3 t\u1ea1o th\u00e0nh l\u1edbp ph\u1ee7 m\u00e0u \u0111\u1ecf cam; c\u00f3 th\u1ec3 k\u1ebft h\u1ee3p v\u1edbi b\u1ed9t m\u00e0u ch\u1ed1ng \u0103n m\u00f2n m\u00e0u tr\u1eafng \u0111\u1ec3 t\u1ea1o ra s\u01a1n ch\u1ed1ng \u0103n m\u00f2n Molybdate Orange c\u00f3 v\u1ebb ngo\u00e0i t\u01b0\u01a1ng t\u1ef1 nh\u01b0 ch\u00ec \u0111\u1ecf.<\/li>\n<li>Molybdate Orange c\u0169ng th\u01b0\u1eddng c\u00f3 m\u00e0u s\u1eafc h\u1eefu c\u01a1 nhanh, c\u00f3 th\u1ec3 thu \u0111\u01b0\u1ee3c s\u01a1n ch\u1ecbu dung m\u00f4i, \u00e1nh v\u00e0ng, ch\u1ecbu nhi\u1ec7t \u0111\u1ed9 nung \u0111\u1ecf.<\/li>\n<li>\u0110\u1ed1i v\u1edbi m\u00e0u nh\u1ef1a, molypdate Orange th\u01b0\u1eddng \u0111\u01b0\u1ee3c k\u1ebft h\u1ee3p v\u1edbi c\u00e1c s\u1eafc t\u1ed1 h\u1eefu c\u01a1 c\u00f3 kh\u1ea3 n\u0103ng ch\u1ecbu nhi\u1ec7t t\u1ed1t h\u01a1n \u0111\u1ec3 t\u1ea1o th\u00e0nh m\u00e0u \u0111\u1ecf t\u01b0\u01a1i ch\u1ecbu nhi\u1ec7t, v\u1edbi cacbon \u0111en c\u00f3 th\u1ec3 k\u1ebft h\u1ee3p th\u00e0nh m\u00e0u c\u00e0 ph\u00ea.<\/li>\n<li>Trong s\u1eed d\u1ee5ng m\u1ef1c, l\u00e0 m\u1ed9t lo\u1ea1i b\u1ed9t m\u00e0u cam c\u00f3 hi\u1ec7u su\u1ea5t t\u01b0\u01a1ng t\u1ef1 nh\u01b0 m\u00e0u v\u00e0ng crom.<\/li>\n<\/ul>\n<p>&nbsp;<\/p>","protected":false},"excerpt":{"rendered":"<p>T\u00ean s\u1ea3n ph\u1ea9m: Molybdate Orange<\/p>\n<p>Ch\u1ec9 s\u1ed1 m\u00e0u: PR104<\/p>\n<p>Ch\u1ea5t trung gian: PbCrO4,PbMoO4,PbSO4<\/p>\n<p>S\u1ed0 CAS: 12656-85-8<\/p>","protected":false},"featured_media":3710,"template":"","meta":{"_acf_changed":false,"_gspb_post_css":""},"product_brand":[],"product_cat":[54],"product_tag":[],"class_list":{"0":"post-3707","1":"product","2":"type-product","3":"status-publish","4":"has-post-thumbnail","6":"product_cat-inorganic-pigments","8":"first","9":"instock","10":"shipping-taxable","11":"product-type-simple"},"acf":[],"_links":{"self":[{"href":"https:\/\/wpachem.com\/vi\/wp-json\/wp\/v2\/product\/3707","targetHints":{"allow":["GET"]}}],"collection":[{"href":"https:\/\/wpachem.com\/vi\/wp-json\/wp\/v2\/product"}],"about":[{"href":"https:\/\/wpachem.com\/vi\/wp-json\/wp\/v2\/types\/product"}],"version-history":[{"count":0,"href":"https:\/\/wpachem.com\/vi\/wp-json\/wp\/v2\/product\/3707\/revisions"}],"wp:featuredmedia":[{"embeddable":true,"href":"https:\/\/wpachem.com\/vi\/wp-json\/wp\/v2\/media\/3710"}],"wp:attachment":[{"href":"https:\/\/wpachem.com\/vi\/wp-json\/wp\/v2\/media?parent=3707"}],"wp:term":[{"taxonomy":"product_brand","embeddable":true,"href":"https:\/\/wpachem.com\/vi\/wp-json\/wp\/v2\/product_brand?post=3707"},{"taxonomy":"product_cat","embeddable":true,"href":"https:\/\/wpachem.com\/vi\/wp-json\/wp\/v2\/product_cat?post=3707"},{"taxonomy":"product_tag","embeddable":true,"href":"https:\/\/wpachem.com\/vi\/wp-json\/wp\/v2\/product_tag?post=3707"}],"curies":[{"name":"wp","href":"https:\/\/api.w.org\/{rel}","templated":true}]}}