{"id":3711,"date":"2023-04-10T06:04:18","date_gmt":"2023-04-10T06:04:18","guid":{"rendered":"http:\/\/site2.easyceotech.com\/?post_type=product&#038;p=3711"},"modified":"2024-03-12T07:23:15","modified_gmt":"2024-03-12T07:23:15","slug":"permanent-yellow-p-y-14","status":"publish","type":"product","link":"https:\/\/wpachem.com\/vi\/product\/permanent-yellow-p-y-14\/","title":{"rendered":"V\u00e0ng v\u0129nh c\u1eedu PY14"},"content":{"rendered":"<p><strong>\u0110\u1eb7c tr\u01b0ng:<\/strong><\/p>\n<p>M\u00e0u v\u00e0ng v\u0129nh c\u1eedu l\u00e0 b\u1ed9t m\u00e0u v\u00e0ng, tan trong butanol, toluen, kh\u00f4ng tan trong n\u01b0\u1edbc. M\u00e0u s\u1eafc t\u01b0\u01a1i s\u00e1ng, kh\u1ea3 n\u0103ng t\u1ea1o m\u00e0u m\u1ea1nh, ch\u1ecbu nhi\u1ec7t t\u1ed1t. M\u00e0u v\u00e0ng nh\u1ea1t xanh l\u1ee5c, m\u00e0u tinh khi\u1ebft, s\u1eafc t\u1ed1 azo \u0111\u00f4i, benzidine<\/p>\n<p>&nbsp;<\/p>\n<p><strong>\u1ee8ng d\u1ee5ng:<\/strong><\/p>\n<p>M\u00e0u v\u00e0ng v\u0129nh c\u1eedu ch\u1ee7 y\u1ebfu \u0111\u01b0\u1ee3c s\u1eed d\u1ee5ng \u0111\u1ec3 t\u1ea1o m\u00e0u cho c\u00e1c s\u1ea3n ph\u1ea9m nh\u1ef1a v\u00e0 cao su, nh\u01b0ng c\u0169ng th\u00edch h\u1ee3p cho da t\u1ed5ng h\u1ee3p polyurethane, m\u1ef1c in v\u00e0 s\u01a1n cao c\u1ea5p.<\/p>","protected":false},"excerpt":{"rendered":"<p>T\u00ean s\u1ea3n ph\u1ea9m: V\u00e0ng v\u0129nh c\u1eedu<\/p>\n<p>Ch\u1ec9 s\u1ed1 m\u00e0u: PY14<\/p>\n<p>Ngo\u1ea1i quan: B\u1ed9t m\u00e0u v\u00e0ng<\/p>","protected":false},"featured_media":3714,"template":"","meta":{"_acf_changed":false,"_gspb_post_css":""},"product_brand":[],"product_cat":[70],"product_tag":[],"class_list":{"0":"post-3711","1":"product","2":"type-product","3":"status-publish","4":"has-post-thumbnail","6":"product_cat-organic-pigment","8":"first","9":"instock","10":"shipping-taxable","11":"product-type-simple"},"acf":[],"_links":{"self":[{"href":"https:\/\/wpachem.com\/vi\/wp-json\/wp\/v2\/product\/3711","targetHints":{"allow":["GET"]}}],"collection":[{"href":"https:\/\/wpachem.com\/vi\/wp-json\/wp\/v2\/product"}],"about":[{"href":"https:\/\/wpachem.com\/vi\/wp-json\/wp\/v2\/types\/product"}],"version-history":[{"count":0,"href":"https:\/\/wpachem.com\/vi\/wp-json\/wp\/v2\/product\/3711\/revisions"}],"wp:featuredmedia":[{"embeddable":true,"href":"https:\/\/wpachem.com\/vi\/wp-json\/wp\/v2\/media\/3714"}],"wp:attachment":[{"href":"https:\/\/wpachem.com\/vi\/wp-json\/wp\/v2\/media?parent=3711"}],"wp:term":[{"taxonomy":"product_brand","embeddable":true,"href":"https:\/\/wpachem.com\/vi\/wp-json\/wp\/v2\/product_brand?post=3711"},{"taxonomy":"product_cat","embeddable":true,"href":"https:\/\/wpachem.com\/vi\/wp-json\/wp\/v2\/product_cat?post=3711"},{"taxonomy":"product_tag","embeddable":true,"href":"https:\/\/wpachem.com\/vi\/wp-json\/wp\/v2\/product_tag?post=3711"}],"curies":[{"name":"wp","href":"https:\/\/api.w.org\/{rel}","templated":true}]}}