{"id":3715,"date":"2023-04-10T07:45:36","date_gmt":"2023-04-10T07:45:36","guid":{"rendered":"http:\/\/site2.easyceotech.com\/?post_type=product&#038;p=3715"},"modified":"2024-03-12T07:23:15","modified_gmt":"2024-03-12T07:23:15","slug":"quinacridone-red-c-i-p-r-122","status":"publish","type":"product","link":"https:\/\/wpachem.com\/vi\/product\/quinacridone-red-c-i-p-r-122\/","title":{"rendered":"Quinacridone \u0110\u1ecf CIPR 122"},"content":{"rendered":"<p><strong>\u0110\u1eb7c tr\u01b0ng:<\/strong><\/p>\n<p>Quinacridone Red l\u00e0 b\u1ed9t m\u00e0u \u0111\u1ecf c\u00f3 m\u00e0u s\u00e1ng. C\u00f3 \u0111\u1ed9 b\u1ec1n tuy\u1ec7t v\u1eddi, kh\u1ea3 n\u0103ng ch\u1ed1ng dung m\u00f4i h\u1eefu c\u01a1 v\u00e0 nhi\u1ec7t cao. Kh\u00f4ng b\u1ecb di chuy\u1ec3n trong nhi\u1ec1u lo\u1ea1i nh\u1ef1a. \u0110\u1ed9 b\u1ec1n \u00e1nh s\u00e1ng tuy\u1ec7t v\u1eddi, do \u0111\u00f3, dung d\u1ecbch pha lo\u00e3ng cao kh\u00f4ng l\u00e0m gi\u1ea3m \u0111\u1ed9 b\u1ec1n d\u01b0\u1edbi \u00e1nh n\u1eafng m\u1eb7t tr\u1eddi.<\/p>\n<p>&nbsp;<\/p>\n<p><strong>\u1ee8ng d\u1ee5ng:<\/strong><\/p>\n<p>N\u00f3 ch\u1ee7 y\u1ebfu \u0111\u01b0\u1ee3c s\u1eed d\u1ee5ng \u0111\u1ec3 t\u1ea1o m\u00e0u cho nh\u1ef1a, s\u01a1n, nh\u1ef1a th\u00f4ng, in s\u01a1n, m\u1ef1c in, cao su v\u00e0 th\u1ee7y tinh h\u1eefu c\u01a1, v.v. N\u00f3 c\u0169ng c\u00f3 th\u1ec3 \u0111\u01b0\u1ee3c s\u1eed d\u1ee5ng \u0111\u1ec3 t\u1ea1o m\u00e0u cho b\u1ed9t gi\u1ea5y s\u1ee3i t\u1ed5ng h\u1ee3p.<\/p>","protected":false},"excerpt":{"rendered":"<p><strong>T\u00ean s\u1ea3n ph\u1ea9m:<\/strong> Quinacridone \u0110\u1ecf<\/p>\n<p><strong>Ch\u1ec9 s\u1ed1 m\u00e0u:<\/strong> CIPR 122<\/p>\n<p><strong>V\u1ebb b\u1ec1 ngo\u00e0i:<\/strong> B\u1ed9t \u0111\u1ecf<\/p>\n<p><strong>M\u1ee5c l\u1ee5c:<\/strong> C20H12N2O2<\/p>","protected":false},"featured_media":3701,"template":"","meta":{"_acf_changed":false,"_gspb_post_css":""},"product_brand":[],"product_cat":[70],"product_tag":[],"class_list":{"0":"post-3715","1":"product","2":"type-product","3":"status-publish","4":"has-post-thumbnail","6":"product_cat-organic-pigment","8":"first","9":"instock","10":"shipping-taxable","11":"product-type-simple"},"acf":[],"_links":{"self":[{"href":"https:\/\/wpachem.com\/vi\/wp-json\/wp\/v2\/product\/3715","targetHints":{"allow":["GET"]}}],"collection":[{"href":"https:\/\/wpachem.com\/vi\/wp-json\/wp\/v2\/product"}],"about":[{"href":"https:\/\/wpachem.com\/vi\/wp-json\/wp\/v2\/types\/product"}],"version-history":[{"count":0,"href":"https:\/\/wpachem.com\/vi\/wp-json\/wp\/v2\/product\/3715\/revisions"}],"wp:featuredmedia":[{"embeddable":true,"href":"https:\/\/wpachem.com\/vi\/wp-json\/wp\/v2\/media\/3701"}],"wp:attachment":[{"href":"https:\/\/wpachem.com\/vi\/wp-json\/wp\/v2\/media?parent=3715"}],"wp:term":[{"taxonomy":"product_brand","embeddable":true,"href":"https:\/\/wpachem.com\/vi\/wp-json\/wp\/v2\/product_brand?post=3715"},{"taxonomy":"product_cat","embeddable":true,"href":"https:\/\/wpachem.com\/vi\/wp-json\/wp\/v2\/product_cat?post=3715"},{"taxonomy":"product_tag","embeddable":true,"href":"https:\/\/wpachem.com\/vi\/wp-json\/wp\/v2\/product_tag?post=3715"}],"curies":[{"name":"wp","href":"https:\/\/api.w.org\/{rel}","templated":true}]}}