{"id":3718,"date":"2023-04-10T07:53:31","date_gmt":"2023-04-10T07:53:31","guid":{"rendered":"http:\/\/site2.easyceotech.com\/?post_type=product&#038;p=3718"},"modified":"2024-03-12T07:23:16","modified_gmt":"2024-03-12T07:23:16","slug":"pigment-red-13","status":"publish","type":"product","link":"https:\/\/wpachem.com\/vi\/product\/pigment-red-13\/","title":{"rendered":"S\u1eafc t\u1ed1 \u0111\u1ecf 13"},"content":{"rendered":"<p><strong>\u0110\u1eb7c tr\u01b0ng:<\/strong><\/p>\n<p>Pigment Red 13 l\u00e0 b\u1ed9t m\u00e0u h\u1ed3ng t\u00edm, c\u00f3 kh\u1ea3 n\u0103ng t\u1ea1o m\u00e0u v\u00e0 che ph\u1ee7 cao. Kh\u1ea3 n\u0103ng ch\u1ecbu \u00e1nh s\u00e1ng v\u00e0 nhi\u1ec7t tuy\u1ec7t v\u1eddi, \u1ed5n \u0111\u1ecbnh v\u1edbi dung m\u00f4i th\u00f4ng th\u01b0\u1eddng.<\/p>\n<p>&nbsp;<\/p>\n<p><strong>\u1ee8ng d\u1ee5ng:<\/strong><\/p>\n<p>B\u1ed9t m\u00e0u \u0111\u1ecf 13 ch\u1ee7 y\u1ebfu \u0111\u01b0\u1ee3c s\u1eed d\u1ee5ng trong s\u01a1n, v\u0103n ph\u00f2ng ph\u1ea9m, s\u01a1n, s\u01a1n phun, m\u00e0u n\u01b0\u1edbc ho\u1eb7c m\u00e0u d\u1ea7u.<\/p>","protected":false},"excerpt":{"rendered":"<p><strong>T\u00ean s\u1ea3n ph\u1ea9m:<\/strong> S\u1eafc t\u1ed1 \u0111\u1ecf 13<\/p>\n<p><strong>Ch\u1ec9 s\u1ed1 m\u00e0u:<\/strong> CIPR13<\/p>\n<p><strong>V\u1ebb b\u1ec1 ngo\u00e0i:<\/strong> B\u1ed9t m\u00e0u h\u1ed3ng t\u00edm<\/p>\n<p><strong>S\u1ed1 CAS:<\/strong> 6535-47-3<\/p>\n<p><strong>M\u1ee5c l\u1ee5c:<\/strong> C25H20N4O4<\/p>\n<p><strong>T\u00ean kh\u00e1c:<\/strong> Toluidine m\u00e0u h\u1ea1t d\u1ebb<\/p>","protected":false},"featured_media":3721,"template":"","meta":{"_acf_changed":false,"_gspb_post_css":""},"product_brand":[],"product_cat":[70],"product_tag":[],"class_list":{"0":"post-3718","1":"product","2":"type-product","3":"status-publish","4":"has-post-thumbnail","6":"product_cat-organic-pigment","8":"first","9":"instock","10":"shipping-taxable","11":"product-type-simple"},"acf":[],"_links":{"self":[{"href":"https:\/\/wpachem.com\/vi\/wp-json\/wp\/v2\/product\/3718","targetHints":{"allow":["GET"]}}],"collection":[{"href":"https:\/\/wpachem.com\/vi\/wp-json\/wp\/v2\/product"}],"about":[{"href":"https:\/\/wpachem.com\/vi\/wp-json\/wp\/v2\/types\/product"}],"version-history":[{"count":0,"href":"https:\/\/wpachem.com\/vi\/wp-json\/wp\/v2\/product\/3718\/revisions"}],"wp:featuredmedia":[{"embeddable":true,"href":"https:\/\/wpachem.com\/vi\/wp-json\/wp\/v2\/media\/3721"}],"wp:attachment":[{"href":"https:\/\/wpachem.com\/vi\/wp-json\/wp\/v2\/media?parent=3718"}],"wp:term":[{"taxonomy":"product_brand","embeddable":true,"href":"https:\/\/wpachem.com\/vi\/wp-json\/wp\/v2\/product_brand?post=3718"},{"taxonomy":"product_cat","embeddable":true,"href":"https:\/\/wpachem.com\/vi\/wp-json\/wp\/v2\/product_cat?post=3718"},{"taxonomy":"product_tag","embeddable":true,"href":"https:\/\/wpachem.com\/vi\/wp-json\/wp\/v2\/product_tag?post=3718"}],"curies":[{"name":"wp","href":"https:\/\/api.w.org\/{rel}","templated":true}]}}