{"id":3724,"date":"2023-04-10T08:01:41","date_gmt":"2023-04-10T08:01:41","guid":{"rendered":"http:\/\/site2.easyceotech.com\/?post_type=product&#038;p=3724"},"modified":"2024-03-12T07:21:55","modified_gmt":"2024-03-12T07:21:55","slug":"light-fast-scarlet-bbn","status":"publish","type":"product","link":"https:\/\/wpachem.com\/vi\/product\/light-fast-scarlet-bbn\/","title":{"rendered":"Light Fast Scarlet BBN"},"content":{"rendered":"<p><strong>\u0110\u1eb7c tr\u01b0ng:<\/strong><\/p>\n<p>Light Fast Scarlet BBN kh\u00f4ng tan trong n\u01b0\u1edbc v\u00e0 etanol, trong tr\u01b0\u1eddng h\u1ee3p axit sunfuric \u0111\u1eadm \u0111\u1eb7c cho k\u1ebft t\u1ee7a m\u00e0u \u0111\u1ecf t\u00edm, pha lo\u00e3ng k\u1ebft t\u1ee7a m\u00e0u \u0111\u1ecf xanh, trong tr\u01b0\u1eddng h\u1ee3p axit nitric \u0111\u1eadm \u0111\u1eb7c cho k\u1ebft t\u1ee7a m\u00e0u n\u00e2u \u0111\u1ecf nh\u1ea1t<\/p>\n<p>&nbsp;<\/p>\n<p><strong>\u1ee8ng d\u1ee5ng:<\/strong><\/p>\n<p>Ch\u1ee7 y\u1ebfu \u0111\u01b0\u1ee3c s\u1eed d\u1ee5ng cho h\u1ea1t m\u00e0u, m\u00e0u nh\u1ef1a, PVC c\u1ee9ng\/m\u1ec1m, da nh\u00e2n t\u1ea1o PVC, m\u1ef1c, cao su, g\u0103ng tay cao su, s\u01a1n v\u00e0 t\u00f4 m\u00e0u \u0111\u1ed3 d\u00f9ng v\u0103n h\u00f3a v\u00e0 gi\u00e1o d\u1ee5c<\/p>","protected":false},"excerpt":{"rendered":"<p><strong>T\u00ean s\u1ea3n ph\u1ea9m:<\/strong> Light Fast Scarlet BBN<\/p>\n<p><strong>Ch\u1ec9 s\u1ed1 m\u00e0u:<\/strong> CIPR48:1<\/p>\n<p><strong>V\u1ebb b\u1ec1 ngo\u00e0i:<\/strong> B\u1ed9t m\u00e0u \u0111\u1ecf t\u01b0\u01a1i<\/p>\n<p><strong>T\u00ean kh\u00e1c:<\/strong> 3118 BBN, 3133 2BN, BBN-P<\/p>","protected":false},"featured_media":3722,"template":"","meta":{"_acf_changed":false,"_gspb_post_css":""},"product_brand":[],"product_cat":[24],"product_tag":[],"class_list":{"0":"post-3724","1":"product","2":"type-product","3":"status-publish","4":"has-post-thumbnail","6":"product_cat-uncategorized","8":"first","9":"instock","10":"shipping-taxable","11":"product-type-simple"},"acf":[],"_links":{"self":[{"href":"https:\/\/wpachem.com\/vi\/wp-json\/wp\/v2\/product\/3724","targetHints":{"allow":["GET"]}}],"collection":[{"href":"https:\/\/wpachem.com\/vi\/wp-json\/wp\/v2\/product"}],"about":[{"href":"https:\/\/wpachem.com\/vi\/wp-json\/wp\/v2\/types\/product"}],"version-history":[{"count":0,"href":"https:\/\/wpachem.com\/vi\/wp-json\/wp\/v2\/product\/3724\/revisions"}],"wp:featuredmedia":[{"embeddable":true,"href":"https:\/\/wpachem.com\/vi\/wp-json\/wp\/v2\/media\/3722"}],"wp:attachment":[{"href":"https:\/\/wpachem.com\/vi\/wp-json\/wp\/v2\/media?parent=3724"}],"wp:term":[{"taxonomy":"product_brand","embeddable":true,"href":"https:\/\/wpachem.com\/vi\/wp-json\/wp\/v2\/product_brand?post=3724"},{"taxonomy":"product_cat","embeddable":true,"href":"https:\/\/wpachem.com\/vi\/wp-json\/wp\/v2\/product_cat?post=3724"},{"taxonomy":"product_tag","embeddable":true,"href":"https:\/\/wpachem.com\/vi\/wp-json\/wp\/v2\/product_tag?post=3724"}],"curies":[{"name":"wp","href":"https:\/\/api.w.org\/{rel}","templated":true}]}}