{"id":3731,"date":"2023-04-10T08:21:51","date_gmt":"2023-04-10T08:21:51","guid":{"rendered":"http:\/\/site2.easyceotech.com\/?post_type=product&#038;p=3731"},"modified":"2024-03-12T07:21:46","modified_gmt":"2024-03-12T07:21:46","slug":"pigment-violet-19","status":"publish","type":"product","link":"https:\/\/wpachem.com\/vi\/product\/pigment-violet-19\/","title":{"rendered":"S\u1eafc t\u1ed1 m\u00e0u t\u00edm 19"},"content":{"rendered":"<p><strong>\u0110\u1eb7c tr\u01b0ng:<\/strong><\/p>\n<p>S\u1eafc t\u1ed1 Violet 19 (S\u1eafc t\u1ed1 Violet 19) l\u00e0 s\u1eafc t\u1ed1 quinacridone m\u00e0u t\u00edm c\u00f3 m\u00e0u r\u1ea5t s\u00e1ng, c\u00f3 th\u1ec3 chia th\u00e0nh lo\u1ea1i \u03b2 v\u00e0 lo\u1ea1i \u03b3 theo lo\u1ea1i tinh th\u1ec3 c\u1ee7a n\u00f3. S\u1eafc t\u1ed1 \u03b2-quinacridone t\u1ea1o ra m\u00e0u t\u00edm \u0111\u1ecf, t\u01b0\u01a1ng t\u1ef1 nh\u01b0 \u00e1nh s\u00e1ng m\u00e0u c\u1ee7a \u0111\u1ecf tetrachlorothioindigo (s\u1eafc t\u1ed1 \u0111\u1ecf 88), v\u00e0 c\u00f3 kh\u1ea3 n\u0103ng ch\u1ed1ng s\u00e1ng v\u00e0 \u0111\u1ed9 \u1ed5n \u0111\u1ecbnh ch\u1ecbu nhi\u1ec7t tuy\u1ec7t v\u1eddi. \u0110\u1ed1i v\u1edbi l\u1edbp ph\u1ee7 c\u00f4ng nghi\u1ec7p cao c\u1ea5p, c\u00f3 th\u1ec3 s\u1eed d\u1ee5ng v\u1edbi c\u00e1c s\u1eafc t\u1ed1 v\u00f4 c\u01a1 nh\u01b0 \u0111\u1ecf oxit s\u1eaft, \u0111\u1ecf molypden v\u00e0 c\u00e1c m\u00e0u kh\u00e1c, lo\u1ea1i trong su\u1ed1t c\u00f3 th\u1ec3 s\u1eed d\u1ee5ng cho s\u01a1n trang tr\u00ed kim lo\u1ea1i; C\u0169ng c\u00f3 th\u1ec3 s\u1eed d\u1ee5ng cho nh\u1ef1a nh\u01b0 PVC v\u00e0 m\u00e0u PUR.<\/p>\n<p>S\u1eafc t\u1ed1 quinacridone lo\u1ea1i Y c\u00f3 m\u00e0u v\u00e0ng \u0111\u1eadm h\u01a1n lo\u1ea1i \u03b2, \u0111\u1ed9 b\u1ec1n \u00e1nh s\u00e1ng c\u1ee7a lo\u1ea1i Y v\u1edbi c\u00e1c h\u1ea1t m\u1ecbn th\u1ea5p h\u01a1n m\u1ed9t ch\u00fat so v\u1edbi lo\u1ea1i \u03b2, nh\u01b0ng c\u00f3 \u0111\u1ed9 trong su\u1ed1t cao h\u01a1n. K\u00edch th\u01b0\u1edbc h\u1ea1t th\u00f4 c\u1ee7a lo\u1ea1i \u03b3 c\u00f3 kh\u1ea3 n\u0103ng ch\u1ed1ng s\u00e1ng tuy\u1ec7t v\u1eddi, th\u00edch h\u1ee3p \u0111\u1ec3 t\u1ea1o m\u00e0u s\u01a1n ngo\u00e0i tr\u1eddi; C\u00f3 th\u1ec3 s\u1eed d\u1ee5ng cho m\u1ef1c in trang tr\u00ed kim lo\u1ea1i cao c\u1ea5p v\u00e0 s\u1eafc t\u1ed1 \u0111\u1ecf 122 c\u00f3 th\u1ec3 \u0111\u01b0\u1ee3c \u0111\u00e1nh v\u1ea7n g\u1ea7n v\u1edbi t\u00f4ng m\u00e0u \u0111\u1ecf t\u01b0\u01a1i ti\u00eau chu\u1ea9n, \u0111\u01b0\u1ee3c s\u1eed d\u1ee5ng \u0111\u1ec3 c\u00e1n m\u00e0ng nh\u1ef1a v\u00e0 t\u1ea1o m\u00e0u b\u1ed9t gi\u1ea5y PP<\/p>\n<p>&nbsp;<\/p>\n<p><strong>\u1ee8ng d\u1ee5ng:<\/strong><\/p>\n<p>Th\u00edch h\u1ee3p cho s\u01a1n, m\u1ef1c, nh\u1ef1a cao c\u1ea5p, s\u1ea3n ph\u1ea9m nh\u1ef1a m\u1ec1m, v.v.<\/p>","protected":false},"excerpt":{"rendered":"<p><strong>T\u00ean s\u1ea3n ph\u1ea9m:<\/strong> S\u1eafc t\u1ed1 m\u00e0u t\u00edm 19<\/p>\n<p><strong>Ch\u1ec9 s\u1ed1 m\u00e0u:<\/strong> CIPV19<\/p>\n<p><strong>S\u1ed1 CAS:<\/strong>1047-16-1<\/p>\n<p><strong>V\u1ebb b\u1ec1 ngo\u00e0i:<\/strong> B\u1ed9t m\u00e0u t\u00edm s\u00e1ng<\/p>","protected":false},"featured_media":3734,"template":"","meta":{"_acf_changed":false,"_gspb_post_css":""},"product_brand":[],"product_cat":[70],"product_tag":[],"class_list":{"0":"post-3731","1":"product","2":"type-product","3":"status-publish","4":"has-post-thumbnail","6":"product_cat-organic-pigment","8":"first","9":"instock","10":"shipping-taxable","11":"product-type-simple"},"acf":[],"_links":{"self":[{"href":"https:\/\/wpachem.com\/vi\/wp-json\/wp\/v2\/product\/3731","targetHints":{"allow":["GET"]}}],"collection":[{"href":"https:\/\/wpachem.com\/vi\/wp-json\/wp\/v2\/product"}],"about":[{"href":"https:\/\/wpachem.com\/vi\/wp-json\/wp\/v2\/types\/product"}],"version-history":[{"count":0,"href":"https:\/\/wpachem.com\/vi\/wp-json\/wp\/v2\/product\/3731\/revisions"}],"wp:featuredmedia":[{"embeddable":true,"href":"https:\/\/wpachem.com\/vi\/wp-json\/wp\/v2\/media\/3734"}],"wp:attachment":[{"href":"https:\/\/wpachem.com\/vi\/wp-json\/wp\/v2\/media?parent=3731"}],"wp:term":[{"taxonomy":"product_brand","embeddable":true,"href":"https:\/\/wpachem.com\/vi\/wp-json\/wp\/v2\/product_brand?post=3731"},{"taxonomy":"product_cat","embeddable":true,"href":"https:\/\/wpachem.com\/vi\/wp-json\/wp\/v2\/product_cat?post=3731"},{"taxonomy":"product_tag","embeddable":true,"href":"https:\/\/wpachem.com\/vi\/wp-json\/wp\/v2\/product_tag?post=3731"}],"curies":[{"name":"wp","href":"https:\/\/api.w.org\/{rel}","templated":true}]}}