{"id":3735,"date":"2023-04-10T09:07:05","date_gmt":"2023-04-10T09:07:05","guid":{"rendered":"http:\/\/site2.easyceotech.com\/?post_type=product&#038;p=3735"},"modified":"2024-03-12T07:21:12","modified_gmt":"2024-03-12T07:21:12","slug":"bismuth-yellow-p-y-184","status":"publish","type":"product","link":"https:\/\/wpachem.com\/vi\/product\/bismuth-yellow-p-y-184\/","title":{"rendered":"Bismuth V\u00e0ng PY184"},"content":{"rendered":"<p><strong>\u0110\u1eb7c tr\u01b0ng:<\/strong><\/p>\n<p>1, Kh\u1ea3 n\u0103ng che ph\u1ee7 v\u00e0 c\u00e1c s\u1eafc t\u1ed1 h\u1eefu c\u01a1 c\u1ee7a Bismuth Yellow khi k\u1ebft h\u1ee3p v\u1edbi nhau c\u00f3 th\u1ec3 t\u1ea1o ra \u0111\u1ed9 b\u00f3ng r\u1ea5t s\u00e1ng, t\u00f4ng m\u00e0u cao v\u00e0 kh\u1ea3 n\u0103ng che ph\u1ee7 m\u1ea1nh.<br \/>\n2. Bismuth v\u00e0ng l\u00e0 m\u1ed9t lo\u1ea1i b\u1ed9t m\u00e0u tuy\u1ec7t v\u1eddi c\u00f3 kh\u1ea3 n\u0103ng ch\u1ed1ng ch\u1ecbu th\u1eddi ti\u1ebft cao. Kh\u1ea3 n\u0103ng ch\u1ed1ng dung m\u00f4i, axit v\u00e0 ki\u1ec1m r\u1ea5t t\u1ed1t, t\u1ef7 l\u1ec7 m\u1ea5t m\u00e0u do ti\u1ebfp x\u00fac v\u1edbi \u00e1nh n\u1eafng m\u1eb7t tr\u1eddi c\u0169ng r\u1ea5t th\u1ea5p.<br \/>\n3, T\u00ednh ph\u00e2n t\u00e1n c\u00f3 hi\u1ec7u su\u1ea5t ph\u00e2n t\u00e1n tuy\u1ec7t v\u1eddi, cho d\u00f9 s\u1eed d\u1ee5ng trong s\u01a1n g\u1ed1c n\u01b0\u1edbc, s\u01a1n b\u1ed9t, s\u01a1n g\u1ed1c d\u1ea7u hay m\u1ef1c, \u0111\u1ec1u c\u00f3 th\u1ec3 ph\u00e2n t\u00e1n r\u1ea5t t\u1ed1t.<br \/>\n4. M\u00e0u v\u00e0ng t\u01b0\u01a1i, \u0111\u1ed9 s\u00e1ng g\u1ea7n gi\u1ed1ng v\u1edbi b\u1ed9t m\u00e0u h\u1eefu c\u01a1 m\u00e0u v\u00e0ng hi\u1ec7u su\u1ea5t cao.<\/p>\n<p>&nbsp;<\/p>\n<p><strong>\u1ee8ng d\u1ee5ng:<\/strong><\/p>\n<p>Bismuth Yellow c\u00f3 th\u1ec3 \u0111\u01b0\u1ee3c s\u1eed d\u1ee5ng trong s\u01a1n \u00f4 t\u00f4, s\u01a1n nh\u00f4m, s\u01a1n t\u0129nh \u0111i\u1ec7n, s\u01a1n ph\u1ee7 t\u00f2a nh\u00e0, s\u01a1n ph\u1ee7 fluorocarbon, s\u01a1n ph\u1ee7 cu\u1ed9n, b\u1ed9t m\u00e0u, nylon, v.v.<\/p>","protected":false},"excerpt":{"rendered":"<p><strong>T\u00ean s\u1ea3n ph\u1ea9m:<\/strong>\u00a0 Bismuth V\u00e0ng<\/p>\n<p><strong>Ch\u1ec9 s\u1ed1 m\u00e0u:<\/strong> PY184<\/p>\n<p><strong>V\u1ebb b\u1ec1 ngo\u00e0i:<\/strong> B\u1ed9t m\u00e0u v\u00e0ng<\/p>\n<p><strong>N\u1ed9i dung ch\u00ednh:<\/strong> Bi-V<\/p>","protected":false},"featured_media":3704,"template":"","meta":{"_acf_changed":false,"_gspb_post_css":""},"product_brand":[],"product_cat":[54],"product_tag":[],"class_list":{"0":"post-3735","1":"product","2":"type-product","3":"status-publish","4":"has-post-thumbnail","6":"product_cat-inorganic-pigments","8":"first","9":"instock","10":"shipping-taxable","11":"product-type-simple"},"acf":[],"_links":{"self":[{"href":"https:\/\/wpachem.com\/vi\/wp-json\/wp\/v2\/product\/3735","targetHints":{"allow":["GET"]}}],"collection":[{"href":"https:\/\/wpachem.com\/vi\/wp-json\/wp\/v2\/product"}],"about":[{"href":"https:\/\/wpachem.com\/vi\/wp-json\/wp\/v2\/types\/product"}],"version-history":[{"count":0,"href":"https:\/\/wpachem.com\/vi\/wp-json\/wp\/v2\/product\/3735\/revisions"}],"wp:featuredmedia":[{"embeddable":true,"href":"https:\/\/wpachem.com\/vi\/wp-json\/wp\/v2\/media\/3704"}],"wp:attachment":[{"href":"https:\/\/wpachem.com\/vi\/wp-json\/wp\/v2\/media?parent=3735"}],"wp:term":[{"taxonomy":"product_brand","embeddable":true,"href":"https:\/\/wpachem.com\/vi\/wp-json\/wp\/v2\/product_brand?post=3735"},{"taxonomy":"product_cat","embeddable":true,"href":"https:\/\/wpachem.com\/vi\/wp-json\/wp\/v2\/product_cat?post=3735"},{"taxonomy":"product_tag","embeddable":true,"href":"https:\/\/wpachem.com\/vi\/wp-json\/wp\/v2\/product_tag?post=3735"}],"curies":[{"name":"wp","href":"https:\/\/api.w.org\/{rel}","templated":true}]}}