{"id":3738,"date":"2023-04-10T09:18:02","date_gmt":"2023-04-10T09:18:02","guid":{"rendered":"http:\/\/site2.easyceotech.com\/?post_type=product&#038;p=3738"},"modified":"2024-03-12T07:21:05","modified_gmt":"2024-03-12T07:21:05","slug":"fe-cr-brown","status":"publish","type":"product","link":"https:\/\/wpachem.com\/vi\/product\/fe-cr-brown\/","title":{"rendered":"Fe-Cr N\u00e2u"},"content":{"rendered":"<p><strong>\u0110\u1eb7c tr\u01b0ng:<\/strong><\/p>\n<p>Fe-Cr n\u00e2u l\u00e0 m\u1ed9t lo\u1ea1i b\u1ed9t m\u00e0u v\u00f4 c\u01a1 c\u00f3 t\u00f4ng m\u00e0u n\u00e2u h\u01a1i \u0111\u1ecf, c\u00f3 kh\u1ea3 n\u0103ng ch\u1ed1ng ch\u1ecbu t\u1ed1t v\u1edbi \u00e1nh s\u00e1ng, axit, ki\u1ec1m v\u00e0 th\u1eddi ti\u1ebft. V\u1edbi \u0111\u1eb7c t\u00ednh ch\u1ed1ng IR, n\u00f3 c\u00f3 hi\u1ec7u qu\u1ea3 v\u1ec1 m\u1eb7t chi ph\u00ed, c\u00f3 kh\u1ea3 n\u0103ng ch\u1ed1ng ch\u1ecbu t\u1ed1t v\u1edbi \u00e1nh s\u00e1ng, axit, ki\u1ec1m v\u00e0 th\u1eddi ti\u1ebft.<\/p>\n<p>&nbsp;<\/p>\n<p><strong>\u1ee8ng d\u1ee5ng:<\/strong><\/p>\n<p>Fe-Cr Brown c\u00f3 th\u1ec3 \u0111\u01b0\u1ee3c s\u1eed d\u1ee5ng trong l\u1edbp ph\u1ee7 c\u00e1ch nhi\u1ec7t c\u1ee7a t\u00f2a nh\u00e0, l\u1edbp ph\u1ee7 silicon v\u00f4 c\u01a1 ch\u1ecbu nhi\u1ec7t \u0111\u1ed9 cao, v.v.<\/p>","protected":false},"excerpt":{"rendered":"<p><strong>T\u00ean s\u1ea3n ph\u1ea9m:<\/strong> Fe-Cr n\u00e2u<\/p>\n<p><strong>Ch\u1ec9 s\u1ed1 m\u00e0u:<\/strong> CI 77500<\/p>\n<p><strong>Th\u00e0nh ph\u1ea7n ch\u00ednh:<\/strong> Fe-Cr<\/p>","protected":false},"featured_media":3703,"template":"","meta":{"_acf_changed":false,"_gspb_post_css":""},"product_brand":[],"product_cat":[54],"product_tag":[],"class_list":{"0":"post-3738","1":"product","2":"type-product","3":"status-publish","4":"has-post-thumbnail","6":"product_cat-inorganic-pigments","8":"first","9":"instock","10":"shipping-taxable","11":"product-type-simple"},"acf":[],"_links":{"self":[{"href":"https:\/\/wpachem.com\/vi\/wp-json\/wp\/v2\/product\/3738","targetHints":{"allow":["GET"]}}],"collection":[{"href":"https:\/\/wpachem.com\/vi\/wp-json\/wp\/v2\/product"}],"about":[{"href":"https:\/\/wpachem.com\/vi\/wp-json\/wp\/v2\/types\/product"}],"version-history":[{"count":0,"href":"https:\/\/wpachem.com\/vi\/wp-json\/wp\/v2\/product\/3738\/revisions"}],"wp:featuredmedia":[{"embeddable":true,"href":"https:\/\/wpachem.com\/vi\/wp-json\/wp\/v2\/media\/3703"}],"wp:attachment":[{"href":"https:\/\/wpachem.com\/vi\/wp-json\/wp\/v2\/media?parent=3738"}],"wp:term":[{"taxonomy":"product_brand","embeddable":true,"href":"https:\/\/wpachem.com\/vi\/wp-json\/wp\/v2\/product_brand?post=3738"},{"taxonomy":"product_cat","embeddable":true,"href":"https:\/\/wpachem.com\/vi\/wp-json\/wp\/v2\/product_cat?post=3738"},{"taxonomy":"product_tag","embeddable":true,"href":"https:\/\/wpachem.com\/vi\/wp-json\/wp\/v2\/product_tag?post=3738"}],"curies":[{"name":"wp","href":"https:\/\/api.w.org\/{rel}","templated":true}]}}