{"id":3741,"date":"2023-04-10T09:26:42","date_gmt":"2023-04-10T09:26:42","guid":{"rendered":"http:\/\/site2.easyceotech.com\/?post_type=product&#038;p=3741"},"modified":"2024-03-12T07:21:00","modified_gmt":"2024-03-12T07:21:00","slug":"pigment-brown-24-chrome-antimony-titanium-buff-rutile","status":"publish","type":"product","link":"https:\/\/wpachem.com\/vi\/product\/pigment-brown-24-chrome-antimony-titanium-buff-rutile\/","title":{"rendered":"S\u1eafc t\u1ed1 n\u00e2u 24 (Chrome Antimony Titanium Buff Rutile)"},"content":{"rendered":"<p><strong>\u0110\u1eb7c tr\u01b0ng:<\/strong><\/p>\n<p>Pigment Brown 24 (Chrome Antimony Titanium Buff Rutile), c\u00f2n g\u1ecdi l\u00e0 Ti-Cr Brown, c\u00f3 kh\u1ea3 n\u0103ng ph\u00e2n t\u00e1n tuy\u1ec7t v\u1eddi, kh\u1ea3 n\u0103ng che ph\u1ee7 t\u1ed1t v\u00e0 kh\u1ea3 n\u0103ng ch\u1ed1ng ch\u1ecbu t\u1ed1t v\u1edbi \u00e1nh s\u00e1ng, nhi\u1ec7t, h\u00f3a ch\u1ea5t v\u00e0 th\u1eddi ti\u1ebft, kh\u00f4ng b\u1ecb loang hay di chuy\u1ec3n.<\/p>\n<p>&nbsp;<\/p>\n<p><strong>\u1ee8ng d\u1ee5ng:<\/strong><\/p>\n<p>Pigment Brown 24 (Chrome Antimony Titanium Buff Rutile), c\u00f3 th\u1ec3 s\u1eed d\u1ee5ng trong t\u01b0\u1eddng ngo\u00e0i, fluorocarbon, m\u00e1y m\u00f3c x\u00e2y d\u1ef1ng, \u00f4 t\u00f4, v\u1ea1ch \u0111\u01b0\u1eddng, b\u00edch h\u1ecda \u0111\u00e1, b\u1ea3n v\u1ebd v\u00e0 b\u1ed9t, nh\u1ef1a th\u00f4ng th\u01b0\u1eddng, nh\u1ef1a k\u1ef9 thu\u1eadt, nh\u1ef1a \u0111\u1eb7c bi\u1ec7t v\u00e0 masterbatch. Trong th\u1ee7y tinh, men gia d\u1ee5ng, m\u1ef1c v\u00e0 c\u00e1t.<\/p>","protected":false},"excerpt":{"rendered":"<p><strong>T\u00ean s\u1ea3n ph\u1ea9m:<\/strong>\u00a0 S\u1eafc t\u1ed1 N\u00e2u 24<\/p>\n<p><strong>T\u00ean kh\u00e1c:<\/strong> Ti-Cr-Sb, Chrome Antimony Titanium Buff Rutile<\/p>\n<p><strong>Th\u00e0nh ph\u1ea7n ch\u00ednh:<\/strong> Ti-Cr-Sb<\/p>\n<p><strong>S\u1ed0 CAS:<\/strong> 68186-90-3<\/p>\n<p><strong>V\u1ebb b\u1ec1 ngo\u00e0i:<\/strong> B\u1ed9t m\u00e0u v\u00e0ng n\u00e2u<\/p>","protected":false},"featured_media":3744,"template":"","meta":{"_acf_changed":false,"_gspb_post_css":""},"product_brand":[],"product_cat":[54],"product_tag":[],"class_list":{"0":"post-3741","1":"product","2":"type-product","3":"status-publish","4":"has-post-thumbnail","6":"product_cat-inorganic-pigments","8":"first","9":"instock","10":"shipping-taxable","11":"product-type-simple"},"acf":[],"_links":{"self":[{"href":"https:\/\/wpachem.com\/vi\/wp-json\/wp\/v2\/product\/3741","targetHints":{"allow":["GET"]}}],"collection":[{"href":"https:\/\/wpachem.com\/vi\/wp-json\/wp\/v2\/product"}],"about":[{"href":"https:\/\/wpachem.com\/vi\/wp-json\/wp\/v2\/types\/product"}],"version-history":[{"count":0,"href":"https:\/\/wpachem.com\/vi\/wp-json\/wp\/v2\/product\/3741\/revisions"}],"wp:featuredmedia":[{"embeddable":true,"href":"https:\/\/wpachem.com\/vi\/wp-json\/wp\/v2\/media\/3744"}],"wp:attachment":[{"href":"https:\/\/wpachem.com\/vi\/wp-json\/wp\/v2\/media?parent=3741"}],"wp:term":[{"taxonomy":"product_brand","embeddable":true,"href":"https:\/\/wpachem.com\/vi\/wp-json\/wp\/v2\/product_brand?post=3741"},{"taxonomy":"product_cat","embeddable":true,"href":"https:\/\/wpachem.com\/vi\/wp-json\/wp\/v2\/product_cat?post=3741"},{"taxonomy":"product_tag","embeddable":true,"href":"https:\/\/wpachem.com\/vi\/wp-json\/wp\/v2\/product_tag?post=3741"}],"curies":[{"name":"wp","href":"https:\/\/api.w.org\/{rel}","templated":true}]}}