{"id":3745,"date":"2023-04-10T09:35:47","date_gmt":"2023-04-10T09:35:47","guid":{"rendered":"http:\/\/site2.easyceotech.com\/?post_type=product&#038;p=3745"},"modified":"2024-04-07T08:32:01","modified_gmt":"2024-04-07T08:32:01","slug":"cobalt-blue","status":"publish","type":"product","link":"https:\/\/wpachem.com\/vi\/product\/cobalt-blue\/","title":{"rendered":"M\u00e0u xanh coban"},"content":{"rendered":"<p><strong>\u0110\u1eb7c tr\u01b0ng:<\/strong><\/p>\n<p>M\u00e0u xanh coban k\u1ebft h\u1ee3p c\u00e1c \u0111\u1eb7c t\u00ednh tuy\u1ec7t v\u1eddi nh\u01b0 kh\u1ea3 n\u0103ng ch\u1ecbu nhi\u1ec7t t\u1ed1t, ch\u1ed1ng ch\u1ecbu th\u1eddi ti\u1ebft, ch\u1ed1ng axit v\u00e0 ki\u1ec1m, ch\u1ed1ng ph\u1ea5n h\u00f3a, kh\u00f4ng ch\u1ea3y m\u00e0u, kh\u00f4ng di chuy\u1ec3n, th\u00e2n thi\u1ec7n v\u1edbi m\u00f4i tr\u01b0\u1eddng, kh\u00f4ng \u0111\u1ed9c h\u1ea1i, c\u00f3 kh\u1ea3 n\u0103ng che ph\u1ee7 cao v\u00e0 d\u1ec5 ph\u00e2n t\u00e1n. M\u00e0u s\u1eafc tinh khi\u1ebft, s\u1ed1ng \u0111\u1ed9ng v\u00e0 b\u00e3o h\u00f2a, v\u1edbi t\u00f4ng m\u00e0u \u0111\u1ecf t\u01b0\u01a1i. V\u1edbi \u0111\u1eb7c t\u00ednh ch\u1ed1ng tia h\u1ed3ng ngo\u1ea1i, c\u00f3 th\u1ec3 s\u1eed d\u1ee5ng l\u00e0m l\u1edbp ph\u1ee7 ch\u1ed1ng h\u00e0ng gi\u1ea3 cho qu\u00e2n \u0111\u1ed9i, l\u1edbp ph\u1ee7 c\u00e1ch nhi\u1ec7t m\u00e1i nh\u00e0. B\u1eb1ng c\u00e1ch th\u00eam Zn, Cr v\u00e0 c\u00e1c nguy\u00ean t\u1ed1 kh\u00e1c, m\u00e0u xanh Co-Al c\u00f3 th\u1ec3 \u0111\u1ea1t \u0111\u01b0\u1ee3c m\u00e0u s\u1eafc m\u1edbi nh\u01b0 m\u00e0u xanh chim c\u00f4ng.<\/p>\n<p>&nbsp;<\/p>\n<p><strong>\u1ee8ng d\u1ee5ng:<\/strong><\/p>\n<p>M\u00e0u xanh coban c\u1ee7a ch\u00fang t\u00f4i c\u00f3 th\u1ec3 \u0111\u01b0\u1ee3c s\u1eed d\u1ee5ng trong g\u1ed1m s\u1ee9 v\u00e0 men m\u00e0u, s\u01a1n ph\u1ee7 cu\u1ed9n, s\u01a1n ph\u1ee7 ch\u1ecbu nhi\u1ec7t, nh\u1ef1a k\u1ef9 thu\u1eadt, nh\u1ef1a flo, \u0111\u1ed3 ch\u01a1i b\u1eb1ng nh\u1ef1a v\u00e0 tranh ngh\u1ec7 thu\u1eadt, v.v.<\/p>\n<p>&nbsp;<\/p>","protected":false},"excerpt":{"rendered":"<p><strong>T\u00ean s\u1ea3n ph\u1ea9m:<\/strong> M\u00e0u xanh coban<\/p>\n<p><strong>T\u00ean kh\u00e1c:<\/strong> Coban Nh\u00f4m Oxit<\/p>\n<p><strong>S\u1ed1 CAS:<\/strong> 1333-88-6MF: Al2CoO4<\/p>\n<p><strong>V\u1ebb b\u1ec1 ngo\u00e0i:<\/strong> B\u1ed9t m\u00e0u xanh<\/p>","protected":false},"featured_media":3748,"template":"","meta":{"_acf_changed":false,"_gspb_post_css":""},"product_brand":[],"product_cat":[54],"product_tag":[],"class_list":{"0":"post-3745","1":"product","2":"type-product","3":"status-publish","4":"has-post-thumbnail","6":"product_cat-inorganic-pigments","8":"first","9":"instock","10":"shipping-taxable","11":"product-type-simple"},"acf":[],"_links":{"self":[{"href":"https:\/\/wpachem.com\/vi\/wp-json\/wp\/v2\/product\/3745","targetHints":{"allow":["GET"]}}],"collection":[{"href":"https:\/\/wpachem.com\/vi\/wp-json\/wp\/v2\/product"}],"about":[{"href":"https:\/\/wpachem.com\/vi\/wp-json\/wp\/v2\/types\/product"}],"version-history":[{"count":0,"href":"https:\/\/wpachem.com\/vi\/wp-json\/wp\/v2\/product\/3745\/revisions"}],"wp:featuredmedia":[{"embeddable":true,"href":"https:\/\/wpachem.com\/vi\/wp-json\/wp\/v2\/media\/3748"}],"wp:attachment":[{"href":"https:\/\/wpachem.com\/vi\/wp-json\/wp\/v2\/media?parent=3745"}],"wp:term":[{"taxonomy":"product_brand","embeddable":true,"href":"https:\/\/wpachem.com\/vi\/wp-json\/wp\/v2\/product_brand?post=3745"},{"taxonomy":"product_cat","embeddable":true,"href":"https:\/\/wpachem.com\/vi\/wp-json\/wp\/v2\/product_cat?post=3745"},{"taxonomy":"product_tag","embeddable":true,"href":"https:\/\/wpachem.com\/vi\/wp-json\/wp\/v2\/product_tag?post=3745"}],"curies":[{"name":"wp","href":"https:\/\/api.w.org\/{rel}","templated":true}]}}