{"id":3749,"date":"2023-04-10T09:41:57","date_gmt":"2023-04-10T09:41:57","guid":{"rendered":"http:\/\/site2.easyceotech.com\/?post_type=product&#038;p=3749"},"modified":"2024-03-12T07:20:22","modified_gmt":"2024-03-12T07:20:22","slug":"pigment-yellow-53","status":"publish","type":"product","link":"https:\/\/wpachem.com\/vi\/product\/pigment-yellow-53\/","title":{"rendered":"S\u1eafc t\u1ed1 v\u00e0ng 53"},"content":{"rendered":"<p><strong>\u0110\u1eb7c tr\u01b0ng:<\/strong><\/p>\n<p>Pigment Yellow 53 (Ni-Ti Yellow, Nickel Antimony Titanium Yellow Rutile) c\u00f3 kh\u1ea3 n\u0103ng ch\u1ecbu nhi\u1ec7t t\u1ed1t, ch\u1ecbu \u0111\u01b0\u1ee3c kh\u00ed h\u1eadu, ch\u1ecbu \u0111\u01b0\u1ee3c axit v\u00e0 ki\u1ec1m, ch\u1ed1ng ph\u1ea5n h\u00f3a, kh\u00f4ng ch\u1ea3y m\u00e0u, kh\u00f4ng di chuy\u1ec3n, th\u00e2n thi\u1ec7n v\u1edbi m\u00f4i tr\u01b0\u1eddng, kh\u00f4ng \u0111\u1ed9c h\u1ea1i, c\u00f3 kh\u1ea3 n\u0103ng che ph\u1ee7 cao v\u00e0 d\u1ec5 ph\u00e2n t\u00e1n.<\/p>\n<p>&nbsp;<\/p>\n<p><strong>\u1ee8ng d\u1ee5ng:<\/strong><\/p>\n<p>Pigment Yellow 53 c\u00f3 th\u1ec3 \u0111\u01b0\u1ee3c s\u1eed d\u1ee5ng trong nh\u1ef1a hermoplastic v\u00e0 nh\u1ef1a \u0111\u00f4ng c\u1ee9ng n\u00f3ng, nh\u1ef1a bi\u1ebfn t\u00ednh k\u1ef9 thu\u1eadt, nh\u1ef1a fluoro, nh\u1ef1a \u0111\u1ed3 ch\u01a1i, nh\u1ef1a \u0111\u00f3ng g\u00f3i th\u1ef1c ph\u1ea9m, l\u1edbp ph\u1ee7 fluorocarbon, l\u1edbp ph\u1ee7 b\u1ed9t, l\u1edbp ph\u1ee7 \u00f4 t\u00f4, l\u1edbp ph\u1ee7 t\u00f2a nh\u00e0 ngo\u00e0i tr\u1eddi, l\u1edbp ph\u1ee7 ng\u1ee5y trang, l\u1edbp ph\u1ee7 v\u1ea1ch \u0111\u01b0\u1eddng v\u00e0 m\u1ef1c th\u1ee7y tinh, m\u1ef1c ngh\u1ec7 thu\u1eadt v\u00e0 m\u1ef1c g\u1ed1m, v.v.<\/p>","protected":false},"excerpt":{"rendered":"<p><strong>T\u00ean s\u1ea3n ph\u1ea9m:<\/strong> S\u1eafc t\u1ed1 v\u00e0ng 53<\/p>\n<p><strong>T\u00ean kh\u00e1c:<\/strong> V\u00e0ng Ni-Ti, V\u00e0ng Niken Antimon Titan Rutile<\/p>\n<p><strong>Ch\u1ec9 s\u1ed1 m\u00e0u:<\/strong> CI77788<\/p>\n<p><strong>M\u1ee5c l\u1ee5c:<\/strong> Ti-Sb-Ni-O<\/p>\n<p>&nbsp;<\/p>","protected":false},"featured_media":3752,"template":"","meta":{"_acf_changed":false,"_gspb_post_css":""},"product_brand":[],"product_cat":[54],"product_tag":[],"class_list":{"0":"post-3749","1":"product","2":"type-product","3":"status-publish","4":"has-post-thumbnail","6":"product_cat-inorganic-pigments","8":"first","9":"instock","10":"shipping-taxable","11":"product-type-simple"},"acf":[],"_links":{"self":[{"href":"https:\/\/wpachem.com\/vi\/wp-json\/wp\/v2\/product\/3749","targetHints":{"allow":["GET"]}}],"collection":[{"href":"https:\/\/wpachem.com\/vi\/wp-json\/wp\/v2\/product"}],"about":[{"href":"https:\/\/wpachem.com\/vi\/wp-json\/wp\/v2\/types\/product"}],"version-history":[{"count":0,"href":"https:\/\/wpachem.com\/vi\/wp-json\/wp\/v2\/product\/3749\/revisions"}],"wp:featuredmedia":[{"embeddable":true,"href":"https:\/\/wpachem.com\/vi\/wp-json\/wp\/v2\/media\/3752"}],"wp:attachment":[{"href":"https:\/\/wpachem.com\/vi\/wp-json\/wp\/v2\/media?parent=3749"}],"wp:term":[{"taxonomy":"product_brand","embeddable":true,"href":"https:\/\/wpachem.com\/vi\/wp-json\/wp\/v2\/product_brand?post=3749"},{"taxonomy":"product_cat","embeddable":true,"href":"https:\/\/wpachem.com\/vi\/wp-json\/wp\/v2\/product_cat?post=3749"},{"taxonomy":"product_tag","embeddable":true,"href":"https:\/\/wpachem.com\/vi\/wp-json\/wp\/v2\/product_tag?post=3749"}],"curies":[{"name":"wp","href":"https:\/\/api.w.org\/{rel}","templated":true}]}}