{"id":3760,"date":"2023-04-11T03:46:12","date_gmt":"2023-04-11T03:46:12","guid":{"rendered":"http:\/\/site2.easyceotech.com\/?post_type=product&#038;p=3760"},"modified":"2024-03-12T07:19:06","modified_gmt":"2024-03-12T07:19:06","slug":"tartrazine","status":"publish","type":"product","link":"https:\/\/wpachem.com\/vi\/product\/tartrazine\/","title":{"rendered":"Tartrazine"},"content":{"rendered":"<p><strong>\u0110\u1eb7c tr\u01b0ng:<\/strong><\/p>\n<p>Tartrazine (v\u00e0ng chanh) l\u00e0 m\u1ed9t trong ba m\u00e0u c\u01a1 b\u1ea3n c\u1ee7a s\u1eafc t\u1ed1 t\u1ed5ng h\u1ee3p \u0103n \u0111\u01b0\u1ee3c v\u00e0 c\u0169ng l\u00e0 s\u1eafc t\u1ed1 t\u1ed5ng h\u1ee3p \u0111\u01b0\u1ee3c s\u1eed d\u1ee5ng r\u1ed9ng r\u00e3i nh\u1ea5t \u0111\u1ec3 t\u1ea1o m\u00e0u th\u1ef1c ph\u1ea9m tr\u00ean th\u1ebf gi\u1edbi. Tan trong n\u01b0\u1edbc, glycerol v\u00e0 propylene glycol, tan \u00edt trong ethanol, kh\u00f4ng tan trong m\u1ee1. Ch\u1ecbu nhi\u1ec7t t\u1ed1t, ch\u1ecbu axit, ch\u1ecbu \u00e1nh s\u00e1ng v\u00e0 ch\u1ecbu mu\u1ed1i, \u1ed5n \u0111\u1ecbnh v\u1edbi axit citric v\u00e0 axit tartric. L\u00e0 b\u1ed9t ho\u1eb7c h\u1ea1t m\u00e0u v\u00e0ng t\u01b0\u01a1i, c\u1ea5u tr\u00fac d\u1ecb v\u00f2ng lo\u1ea1i azo.<\/p>\n<p>&nbsp;<\/p>\n<p><strong>\u1ee8ng d\u1ee5ng:<\/strong><\/p>\n<p>Tartrazine c\u00f3 th\u1ec3 \u0111\u01b0\u1ee3c s\u1eed d\u1ee5ng an to\u00e0n cho th\u1ef1c ph\u1ea9m, \u0111\u1ed3 u\u1ed1ng, d\u01b0\u1ee3c ph\u1ea9m, m\u1ef9 ph\u1ea9m, th\u1ee9c \u0103n ch\u0103n nu\u00f4i, thu\u1ed1c l\u00e1 v\u00e0 c\u00e1c l\u0129nh v\u1ef1c t\u1ea1o m\u00e0u kh\u00e1c.<\/p>","protected":false},"excerpt":{"rendered":"<p><strong>T\u00ean s\u1ea3n ph\u1ea9m:<\/strong> Tartrazine<\/p>\n<p><strong>Ch\u1ec9 s\u1ed1 m\u00e0u:<\/strong> 19140<\/p>\n<p><strong>Ch\u1ec9 s\u1ed1 m\u00e0u th\u1ef1c ph\u1ea9m:<\/strong> V\u00e0ng 4<\/p>\n<p><strong>S\u1ed1 CAS:\u00a0<\/strong> 1934-21-0<\/p>\n<p><strong>S\u1ed1 CNC:<\/strong> 08.005<\/p>","protected":false},"featured_media":3714,"template":"","meta":{"_acf_changed":false,"_gspb_post_css":""},"product_brand":[],"product_cat":[24],"product_tag":[],"class_list":{"0":"post-3760","1":"product","2":"type-product","3":"status-publish","4":"has-post-thumbnail","6":"product_cat-uncategorized","8":"first","9":"instock","10":"shipping-taxable","11":"product-type-simple"},"acf":[],"_links":{"self":[{"href":"https:\/\/wpachem.com\/vi\/wp-json\/wp\/v2\/product\/3760","targetHints":{"allow":["GET"]}}],"collection":[{"href":"https:\/\/wpachem.com\/vi\/wp-json\/wp\/v2\/product"}],"about":[{"href":"https:\/\/wpachem.com\/vi\/wp-json\/wp\/v2\/types\/product"}],"version-history":[{"count":0,"href":"https:\/\/wpachem.com\/vi\/wp-json\/wp\/v2\/product\/3760\/revisions"}],"wp:featuredmedia":[{"embeddable":true,"href":"https:\/\/wpachem.com\/vi\/wp-json\/wp\/v2\/media\/3714"}],"wp:attachment":[{"href":"https:\/\/wpachem.com\/vi\/wp-json\/wp\/v2\/media?parent=3760"}],"wp:term":[{"taxonomy":"product_brand","embeddable":true,"href":"https:\/\/wpachem.com\/vi\/wp-json\/wp\/v2\/product_brand?post=3760"},{"taxonomy":"product_cat","embeddable":true,"href":"https:\/\/wpachem.com\/vi\/wp-json\/wp\/v2\/product_cat?post=3760"},{"taxonomy":"product_tag","embeddable":true,"href":"https:\/\/wpachem.com\/vi\/wp-json\/wp\/v2\/product_tag?post=3760"}],"curies":[{"name":"wp","href":"https:\/\/api.w.org\/{rel}","templated":true}]}}