{"id":3763,"date":"2023-04-11T03:47:03","date_gmt":"2023-04-11T03:47:03","guid":{"rendered":"http:\/\/site2.easyceotech.com\/?post_type=product&#038;p=3763"},"modified":"2024-03-12T07:17:07","modified_gmt":"2024-03-12T07:17:07","slug":"tartrazine-lake","status":"publish","type":"product","link":"https:\/\/wpachem.com\/vi\/product\/tartrazine-lake\/","title":{"rendered":"H\u1ed3 Tartrazine"},"content":{"rendered":"<p><strong>\u0110\u1eb7c tr\u01b0ng:<\/strong><\/p>\n<p>Tartrazine Lake (Food Yellow 4:1) c\u00f2n \u0111\u01b0\u1ee3c g\u1ecdi l\u00e0 Acid yellow 23 aluminum lake (CI 19140:1), l\u00e0 b\u1ed9t m\u1ecbn m\u00e0u v\u00e0ng, kh\u00f4ng m\u00f9i. Ch\u1ecbu \u00e1nh s\u00e1ng v\u00e0 nhi\u1ec7t m\u1ea1nh h\u01a1n m\u00e0u v\u00e0ng chanh. H\u1ea7u nh\u01b0 kh\u00f4ng tan trong n\u01b0\u1edbc v\u00e0 dung m\u00f4i h\u1eefu c\u01a1. H\u00f2a tan ch\u1eadm trong dung d\u1ecbch n\u01b0\u1edbc c\u00f3 ch\u1ee9a axit v\u00e0 ki\u1ec1m<\/p>\n<p>&nbsp;<\/p>\n<p><strong>\u1ee8ng d\u1ee5ng:<\/strong><\/p>\n<p>Tartrazine Lake c\u00f3 th\u1ec3 \u0111\u01b0\u1ee3c s\u1eed d\u1ee5ng cho \u0111\u1ed3 u\u1ed1ng n\u01b0\u1edbc \u00e9p tr\u00e1i c\u00e2y (c\u00f3 h\u01b0\u01a1ng v\u1ecb), \u0111\u1ed3 u\u1ed1ng c\u00f3 ga, ch\u1ebf bi\u1ebfn r\u01b0\u1ee3u vang, k\u1eb9o, b\u00e1nh ng\u1ecdt c\u00f3 m\u00e0u, n\u01b0\u1edbc s\u1ed1t d\u01b0a h\u1ea5u \u0111\u00f3ng h\u1ed9p, m\u1eadn xanh, \u0111\u1ed3 u\u1ed1ng c\u00f3 vi khu\u1ea9n axit lactic, \u0111\u1ed3 u\u1ed1ng protein th\u1ef1c v\u1eadt, l\u1edbp ph\u1ee7 k\u1eb9o, kem.<\/p>","protected":false},"excerpt":{"rendered":"<p><strong>T\u00ean s\u1ea3n ph\u1ea9m:<\/strong> H\u1ed3 Tartrazine<\/p>\n<p><strong>Ch\u1ec9 s\u1ed1 m\u00e0u:<\/strong> 19140:1<\/p>\n<p><strong>Ch\u1ec9 s\u1ed1 m\u00e0u th\u1ef1c ph\u1ea9m:<\/strong> V\u00e0ng 4:1<\/p>\n<p><strong>S\u1ed1 CAS:\u00a0<\/strong> 12225-21-7<\/p>\n<p><strong>S\u1ed1 CNC:<\/strong> 08.005<\/p>","protected":false},"featured_media":3714,"template":"","meta":{"_acf_changed":false,"_gspb_post_css":""},"product_brand":[],"product_cat":[24],"product_tag":[],"class_list":{"0":"post-3763","1":"product","2":"type-product","3":"status-publish","4":"has-post-thumbnail","6":"product_cat-uncategorized","8":"first","9":"instock","10":"shipping-taxable","11":"product-type-simple"},"acf":[],"_links":{"self":[{"href":"https:\/\/wpachem.com\/vi\/wp-json\/wp\/v2\/product\/3763","targetHints":{"allow":["GET"]}}],"collection":[{"href":"https:\/\/wpachem.com\/vi\/wp-json\/wp\/v2\/product"}],"about":[{"href":"https:\/\/wpachem.com\/vi\/wp-json\/wp\/v2\/types\/product"}],"version-history":[{"count":0,"href":"https:\/\/wpachem.com\/vi\/wp-json\/wp\/v2\/product\/3763\/revisions"}],"wp:featuredmedia":[{"embeddable":true,"href":"https:\/\/wpachem.com\/vi\/wp-json\/wp\/v2\/media\/3714"}],"wp:attachment":[{"href":"https:\/\/wpachem.com\/vi\/wp-json\/wp\/v2\/media?parent=3763"}],"wp:term":[{"taxonomy":"product_brand","embeddable":true,"href":"https:\/\/wpachem.com\/vi\/wp-json\/wp\/v2\/product_brand?post=3763"},{"taxonomy":"product_cat","embeddable":true,"href":"https:\/\/wpachem.com\/vi\/wp-json\/wp\/v2\/product_cat?post=3763"},{"taxonomy":"product_tag","embeddable":true,"href":"https:\/\/wpachem.com\/vi\/wp-json\/wp\/v2\/product_tag?post=3763"}],"curies":[{"name":"wp","href":"https:\/\/api.w.org\/{rel}","templated":true}]}}