{"id":3764,"date":"2023-04-11T03:51:52","date_gmt":"2023-04-11T03:51:52","guid":{"rendered":"http:\/\/site2.easyceotech.com\/?post_type=product&#038;p=3764"},"modified":"2024-03-12T07:26:25","modified_gmt":"2024-03-12T07:26:25","slug":"sunset-yellow","status":"publish","type":"product","link":"https:\/\/wpachem.com\/vi\/product\/sunset-yellow\/","title":{"rendered":"M\u00e0u v\u00e0ng ho\u00e0ng h\u00f4n"},"content":{"rendered":"<p><strong>\u0110\u1eb7c tr\u01b0ng:<\/strong><\/p>\n<p>Sunset yellow c\u00f2n \u0111\u01b0\u1ee3c g\u1ecdi l\u00e0 v\u00e0ng cam, sunset yellow, sunset yellow. S\u1eafc t\u1ed1 t\u1ed5ng h\u1ee3p \u0103n \u0111\u01b0\u1ee3c, b\u1ed9t ho\u1eb7c h\u1ea1t m\u00e0u \u0111\u1ecf cam, kh\u00f4ng m\u00f9i, kh\u00f4ng tan trong d\u1ea7u, \u00edt tan trong etanol, d\u1ec5 tan trong n\u01b0\u1edbc, glycerin, propylene glycol, dung d\u1ecbch n\u01b0\u1edbc c\u00f3 m\u00e0u cam, ch\u1ecbu s\u00e1ng, ch\u1ecbu nhi\u1ec7t, ch\u1ecbu axit, \u1ed5n \u0111\u1ecbnh trong axit citric, axit tartaric, m\u00e0u ki\u1ec1m chuy\u1ec3n sang s\u1eabm, c\u00f3 m\u00e0u n\u00e2u \u0111\u1ecf, phai m\u00e0u trong qu\u00e1 tr\u00ecnh kh\u1eed, \u0111\u1ed9 an to\u00e0n cao.<\/p>\n<p>&nbsp;<\/p>\n<p><strong>\u1ee8ng d\u1ee5ng:<\/strong><\/p>\n<p>Sunset Yellow c\u00f3 th\u1ec3 d\u00f9ng l\u00e0m ch\u1ea5t t\u1ea1o m\u00e0u th\u1ef1c ph\u1ea9m, thu\u1ed1c v\u00e0 m\u1ef9 ph\u1ea9m, thu\u1ed1c, c\u0169ng l\u00e0 nguy\u00ean li\u1ec7u \u0111\u1ec3 s\u1ea3n xu\u1ea5t nh\u00f4m h\u1ed3 mu\u1ed1i.<\/p>","protected":false},"excerpt":{"rendered":"<p><strong>T\u00ean s\u1ea3n ph\u1ea9m:<\/strong> M\u00e0u v\u00e0ng ho\u00e0ng h\u00f4n<\/p>\n<p><strong>Ch\u1ec9 s\u1ed1 m\u00e0u:<\/strong> 15985<\/p>\n<p><strong>Ch\u1ec9 s\u1ed1 m\u00e0u th\u1ef1c ph\u1ea9m:<\/strong> V\u00e0ng 3<\/p>\n<p><strong>S\u1ed1 CAS:\u00a0<\/strong> 2783-94-0<\/p>\n<p><strong>S\u1ed1 CNC:<\/strong> 08.006<\/p>","protected":false},"featured_media":3706,"template":"","meta":{"_acf_changed":false,"_gspb_post_css":""},"product_brand":[],"product_cat":[24],"product_tag":[],"class_list":{"0":"post-3764","1":"product","2":"type-product","3":"status-publish","4":"has-post-thumbnail","6":"product_cat-uncategorized","8":"first","9":"instock","10":"shipping-taxable","11":"product-type-simple"},"acf":[],"_links":{"self":[{"href":"https:\/\/wpachem.com\/vi\/wp-json\/wp\/v2\/product\/3764","targetHints":{"allow":["GET"]}}],"collection":[{"href":"https:\/\/wpachem.com\/vi\/wp-json\/wp\/v2\/product"}],"about":[{"href":"https:\/\/wpachem.com\/vi\/wp-json\/wp\/v2\/types\/product"}],"version-history":[{"count":0,"href":"https:\/\/wpachem.com\/vi\/wp-json\/wp\/v2\/product\/3764\/revisions"}],"wp:featuredmedia":[{"embeddable":true,"href":"https:\/\/wpachem.com\/vi\/wp-json\/wp\/v2\/media\/3706"}],"wp:attachment":[{"href":"https:\/\/wpachem.com\/vi\/wp-json\/wp\/v2\/media?parent=3764"}],"wp:term":[{"taxonomy":"product_brand","embeddable":true,"href":"https:\/\/wpachem.com\/vi\/wp-json\/wp\/v2\/product_brand?post=3764"},{"taxonomy":"product_cat","embeddable":true,"href":"https:\/\/wpachem.com\/vi\/wp-json\/wp\/v2\/product_cat?post=3764"},{"taxonomy":"product_tag","embeddable":true,"href":"https:\/\/wpachem.com\/vi\/wp-json\/wp\/v2\/product_tag?post=3764"}],"curies":[{"name":"wp","href":"https:\/\/api.w.org\/{rel}","templated":true}]}}