{"id":3765,"date":"2023-04-11T03:57:10","date_gmt":"2023-04-11T03:57:10","guid":{"rendered":"http:\/\/site2.easyceotech.com\/?post_type=product&#038;p=3765"},"modified":"2024-03-12T07:09:58","modified_gmt":"2024-03-12T07:09:58","slug":"sunset-yellow-lake","status":"publish","type":"product","link":"https:\/\/wpachem.com\/vi\/product\/sunset-yellow-lake\/","title":{"rendered":"H\u1ed3 Ho\u00e0ng H\u00f4n V\u00e0ng"},"content":{"rendered":"<p><strong>\u0110\u1eb7c tr\u01b0ng:<\/strong><\/p>\n<p>Sunset yellow Lake l\u00e0 b\u1ed9t m\u00e0u cam m\u1ecbn. Kh\u00f4ng m\u00f9i. Ch\u1ecbu \u00e1nh s\u00e1ng v\u00e0 nhi\u1ec7t t\u1ed1t h\u01a1n sunset yellow. Kh\u00f4ng tan trong n\u01b0\u1edbc v\u00e0 dung m\u00f4i h\u1eefu c\u01a1<\/p>\n<p>&nbsp;<\/p>\n<p><strong>\u1ee8ng d\u1ee5ng:<\/strong><\/p>\n<p>Sunset Yellow Lake c\u00f3 th\u1ec3 \u0111\u01b0\u1ee3c s\u1eed d\u1ee5ng \u0111\u1ec3 ph\u1ee7 th\u1ef1c ph\u1ea9m c\u00f3 d\u1ea7u m\u1ee1, th\u1ef1c ph\u1ea9m d\u1ea1ng b\u1ed9t (b\u1ed9t b\u00e1nh, n\u01b0\u1edbc \u00e9p d\u1ea1ng b\u1ed9t), b\u00e1nh ng\u1ecdt ph\u1ee7 kem, k\u1eb9o ng\u1eadm, d\u00f9ng ri\u00eang ho\u1eb7c k\u1ebft h\u1ee3p v\u1edbi c\u00e1c lo\u1ea1i m\u00e0u th\u1ef1c ph\u1ea9m kh\u00e1c b\u1eb1ng nh\u00f4m. N\u00f3 c\u0169ng \u0111\u01b0\u1ee3c s\u1eed d\u1ee5ng l\u00e0m m\u1ef1c in ho\u1eb7c ch\u1ea5t t\u1ea1o m\u00e0u cho h\u1ed9p \u0111\u1ef1ng th\u1ef1c ph\u1ea9m b\u1eb1ng gi\u1ea5y v\u00e0 nh\u1ef1a v\u00e0 \u0111\u1ed3 n\u1ea5u n\u01b0\u1edbng<\/p>","protected":false},"excerpt":{"rendered":"<p><strong>T\u00ean s\u1ea3n ph\u1ea9m:<\/strong> H\u1ed3 Ho\u00e0ng H\u00f4n V\u00e0ng<\/p>\n<p><strong>Ch\u1ec9 s\u1ed1 m\u00e0u:<\/strong> 15985:1<\/p>\n<p><strong>Ch\u1ec9 s\u1ed1 m\u00e0u th\u1ef1c ph\u1ea9m:<\/strong> V\u00e0ng 3:1<\/p>\n<p><strong>S\u1ed1 CAS:\u00a0<\/strong> 15790-07-5<\/p>\n<p><strong>S\u1ed1 CNC:<\/strong> 08.006<\/p>","protected":false},"featured_media":3706,"template":"","meta":{"_acf_changed":false,"_gspb_post_css":""},"product_brand":[],"product_cat":[24],"product_tag":[],"class_list":{"0":"post-3765","1":"product","2":"type-product","3":"status-publish","4":"has-post-thumbnail","6":"product_cat-uncategorized","8":"first","9":"instock","10":"shipping-taxable","11":"product-type-simple"},"acf":[],"_links":{"self":[{"href":"https:\/\/wpachem.com\/vi\/wp-json\/wp\/v2\/product\/3765","targetHints":{"allow":["GET"]}}],"collection":[{"href":"https:\/\/wpachem.com\/vi\/wp-json\/wp\/v2\/product"}],"about":[{"href":"https:\/\/wpachem.com\/vi\/wp-json\/wp\/v2\/types\/product"}],"version-history":[{"count":0,"href":"https:\/\/wpachem.com\/vi\/wp-json\/wp\/v2\/product\/3765\/revisions"}],"wp:featuredmedia":[{"embeddable":true,"href":"https:\/\/wpachem.com\/vi\/wp-json\/wp\/v2\/media\/3706"}],"wp:attachment":[{"href":"https:\/\/wpachem.com\/vi\/wp-json\/wp\/v2\/media?parent=3765"}],"wp:term":[{"taxonomy":"product_brand","embeddable":true,"href":"https:\/\/wpachem.com\/vi\/wp-json\/wp\/v2\/product_brand?post=3765"},{"taxonomy":"product_cat","embeddable":true,"href":"https:\/\/wpachem.com\/vi\/wp-json\/wp\/v2\/product_cat?post=3765"},{"taxonomy":"product_tag","embeddable":true,"href":"https:\/\/wpachem.com\/vi\/wp-json\/wp\/v2\/product_tag?post=3765"}],"curies":[{"name":"wp","href":"https:\/\/api.w.org\/{rel}","templated":true}]}}