{"id":3769,"date":"2023-04-11T05:06:16","date_gmt":"2023-04-11T05:06:16","guid":{"rendered":"http:\/\/site2.easyceotech.com\/?post_type=product&#038;p=3769"},"modified":"2024-04-26T05:40:06","modified_gmt":"2024-04-26T05:40:06","slug":"ponceau-4r","status":"publish","type":"product","link":"https:\/\/wpachem.com\/vi\/product\/ponceau-4r\/","title":{"rendered":"Ponceau 4R"},"content":{"rendered":"<p><strong>\u0110\u1eb7c tr\u01b0ng:<\/strong><\/p>\n<p>Ponceau 4R (Acid Red 18) l\u00e0 b\u1ed9t m\u00e0u \u0111\u1ecf \u0111\u1ebfn \u0111\u1ecf \u0111\u1eadm, dung d\u1ecbch n\u01b0\u1edbc m\u00e0u \u0111\u1ecf, kh\u00f4ng m\u00f9i. Tan trong n\u01b0\u1edbc, tan trong glycerol, tan \u00edt trong ethanol, kh\u00f4ng tan trong d\u1ea7u. Ch\u1ecbu \u00e1nh s\u00e1ng, ch\u1ecbu axit t\u1ed1t, \u1ed5n \u0111\u1ecbnh v\u1edbi axit citric v\u00e0 axit tartric, kh\u1ea3 n\u0103ng kh\u00e1ng khu\u1ea9n k\u00e9m, ch\u1ecbu nhi\u1ec7t, kh\u1ea3 n\u0103ng kh\u00e1ng kh\u1eed kh\u00e1 k\u00e9m. C\u00f3 m\u00e0u n\u00e2u trong dung d\u1ecbch ki\u1ec1m. Acid red 18 (AR18), c\u00f2n \u0111\u01b0\u1ee3c g\u1ecdi l\u00e0 neocarmine,<\/p>\n<p><strong>\u1ee8ng d\u1ee5ng:<\/strong><\/p>\n<p>Ponceau 4R l\u00e0 m\u1ed9t lo\u1ea1i b\u1ed9t m\u00e0u t\u1ed5ng h\u1ee3p ph\u1ed5 bi\u1ebfn \u0111\u01b0\u1ee3c th\u00eam v\u00e0o k\u1eb9o, b\u00e1nh, \u0111\u1ed3 u\u1ed1ng, d\u00f9ng l\u00e0m ch\u1ea5t t\u1ea1o m\u00e0u th\u1ef1c ph\u1ea9m, thu\u1ed1c v\u00e0 ch\u1ea5t t\u1ea1o m\u00e0u m\u1ef9 ph\u1ea9m.<\/p>","protected":false},"excerpt":{"rendered":"<p><strong>T\u00ean s\u1ea3n ph\u1ea9m:<\/strong> Ponceau 4R<\/p>\n<p><strong>Ch\u1ec9 s\u1ed1 m\u00e0u:<\/strong> 16255<\/p>\n<p><strong>Ch\u1ec9 s\u1ed1 m\u00e0u th\u1ef1c ph\u1ea9m:<\/strong> \u0110\u1ecf 7<\/p>\n<p><strong>S\u1ed1 CAS:\u00a0<\/strong> 2611-82-7<\/p>\n<p><strong>S\u1ed1 CNC:<\/strong> 08.002<\/p>","protected":false},"featured_media":3770,"template":"","meta":{"_acf_changed":false,"_gspb_post_css":""},"product_brand":[],"product_cat":[52,24],"product_tag":[],"class_list":{"0":"post-3769","1":"product","2":"type-product","3":"status-publish","4":"has-post-thumbnail","6":"product_cat-pigment","7":"product_cat-uncategorized","9":"first","10":"instock","11":"shipping-taxable","12":"product-type-simple"},"acf":[],"_links":{"self":[{"href":"https:\/\/wpachem.com\/vi\/wp-json\/wp\/v2\/product\/3769","targetHints":{"allow":["GET"]}}],"collection":[{"href":"https:\/\/wpachem.com\/vi\/wp-json\/wp\/v2\/product"}],"about":[{"href":"https:\/\/wpachem.com\/vi\/wp-json\/wp\/v2\/types\/product"}],"version-history":[{"count":0,"href":"https:\/\/wpachem.com\/vi\/wp-json\/wp\/v2\/product\/3769\/revisions"}],"wp:featuredmedia":[{"embeddable":true,"href":"https:\/\/wpachem.com\/vi\/wp-json\/wp\/v2\/media\/3770"}],"wp:attachment":[{"href":"https:\/\/wpachem.com\/vi\/wp-json\/wp\/v2\/media?parent=3769"}],"wp:term":[{"taxonomy":"product_brand","embeddable":true,"href":"https:\/\/wpachem.com\/vi\/wp-json\/wp\/v2\/product_brand?post=3769"},{"taxonomy":"product_cat","embeddable":true,"href":"https:\/\/wpachem.com\/vi\/wp-json\/wp\/v2\/product_cat?post=3769"},{"taxonomy":"product_tag","embeddable":true,"href":"https:\/\/wpachem.com\/vi\/wp-json\/wp\/v2\/product_tag?post=3769"}],"curies":[{"name":"wp","href":"https:\/\/api.w.org\/{rel}","templated":true}]}}