{"id":3778,"date":"2023-04-11T05:16:23","date_gmt":"2023-04-11T05:16:23","guid":{"rendered":"http:\/\/site2.easyceotech.com\/?post_type=product&#038;p=3778"},"modified":"2024-04-26T05:40:04","modified_gmt":"2024-04-26T05:40:04","slug":"amaranth","status":"publish","type":"product","link":"https:\/\/wpachem.com\/vi\/product\/amaranth\/","title":{"rendered":"C\u00e2y rau d\u1ec1n"},"content":{"rendered":"<p><strong>\u0110\u1eb7c tr\u01b0ng:<\/strong><\/p>\n<p>Amaranth (Acid Red 27) l\u00e0 m\u1ed9t lo\u1ea1i s\u1eafc t\u1ed1 t\u1ef1 nhi\u00ean c\u00f3 ngu\u1ed3n g\u1ed1c t\u1eeb amaranth, b\u1ed9t ho\u1eb7c h\u1ea1t m\u00e0u n\u00e2u \u0111\u1ecf \u0111\u1ebfn n\u00e2u \u0111\u1ecf s\u1eabm. \u0110\u00e2y l\u00e0 thu\u1ed1c nhu\u1ed9m azo m\u00e0u \u0111\u1ecf h\u00f2a tan trong n\u01b0\u1edbc, \u0111\u01b0\u1ee3c t\u1ea1o th\u00e0nh t\u1eeb axit 1-naphthol \u2013 4-sulfonic v\u00e0 2-naphthol -3, 6-disulfonat diazodized \u0111\u1ec3 s\u1ea3n xu\u1ea5t Chemicalbook. M\u00e0u s\u1eafc t\u01b0\u01a1i s\u00e1ng v\u00e0 \u0111\u1ed9 an to\u00e0n cao. S\u1eafc t\u1ed1 n\u00e0y \u1ed5n \u0111\u1ecbnh v\u1edbi h\u1ea7u h\u1ebft c\u00e1c ch\u1ea5t ph\u1ee5 gia th\u1ef1c ph\u1ea9m, v\u00ec v\u1eady c\u00f3 th\u1ec3 \u0111\u01b0\u1ee3c s\u1eed d\u1ee5ng \u0111\u1ec3 t\u1ea1o m\u00e0u cho \u0111\u1ed3 u\u1ed1ng, k\u1eb9o, b\u00e1nh ng\u1ecdt, r\u01b0\u1ee3u vang, v.v., \u0111\u1ec3 m\u00e0u s\u1eafc \u0111\u1eb9p v\u00e0 chuy\u1ec3n \u0111\u1ed9ng, v\u1ecb ng\u1ecdt v\u00e0 chua.<\/p>\n<p><strong>\u1ee8ng d\u1ee5ng:<\/strong><\/p>\n<p>C\u00e2y rau d\u1ec1n \u0111\u01b0\u1ee3c d\u00f9ng \u0111\u1ec3 t\u1ea1o m\u00e0u cho th\u1ef1c ph\u1ea9m, thu\u1ed1c v\u00e0 m\u1ef9 ph\u1ea9m.<\/p>\n<p>&nbsp;<\/p>","protected":false},"excerpt":{"rendered":"<p><strong>T\u00ean s\u1ea3n ph\u1ea9m:<\/strong> C\u00e2y rau d\u1ec1n<\/p>\n<p><strong>Ch\u1ec9 s\u1ed1 m\u00e0u:<\/strong> 16185<\/p>\n<p><strong>Ch\u1ec9 s\u1ed1 m\u00e0u th\u1ef1c ph\u1ea9m:<\/strong> \u0110\u1ecf 9<\/p>\n<p><strong>S\u1ed1 CAS:\u00a0<\/strong> 915-67-3<\/p>\n<p><strong>S\u1ed1 CNC:<\/strong> 08.001<\/p>","protected":false},"featured_media":3776,"template":"","meta":{"_acf_changed":false,"_gspb_post_css":""},"product_brand":[],"product_cat":[52,24],"product_tag":[],"class_list":{"0":"post-3778","1":"product","2":"type-product","3":"status-publish","4":"has-post-thumbnail","6":"product_cat-pigment","7":"product_cat-uncategorized","9":"first","10":"instock","11":"shipping-taxable","12":"product-type-simple"},"acf":[],"_links":{"self":[{"href":"https:\/\/wpachem.com\/vi\/wp-json\/wp\/v2\/product\/3778","targetHints":{"allow":["GET"]}}],"collection":[{"href":"https:\/\/wpachem.com\/vi\/wp-json\/wp\/v2\/product"}],"about":[{"href":"https:\/\/wpachem.com\/vi\/wp-json\/wp\/v2\/types\/product"}],"version-history":[{"count":0,"href":"https:\/\/wpachem.com\/vi\/wp-json\/wp\/v2\/product\/3778\/revisions"}],"wp:featuredmedia":[{"embeddable":true,"href":"https:\/\/wpachem.com\/vi\/wp-json\/wp\/v2\/media\/3776"}],"wp:attachment":[{"href":"https:\/\/wpachem.com\/vi\/wp-json\/wp\/v2\/media?parent=3778"}],"wp:term":[{"taxonomy":"product_brand","embeddable":true,"href":"https:\/\/wpachem.com\/vi\/wp-json\/wp\/v2\/product_brand?post=3778"},{"taxonomy":"product_cat","embeddable":true,"href":"https:\/\/wpachem.com\/vi\/wp-json\/wp\/v2\/product_cat?post=3778"},{"taxonomy":"product_tag","embeddable":true,"href":"https:\/\/wpachem.com\/vi\/wp-json\/wp\/v2\/product_tag?post=3778"}],"curies":[{"name":"wp","href":"https:\/\/api.w.org\/{rel}","templated":true}]}}