{"id":3779,"date":"2023-04-11T05:29:47","date_gmt":"2023-04-11T05:29:47","guid":{"rendered":"http:\/\/site2.easyceotech.com\/?post_type=product&#038;p=3779"},"modified":"2024-04-26T05:40:04","modified_gmt":"2024-04-26T05:40:04","slug":"amaranth-lake","status":"publish","type":"product","link":"https:\/\/wpachem.com\/vi\/product\/amaranth-lake\/","title":{"rendered":"H\u1ed3 Amaranth"},"content":{"rendered":"<p><strong>\u0110\u1eb7c tr\u01b0ng:<\/strong><\/p>\n<p>Amaranth Lake (Acid Red 27) th\u00e0nh b\u1ed9t ho\u1eb7c h\u1ea1t m\u00e0u n\u00e2u \u0111\u1ecf s\u1eabm. Kh\u00f4ng m\u00f9i. Ch\u1ecbu \u00e1nh s\u00e1ng, ch\u1ecbu nhi\u1ec7t (105\u2103), ch\u1ed1ng oxy h\u00f3a, kh\u1ea3 n\u0103ng kh\u1eed k\u00e9m, kh\u00f4ng th\u00edch h\u1ee3p cho th\u1ef1c ph\u1ea9m l\u00ean men v\u00e0 th\u1ef1c ph\u1ea9m c\u00f3 ch\u1ee9a ch\u1ea5t kh\u1eed. \u1ed4n \u0111\u1ecbnh v\u1edbi axit citric v\u00e0 axit tartric. Chuy\u1ec3n sang m\u00e0u \u0111\u1ecf s\u1eabm khi ti\u1ebfp x\u00fac v\u1edbi ki\u1ec1m. Trong tr\u01b0\u1eddng h\u1ee3p \u0111\u1ed3ng, s\u1eaft d\u1ec5 phai m\u00e0u. S\u1ee9c m\u1ea1nh nhu\u1ed9m y\u1ebfu. H\u00f2a tan trong n\u01b0\u1edbc (17,2g\/100ml, 21\u2103) v\u00e0 glycerol. Dung d\u1ecbch n\u01b0\u1edbc c\u00f3 m\u00e0u t\u00edm. \u00cdt tan trong etanol (etanol 0,5g\/100mL50%)<\/p>\n<p><strong>\u1ee8ng d\u1ee5ng:<\/strong><\/p>\n<p>C\u00e2y rau d\u1ec1n \u0111\u01b0\u1ee3c d\u00f9ng \u0111\u1ec3 t\u1ea1o m\u00e0u cho th\u1ef1c ph\u1ea9m, thu\u1ed1c v\u00e0 m\u1ef9 ph\u1ea9m.<\/p>\n<p>&nbsp;<\/p>","protected":false},"excerpt":{"rendered":"<p><strong>T\u00ean s\u1ea3n ph\u1ea9m:<\/strong> H\u1ed3 Amaranth<\/p>\n<p><strong>Ch\u1ec9 s\u1ed1 m\u00e0u:<\/strong> 16185:1<\/p>\n<p><strong>Ch\u1ec9 s\u1ed1 m\u00e0u th\u1ef1c ph\u1ea9m:<\/strong> \u0110\u1ecf 9:1<\/p>\n<p><strong>S\u1ed1 CAS:<\/strong> 12227-62-2<\/p>\n<p><strong>S\u1ed1 CNC:<\/strong> 08.001<\/p>","protected":false},"featured_media":3776,"template":"","meta":{"_acf_changed":false,"_gspb_post_css":""},"product_brand":[],"product_cat":[52,24],"product_tag":[],"class_list":{"0":"post-3779","1":"product","2":"type-product","3":"status-publish","4":"has-post-thumbnail","6":"product_cat-pigment","7":"product_cat-uncategorized","9":"first","10":"instock","11":"shipping-taxable","12":"product-type-simple"},"acf":[],"_links":{"self":[{"href":"https:\/\/wpachem.com\/vi\/wp-json\/wp\/v2\/product\/3779","targetHints":{"allow":["GET"]}}],"collection":[{"href":"https:\/\/wpachem.com\/vi\/wp-json\/wp\/v2\/product"}],"about":[{"href":"https:\/\/wpachem.com\/vi\/wp-json\/wp\/v2\/types\/product"}],"version-history":[{"count":0,"href":"https:\/\/wpachem.com\/vi\/wp-json\/wp\/v2\/product\/3779\/revisions"}],"wp:featuredmedia":[{"embeddable":true,"href":"https:\/\/wpachem.com\/vi\/wp-json\/wp\/v2\/media\/3776"}],"wp:attachment":[{"href":"https:\/\/wpachem.com\/vi\/wp-json\/wp\/v2\/media?parent=3779"}],"wp:term":[{"taxonomy":"product_brand","embeddable":true,"href":"https:\/\/wpachem.com\/vi\/wp-json\/wp\/v2\/product_brand?post=3779"},{"taxonomy":"product_cat","embeddable":true,"href":"https:\/\/wpachem.com\/vi\/wp-json\/wp\/v2\/product_cat?post=3779"},{"taxonomy":"product_tag","embeddable":true,"href":"https:\/\/wpachem.com\/vi\/wp-json\/wp\/v2\/product_tag?post=3779"}],"curies":[{"name":"wp","href":"https:\/\/api.w.org\/{rel}","templated":true}]}}