{"id":3780,"date":"2023-04-11T05:33:53","date_gmt":"2023-04-11T05:33:53","guid":{"rendered":"http:\/\/site2.easyceotech.com\/?post_type=product&#038;p=3780"},"modified":"2024-04-26T05:40:03","modified_gmt":"2024-04-26T05:40:03","slug":"allura-red","status":"publish","type":"product","link":"https:\/\/wpachem.com\/vi\/product\/allura-red\/","title":{"rendered":"\u0110\u1ecf Allura"},"content":{"rendered":"<p><strong>\u0110\u1eb7c tr\u01b0ng:<\/strong><\/p>\n<p>Allura Red (AC), c\u00f2n \u0111\u01b0\u1ee3c g\u1ecdi l\u00e0 Red 17, l\u00e0 thu\u1ed1c nhu\u1ed9m azo \u0111\u1ecf, c\u00f2n \u0111\u01b0\u1ee3c g\u1ecdi l\u00e0 FD&amp;CRed40 t\u1ea1i Hoa K\u1ef3. N\u00f3 \u0111\u01b0\u1ee3c s\u1eed d\u1ee5ng l\u00e0m ch\u1ea5t t\u1ea1o m\u00e0u th\u1ef1c ph\u1ea9m, m\u00e3 E E129. N\u00f3 th\u01b0\u1eddng \u0111\u01b0\u1ee3c cung c\u1ea5p d\u01b0\u1edbi d\u1ea1ng mu\u1ed1i natri \u0111\u1ecf, nh\u01b0ng c\u0169ng c\u00f3 th\u1ec3 \u0111\u01b0\u1ee3c s\u1eed d\u1ee5ng d\u01b0\u1edbi d\u1ea1ng mu\u1ed1i canxi v\u00e0 mu\u1ed1i kali. C\u00e1c mu\u1ed1i n\u00e0y h\u00f2a tan trong n\u01b0\u1edbc. Trong dung d\u1ecbch, \u0111\u1ed9 h\u1ea5p th\u1ee5 t\u1ed1i \u0111a c\u1ee7a n\u00f3 n\u1eb1m \u1edf kho\u1ea3ng 504nm:921. N\u00f3 l\u00e0 m\u1ed9t lo\u1ea1i ch\u1ea5t t\u1ea1o m\u00e0u th\u1ef1c ph\u1ea9m, m\u00e0u \u0111\u1ecf th\u1eabm t\u01b0\u01a1i s\u00e1ng, gi\u1ed1ng \u0111\u01a1n s\u1eafc. S\u1eafc t\u1ed1 c\u00f3 \u0111\u1ed9 \u1ed5n \u0111\u1ecbnh tuy\u1ec7t v\u1eddi.<\/p>\n<p>&nbsp;<\/p>\n<p><strong>\u1ee8ng d\u1ee5ng:<\/strong><\/p>\n<p>Allura Red \u0111\u01b0\u1ee3c s\u1eed d\u1ee5ng r\u1ed9ng r\u00e3i \u0111\u1ec3 t\u1ea1o m\u00e0u cho th\u1ef1c ph\u1ea9m, \u0111\u1ed3 u\u1ed1ng, thu\u1ed1c, m\u1ef9 ph\u1ea9m, th\u1ee9c \u0103n ch\u0103n nu\u00f4i, thu\u1ed1c l\u00e1, \u0111\u1ed3 ch\u01a1i, v\u1eadt li\u1ec7u \u0111\u00f3ng g\u00f3i th\u1ef1c ph\u1ea9m, v.v. S\u1eafc t\u1ed1 t\u1ed5ng h\u1ee3p h\u00f2a tan trong n\u01b0\u1edbc, m\u00e0u \u0111\u1ecf \u0111\u1eadm t\u01b0\u01a1i s\u00e1ng, \u0111\u01b0\u1ee3c s\u1eed d\u1ee5ng trong l\u1edbp ph\u1ee7 k\u1eb9o, kem, kem, k\u1eb9o, b\u00e1nh ng\u1ecdt, t\u1ea1o m\u00e0u cho \u0111\u1ed3 u\u1ed1ng.<\/p>\n<p>&nbsp;<\/p>","protected":false},"excerpt":{"rendered":"<p><strong>T\u00ean s\u1ea3n ph\u1ea9m:<\/strong> \u0110\u1ecf Allura<\/p>\n<p><strong>Ch\u1ec9 s\u1ed1 m\u00e0u:<\/strong> 16035<\/p>\n<p><strong>Ch\u1ec9 s\u1ed1 m\u00e0u th\u1ef1c ph\u1ea9m:<\/strong> \u0110\u1ecf 17<\/p>\n<p><strong>S\u1ed1 CAS:<\/strong> 25956-17-6<\/p>\n<p><strong>S\u1ed1 CNC:<\/strong> 08.012<\/p>","protected":false},"featured_media":3773,"template":"","meta":{"_acf_changed":false,"_gspb_post_css":""},"product_brand":[],"product_cat":[52,24],"product_tag":[],"class_list":{"0":"post-3780","1":"product","2":"type-product","3":"status-publish","4":"has-post-thumbnail","6":"product_cat-pigment","7":"product_cat-uncategorized","9":"first","10":"instock","11":"shipping-taxable","12":"product-type-simple"},"acf":[],"_links":{"self":[{"href":"https:\/\/wpachem.com\/vi\/wp-json\/wp\/v2\/product\/3780","targetHints":{"allow":["GET"]}}],"collection":[{"href":"https:\/\/wpachem.com\/vi\/wp-json\/wp\/v2\/product"}],"about":[{"href":"https:\/\/wpachem.com\/vi\/wp-json\/wp\/v2\/types\/product"}],"version-history":[{"count":0,"href":"https:\/\/wpachem.com\/vi\/wp-json\/wp\/v2\/product\/3780\/revisions"}],"wp:featuredmedia":[{"embeddable":true,"href":"https:\/\/wpachem.com\/vi\/wp-json\/wp\/v2\/media\/3773"}],"wp:attachment":[{"href":"https:\/\/wpachem.com\/vi\/wp-json\/wp\/v2\/media?parent=3780"}],"wp:term":[{"taxonomy":"product_brand","embeddable":true,"href":"https:\/\/wpachem.com\/vi\/wp-json\/wp\/v2\/product_brand?post=3780"},{"taxonomy":"product_cat","embeddable":true,"href":"https:\/\/wpachem.com\/vi\/wp-json\/wp\/v2\/product_cat?post=3780"},{"taxonomy":"product_tag","embeddable":true,"href":"https:\/\/wpachem.com\/vi\/wp-json\/wp\/v2\/product_tag?post=3780"}],"curies":[{"name":"wp","href":"https:\/\/api.w.org\/{rel}","templated":true}]}}