{"id":3781,"date":"2023-04-11T05:43:49","date_gmt":"2023-04-11T05:43:49","guid":{"rendered":"http:\/\/site2.easyceotech.com\/?post_type=product&#038;p=3781"},"modified":"2024-04-26T05:40:02","modified_gmt":"2024-04-26T05:40:02","slug":"allura-red-lake","status":"publish","type":"product","link":"https:\/\/wpachem.com\/vi\/product\/allura-red-lake\/","title":{"rendered":"H\u1ed3 \u0111\u1ecf Allura"},"content":{"rendered":"<p><strong>\u0110\u1eb7c tr\u01b0ng:<\/strong><\/p>\n<p>Allura Red Lake (Red 17:1) l\u00e0 b\u1ed9t m\u00e0u \u0111\u1ecf cam m\u1ecbn. Kh\u00f4ng tan trong n\u01b0\u1edbc v\u00e0 dung m\u00f4i h\u1eefu c\u01a1, trong m\u00f4i tr\u01b0\u1eddng axit v\u00e0 ki\u1ec1m s\u1ebd h\u00f2a tan ch\u1eadm m\u00e0u \u0111\u1ecf quy\u1ebfn r\u0169<\/p>\n<p>&nbsp;<\/p>\n<p><strong>\u1ee8ng d\u1ee5ng:<\/strong><\/p>\n<p>Allura Red Lake \u0111\u01b0\u1ee3c s\u1eed d\u1ee5ng r\u1ed9ng r\u00e3i \u0111\u1ec3 t\u1ea1o m\u00e0u cho th\u1ef1c ph\u1ea9m, \u0111\u1ed3 u\u1ed1ng, thu\u1ed1c, m\u1ef9 ph\u1ea9m, th\u1ee9c \u0103n ch\u0103n nu\u00f4i, thu\u1ed1c l\u00e1, \u0111\u1ed3 ch\u01a1i, v\u1eadt li\u1ec7u \u0111\u00f3ng g\u00f3i th\u1ef1c ph\u1ea9m, v.v. S\u1eafc t\u1ed1 t\u1ed5ng h\u1ee3p h\u00f2a tan trong n\u01b0\u1edbc, m\u00e0u \u0111\u1ecf \u0111\u1eadm t\u01b0\u01a1i s\u00e1ng, \u0111\u01b0\u1ee3c s\u1eed d\u1ee5ng trong l\u1edbp ph\u1ee7 k\u1eb9o, kem, kem, k\u1eb9o, b\u00e1nh ng\u1ecdt, t\u1ea1o m\u00e0u cho \u0111\u1ed3 u\u1ed1ng.<\/p>\n<p>&nbsp;<\/p>","protected":false},"excerpt":{"rendered":"<p><strong>T\u00ean s\u1ea3n ph\u1ea9m:<\/strong> H\u1ed3 \u0111\u1ecf Allura<\/p>\n<p><strong>Ch\u1ec9 s\u1ed1 m\u00e0u:<\/strong> 16035:1<\/p>\n<p><strong>Ch\u1ec9 s\u1ed1 m\u00e0u th\u1ef1c ph\u1ea9m:<\/strong> \u0110\u1ecf 17:1<\/p>\n<p><strong>S\u1ed1 CAS:<\/strong>68583-95-9<\/p>\n<p><strong>S\u1ed1 CNC:<\/strong> 08.012<\/p>","protected":false},"featured_media":3773,"template":"","meta":{"_acf_changed":false,"_gspb_post_css":""},"product_brand":[],"product_cat":[52,24],"product_tag":[],"class_list":{"0":"post-3781","1":"product","2":"type-product","3":"status-publish","4":"has-post-thumbnail","6":"product_cat-pigment","7":"product_cat-uncategorized","9":"first","10":"instock","11":"shipping-taxable","12":"product-type-simple"},"acf":[],"_links":{"self":[{"href":"https:\/\/wpachem.com\/vi\/wp-json\/wp\/v2\/product\/3781","targetHints":{"allow":["GET"]}}],"collection":[{"href":"https:\/\/wpachem.com\/vi\/wp-json\/wp\/v2\/product"}],"about":[{"href":"https:\/\/wpachem.com\/vi\/wp-json\/wp\/v2\/types\/product"}],"version-history":[{"count":0,"href":"https:\/\/wpachem.com\/vi\/wp-json\/wp\/v2\/product\/3781\/revisions"}],"wp:featuredmedia":[{"embeddable":true,"href":"https:\/\/wpachem.com\/vi\/wp-json\/wp\/v2\/media\/3773"}],"wp:attachment":[{"href":"https:\/\/wpachem.com\/vi\/wp-json\/wp\/v2\/media?parent=3781"}],"wp:term":[{"taxonomy":"product_brand","embeddable":true,"href":"https:\/\/wpachem.com\/vi\/wp-json\/wp\/v2\/product_brand?post=3781"},{"taxonomy":"product_cat","embeddable":true,"href":"https:\/\/wpachem.com\/vi\/wp-json\/wp\/v2\/product_cat?post=3781"},{"taxonomy":"product_tag","embeddable":true,"href":"https:\/\/wpachem.com\/vi\/wp-json\/wp\/v2\/product_tag?post=3781"}],"curies":[{"name":"wp","href":"https:\/\/api.w.org\/{rel}","templated":true}]}}