{"id":3782,"date":"2023-04-11T05:47:11","date_gmt":"2023-04-11T05:47:11","guid":{"rendered":"http:\/\/site2.easyceotech.com\/?post_type=product&#038;p=3782"},"modified":"2024-04-26T05:40:02","modified_gmt":"2024-04-26T05:40:02","slug":"erythrosine","status":"publish","type":"product","link":"https:\/\/wpachem.com\/vi\/product\/erythrosine\/","title":{"rendered":"Erythrosin"},"content":{"rendered":"<p><strong>\u0110\u1eb7c tr\u01b0ng:<\/strong><\/p>\n<p>Erythrosine (B), l\u00e0 m\u1ed9t lo\u1ea1i h\u1ea1t ho\u1eb7c b\u1ed9t m\u00e0u \u0111\u1ecf ho\u1eb7c n\u00e2u \u0111\u1ecf, kh\u00f4ng m\u00f9i, tan trong n\u01b0\u1edbc, tan trong ethanol, propylene glycol v\u00e0 glycerol, kh\u00f4ng tan trong d\u1ea7u. N\u00f3 c\u00f3 t\u00ednh ch\u1ea5t nhu\u1ed9m m\u00e0u t\u1ed1t, \u0111\u1eb7c bi\u1ec7t l\u00e0 nhu\u1ed9m protein. So v\u1edbi c\u00e1c lo\u1ea1i thu\u1ed1c nhu\u1ed9m m\u00e0u \u0111\u1ecf t\u1ed5ng h\u1ee3p kh\u00e1c c\u00f9ng lo\u1ea1i, kh\u1ea3 n\u0103ng ch\u1ecbu nhi\u1ec7t, kh\u1ea3 n\u0103ng ch\u1ecbu ki\u1ec1m, kh\u1ea3 n\u0103ng ch\u1ed1ng oxy h\u00f3a v\u00e0 kh\u1eed v\u00e0 kh\u1ea3 n\u0103ng t\u1ea1o m\u00e0u c\u1ee7a n\u00f3 t\u1ed1t h\u01a1n.<\/p>\n<p><strong>\u1ee8ng d\u1ee5ng:<\/strong><\/p>\n<p>Erythrosine c\u00f3 th\u1ec3 \u0111\u01b0\u1ee3c s\u1eed d\u1ee5ng r\u1ed9ng r\u00e3i trong th\u1ef1c ph\u1ea9m l\u00ean men, th\u1ef1c ph\u1ea9m n\u01b0\u1edbng, kem, ch\u1ea3 c\u00e1, s\u1ea3n ph\u1ea9m ng\u00e2m chua v\u00e0 c\u00e1c th\u1ef1c ph\u1ea9m kh\u00f4ng c\u00f3 t\u00ednh axit kh\u00e1c.<\/p>\n<p>&nbsp;<\/p>","protected":false},"excerpt":{"rendered":"<p><strong>T\u00ean s\u1ea3n ph\u1ea9m:<\/strong> Erythrosin<\/p>\n<p><strong>Ch\u1ec9 s\u1ed1 m\u00e0u: <\/strong>45430<\/p>\n<p><strong>Ch\u1ec9 s\u1ed1 m\u00e0u th\u1ef1c ph\u1ea9m:<\/strong> \u0110\u1ecf 14<\/p>\n<p><strong>S\u1ed1 CAS:<\/strong>16423-68-0<\/p>\n<p><strong>S\u1ed1 CNC:<\/strong> 08.003<\/p>","protected":false},"featured_media":3783,"template":"","meta":{"_acf_changed":false,"_gspb_post_css":""},"product_brand":[],"product_cat":[52,24],"product_tag":[],"class_list":{"0":"post-3782","1":"product","2":"type-product","3":"status-publish","4":"has-post-thumbnail","6":"product_cat-pigment","7":"product_cat-uncategorized","9":"first","10":"instock","11":"shipping-taxable","12":"product-type-simple"},"acf":[],"_links":{"self":[{"href":"https:\/\/wpachem.com\/vi\/wp-json\/wp\/v2\/product\/3782","targetHints":{"allow":["GET"]}}],"collection":[{"href":"https:\/\/wpachem.com\/vi\/wp-json\/wp\/v2\/product"}],"about":[{"href":"https:\/\/wpachem.com\/vi\/wp-json\/wp\/v2\/types\/product"}],"version-history":[{"count":0,"href":"https:\/\/wpachem.com\/vi\/wp-json\/wp\/v2\/product\/3782\/revisions"}],"wp:featuredmedia":[{"embeddable":true,"href":"https:\/\/wpachem.com\/vi\/wp-json\/wp\/v2\/media\/3783"}],"wp:attachment":[{"href":"https:\/\/wpachem.com\/vi\/wp-json\/wp\/v2\/media?parent=3782"}],"wp:term":[{"taxonomy":"product_brand","embeddable":true,"href":"https:\/\/wpachem.com\/vi\/wp-json\/wp\/v2\/product_brand?post=3782"},{"taxonomy":"product_cat","embeddable":true,"href":"https:\/\/wpachem.com\/vi\/wp-json\/wp\/v2\/product_cat?post=3782"},{"taxonomy":"product_tag","embeddable":true,"href":"https:\/\/wpachem.com\/vi\/wp-json\/wp\/v2\/product_tag?post=3782"}],"curies":[{"name":"wp","href":"https:\/\/api.w.org\/{rel}","templated":true}]}}