{"id":3784,"date":"2023-04-11T05:52:28","date_gmt":"2023-04-11T05:52:28","guid":{"rendered":"http:\/\/site2.easyceotech.com\/?post_type=product&#038;p=3784"},"modified":"2024-04-26T05:40:01","modified_gmt":"2024-04-26T05:40:01","slug":"brilliant-blue","status":"publish","type":"product","link":"https:\/\/wpachem.com\/vi\/product\/brilliant-blue\/","title":{"rendered":"M\u00e0u xanh r\u1ef1c r\u1ee1"},"content":{"rendered":"<p><strong>\u0110\u1eb7c tr\u01b0ng:<\/strong><\/p>\n<p>Brilliant Blue (Blue 2\uff09 l\u00e0 c\u00e1c h\u1ea1t ho\u1eb7c b\u1ed9t m\u00e0u t\u00edm s\u1eabm \u0111\u1ebfn \u0111\u1ed3ng thau c\u00f3 \u00e1nh kim. Kh\u00f4ng m\u00f9i. Kh\u1ea3 n\u0103ng ch\u1ecbu \u00e1nh s\u00e1ng v\u00e0 ch\u1ecbu nhi\u1ec7t m\u1ea1nh. \u1ed4n \u0111\u1ecbnh v\u1edbi axit citric, axit tartric v\u00e0 baz\u01a1. H\u00f2a tan trong n\u01b0\u1edbc (18,7g \/ 100ml, 21\u2103), dung d\u1ecbch n\u01b0\u1edbc trung t\u00ednh 0,05% c\u00f3 m\u00e0u xanh lam trong. M\u00e0u l\u1ee5c lam trong axit y\u1ebfu, m\u00e0u v\u00e0ng trong axit m\u1ea1nh v\u00e0 ch\u1ec9 c\u00f3 m\u00e0u t\u00edm khi \u0111un s\u00f4i v\u00e0 th\u00eam ki\u1ec1m. H\u00f2a tan trong etanol (1,5g \/ 100ml, dung d\u1ecbch etanol 95%, 21\u2103). H\u00f2a tan trong glycerol v\u00e0 propylene glycol. V\u1edbi m\u00e0u v\u00e0ng chanh c\u00f3 th\u1ec3 ph\u00f9 h\u1ee3p v\u1edbi s\u1eafc t\u1ed1 m\u00e0u xanh l\u00e1 c\u00e2y.<\/p>\n<p><strong>\u1ee8ng d\u1ee5ng:<\/strong><\/p>\n<p>Brilliant Blue c\u00f3 th\u1ec3 \u0111\u01b0\u1ee3c s\u1eed d\u1ee5ng trong b\u00e1nh ng\u1ecdt, \u0111\u1ed3 u\u1ed1ng m\u00e1t, r\u01b0\u1ee3u vang ph\u01b0\u01a1ng T\u00e2y, v.v. V\u00ec m\u00e0u s\u1eafc m\u1ea1nh n\u00ean th\u01b0\u1eddng \u0111\u01b0\u1ee3c s\u1eed d\u1ee5ng v\u1edbi c\u00e1c ch\u1ea5t m\u00e0u kh\u00e1c. N\u00f3 c\u0169ng c\u00f3 th\u1ec3 \u0111\u01b0\u1ee3c s\u1eed d\u1ee5ng l\u00e0m ch\u1ea5t t\u1ea1o m\u00e0u cho thu\u1ed1c v\u00e0 m\u1ef9 ph\u1ea9m<\/p>\n<p>&nbsp;<\/p>","protected":false},"excerpt":{"rendered":"<p><strong>T\u00ean s\u1ea3n ph\u1ea9m:<\/strong> M\u00e0u xanh r\u1ef1c r\u1ee1<\/p>\n<p><strong>Ch\u1ec9 s\u1ed1 m\u00e0u: <\/strong>42090<\/p>\n<p><strong>Ch\u1ec9 s\u1ed1 m\u00e0u th\u1ef1c ph\u1ea9m: <\/strong>M\u00e0u xanh 2<\/p>\n<p><strong>S\u1ed1 CAS: <\/strong>3844-45-9<\/p>\n<p><strong>S\u1ed1 CNC:<\/strong> 08.007<\/p>","protected":false},"featured_media":3785,"template":"","meta":{"_acf_changed":false,"_gspb_post_css":""},"product_brand":[],"product_cat":[52,24],"product_tag":[],"class_list":{"0":"post-3784","1":"product","2":"type-product","3":"status-publish","4":"has-post-thumbnail","6":"product_cat-pigment","7":"product_cat-uncategorized","9":"first","10":"instock","11":"shipping-taxable","12":"product-type-simple"},"acf":[],"_links":{"self":[{"href":"https:\/\/wpachem.com\/vi\/wp-json\/wp\/v2\/product\/3784","targetHints":{"allow":["GET"]}}],"collection":[{"href":"https:\/\/wpachem.com\/vi\/wp-json\/wp\/v2\/product"}],"about":[{"href":"https:\/\/wpachem.com\/vi\/wp-json\/wp\/v2\/types\/product"}],"version-history":[{"count":0,"href":"https:\/\/wpachem.com\/vi\/wp-json\/wp\/v2\/product\/3784\/revisions"}],"wp:featuredmedia":[{"embeddable":true,"href":"https:\/\/wpachem.com\/vi\/wp-json\/wp\/v2\/media\/3785"}],"wp:attachment":[{"href":"https:\/\/wpachem.com\/vi\/wp-json\/wp\/v2\/media?parent=3784"}],"wp:term":[{"taxonomy":"product_brand","embeddable":true,"href":"https:\/\/wpachem.com\/vi\/wp-json\/wp\/v2\/product_brand?post=3784"},{"taxonomy":"product_cat","embeddable":true,"href":"https:\/\/wpachem.com\/vi\/wp-json\/wp\/v2\/product_cat?post=3784"},{"taxonomy":"product_tag","embeddable":true,"href":"https:\/\/wpachem.com\/vi\/wp-json\/wp\/v2\/product_tag?post=3784"}],"curies":[{"name":"wp","href":"https:\/\/api.w.org\/{rel}","templated":true}]}}