{"id":3788,"date":"2023-04-11T05:59:15","date_gmt":"2023-04-11T05:59:15","guid":{"rendered":"http:\/\/site2.easyceotech.com\/?post_type=product&#038;p=3788"},"modified":"2024-04-26T05:40:00","modified_gmt":"2024-04-26T05:40:00","slug":"indigo-carmine","status":"publish","type":"product","link":"https:\/\/wpachem.com\/vi\/product\/indigo-carmine\/","title":{"rendered":"M\u00e0u ch\u00e0m \u0111\u1ecf th\u1eabm"},"content":{"rendered":"<p><strong>\u0110\u1eb7c tr\u01b0ng:<\/strong><\/p>\n<p>Indigo Carmine (Axit Blue 74) l\u00e0 b\u1ed9t m\u00e0u xanh lam \u0111\u1eadm c\u00f3 \u00e1nh kim lo\u1ea1i \u0111\u1ed3ng. Dung d\u1ecbch n\u01b0\u1edbc c\u00f3 m\u00e0u xanh lam ho\u1eb7c t\u00edm xanh. 1g h\u00f2a tan trong 100ml n\u01b0\u1edbc (25\u2103), tan \u00edt trong c\u1ed3n v\u00e0 kh\u00f4ng h\u00f2a tan trong h\u1ea7u h\u1ebft c\u00e1c dung m\u00f4i h\u1eefu c\u01a1. Nh\u1ea1y c\u1ea3m v\u1edbi ch\u1ea5t oxy h\u00f3a, m\u00e0u s\u1eafc s\u1ebd thay \u0111\u1ed5i d\u01b0\u1edbi t\u00e1c \u0111\u1ed9ng c\u1ee7a axit nitric v\u00e0 m\u00e0u c\u1ee7a dung d\u1ecbch n\u01b0\u1edbc s\u1ebd phai trong m\u1ed9t th\u1eddi gian d\u00e0i.<\/p>\n<p><strong>\u1ee8ng d\u1ee5ng:<\/strong><\/p>\n<p>Indigo Carmine \u0111\u01b0\u1ee3c s\u1eed d\u1ee5ng \u0111\u1ec3 t\u1ea1o m\u00e0u cho th\u1ef1c ph\u1ea9m, thu\u1ed1c v\u00e0 m\u1ef9 ph\u1ea9m h\u00e0ng ng\u00e0y. Indigo \u0103n \u0111\u01b0\u1ee3c l\u00e0 m\u1ed9t lo\u1ea1i thu\u1ed1c nhu\u1ed9m t\u1ed5ng h\u1ee3p \u0103n \u0111\u01b0\u1ee3c.<\/p>\n<p>&nbsp;<\/p>","protected":false},"excerpt":{"rendered":"<p><strong>T\u00ean s\u1ea3n ph\u1ea9m:<\/strong> M\u00e0u ch\u00e0m \u0111\u1ecf th\u1eabm<\/p>\n<p><strong>Ch\u1ec9 s\u1ed1 m\u00e0u: <\/strong>28317<\/p>\n<p><strong>Ch\u1ec9 s\u1ed1 m\u00e0u th\u1ef1c ph\u1ea9m: <\/strong>M\u00e0u xanh 1<\/p>\n<p><strong>S\u1ed1 CAS: 860-22-0<\/strong><\/p>\n<p><strong>S\u1ed1 CNC:<\/strong> 08.008<\/p>","protected":false},"featured_media":5554,"template":"","meta":{"_acf_changed":false,"_gspb_post_css":""},"product_brand":[],"product_cat":[52,24],"product_tag":[],"class_list":{"0":"post-3788","1":"product","2":"type-product","3":"status-publish","4":"has-post-thumbnail","6":"product_cat-pigment","7":"product_cat-uncategorized","9":"first","10":"instock","11":"shipping-taxable","12":"product-type-simple"},"acf":[],"_links":{"self":[{"href":"https:\/\/wpachem.com\/vi\/wp-json\/wp\/v2\/product\/3788","targetHints":{"allow":["GET"]}}],"collection":[{"href":"https:\/\/wpachem.com\/vi\/wp-json\/wp\/v2\/product"}],"about":[{"href":"https:\/\/wpachem.com\/vi\/wp-json\/wp\/v2\/types\/product"}],"version-history":[{"count":0,"href":"https:\/\/wpachem.com\/vi\/wp-json\/wp\/v2\/product\/3788\/revisions"}],"wp:featuredmedia":[{"embeddable":true,"href":"https:\/\/wpachem.com\/vi\/wp-json\/wp\/v2\/media\/5554"}],"wp:attachment":[{"href":"https:\/\/wpachem.com\/vi\/wp-json\/wp\/v2\/media?parent=3788"}],"wp:term":[{"taxonomy":"product_brand","embeddable":true,"href":"https:\/\/wpachem.com\/vi\/wp-json\/wp\/v2\/product_brand?post=3788"},{"taxonomy":"product_cat","embeddable":true,"href":"https:\/\/wpachem.com\/vi\/wp-json\/wp\/v2\/product_cat?post=3788"},{"taxonomy":"product_tag","embeddable":true,"href":"https:\/\/wpachem.com\/vi\/wp-json\/wp\/v2\/product_tag?post=3788"}],"curies":[{"name":"wp","href":"https:\/\/api.w.org\/{rel}","templated":true}]}}