{"id":3790,"date":"2023-04-11T09:14:03","date_gmt":"2023-04-11T09:14:03","guid":{"rendered":"http:\/\/site2.easyceotech.com\/?post_type=product&#038;p=3790"},"modified":"2024-04-26T05:40:00","modified_gmt":"2024-04-26T05:40:00","slug":"pearlescent-pigment","status":"publish","type":"product","link":"https:\/\/wpachem.com\/vi\/product\/pearlescent-pigment\/","title":{"rendered":"S\u1eafc t\u1ed1 ng\u1ecdc trai"},"content":{"rendered":"<p><strong>\u0110\u1eb7c tr\u01b0ng:<\/strong><\/p>\n<p>S\u1eafc t\u1ed1 ng\u1ecdc trai l\u00e0 m\u1ed9t lo\u1ea1i s\u1eafc t\u1ed1 hi\u1ec7u \u1ee9ng quang h\u1ecdc, v\u00ec n\u00f3 c\u00f3 th\u1ec3 cho th\u1ea5y m\u1ed9t \u0111\u1ed9 b\u00f3ng kim lo\u1ea1i nh\u1ea5t \u0111\u1ecbnh, v\u00ec v\u1eady n\u00f3 c\u0169ng \u0111\u01b0\u1ee3c g\u1ecdi l\u00e0 s\u1eafc t\u1ed1 kh\u00f4ng kim lo\u1ea1i c\u00f3 \u0111\u1ed9 b\u00f3ng kim lo\u1ea1i. S\u1eafc t\u1ed1 ng\u1ecdc trai c\u00f3 hi\u1ec7u \u1ee9ng l\u00f3e s\u00e1ng c\u1ee7a s\u1eafc t\u1ed1 kim lo\u1ea1i v\u00e0 c\u00f3 th\u1ec3 t\u1ea1o ra m\u00e0u s\u1eafc m\u1ec1m m\u1ea1i c\u1ee7a ng\u1ecdc trai t\u1ef1 nhi\u00ean. Khi ti\u1ebfp x\u00fac v\u1edbi \u00e1nh s\u00e1ng m\u1eb7t tr\u1eddi, n\u00f3 c\u00f3 th\u1ec3 t\u1ea1o ra s\u1ef1 ph\u1ea3n x\u1ea1 nhi\u1ec1u c\u1ea5p v\u00e0 \u00e1nh s\u00e1ng ph\u1ea3n x\u1ea1 t\u01b0\u01a1ng t\u00e1c v\u1edbi nhau \u0111\u1ec3 t\u1ea1o ra \u0111\u1ed9 b\u00f3ng v\u00e0 m\u00e0u s\u1eafc r\u1ef1c r\u1ee1 ho\u1eb7c r\u1ef1c r\u1ee1 m\u1ec1m m\u1ea1i. S\u1eafc t\u1ed1 ng\u1ecdc trai l\u00e0 ch\u1ea5t t\u1ea1o m\u00e0u quan tr\u1ecdng nh\u1ea5t cho m\u1ef9 ph\u1ea9m m\u1eb7t, m\u00f4i, m\u1eaft v\u00e0 m\u00f3ng tay. Kh\u1ea3 n\u0103ng ch\u1ed1ng \u0103n m\u00f2n h\u00f3a h\u1ecdc tuy\u1ec7t v\u1eddi, ch\u1ecbu nhi\u1ec7t \u0111\u1ed9 cao, h\u00e0m l\u01b0\u1ee3ng kim lo\u1ea1i n\u1eb7ng th\u1ea5p, ph\u00f9 h\u1ee3p v\u1edbi c\u00e1c ti\u00eau chu\u1ea9n k\u1ef9 thu\u1eadt an to\u00e0n c\u00f3 li\u00ean quan, v\u00ec v\u1eady n\u00f3 c\u00f3 th\u1ec3 \u0111\u01b0\u1ee3c s\u1eed d\u1ee5ng trong bao b\u00ec th\u1ef1c ph\u1ea9m v\u00e0 \u0111\u1ed3 ch\u01a1i tr\u1ebb em.<\/p>\n<p>&nbsp;<\/p>\n<p><strong>\u1ee8ng d\u1ee5ng:<\/strong><\/p>\n<ul>\n<li>1. H\u00e0ng d\u1ec7t may:<br \/>\nK\u1ebft h\u1ee3p c\u00e1c s\u1eafc t\u1ed1 x\u00e0 c\u1eeb v\u1edbi h\u00e0ng d\u1ec7t may c\u00f3 th\u1ec3 mang l\u1ea1i cho v\u1ea3i \u0111\u1ed9 b\u00f3ng x\u00e0 c\u1eeb v\u00e0 m\u00e0u s\u1eafc tuy\u1ec7t \u0111\u1eb9p.<\/li>\n<li>2: S\u01a1n:<br \/>\nC\u00e1c l\u1edbp ph\u1ee7 \u0111\u01b0\u1ee3c s\u1eed d\u1ee5ng trong s\u01a1n ho\u00e0n thi\u1ec7n \u00f4 t\u00f4, ph\u1ee5 t\u00f9ng \u00f4 t\u00f4, v\u1eadt li\u1ec7u x\u00e2y d\u1ef1ng, \u0111\u1ed3 gia d\u1ee5ng, v.v. s\u1ebd s\u1eed d\u1ee5ng s\u01a1n \u0111\u1ec3 \u0111\u1ed3ng th\u1eddi thay \u0111\u1ed5i m\u00e0u s\u1eafc nh\u1eb1m \u0111\u1ea1t \u0111\u01b0\u1ee3c m\u1ee9c \u0111\u1ed9 b\u1ea3o v\u1ec7 nh\u1ea5t \u0111\u1ecbnh.<\/li>\n<li>3. M\u1ef1c:<br \/>\nTrong l\u0129nh v\u1ef1c in \u1ea5n bao b\u00ec cao c\u1ea5p nh\u01b0 t\u00fai \u0111\u1ef1ng thu\u1ed1c l\u00e1, nh\u00e3n r\u01b0\u1ee3u cao c\u1ea5p, in ch\u1ed1ng h\u00e0ng gi\u1ea3 v\u00e0 c\u00e1c l\u0129nh v\u1ef1c kh\u00e1c.<\/li>\n<li>4. \u0110\u1ed3 g\u1ed1m:<br \/>\nVi\u1ec7c s\u1eed d\u1ee5ng c\u00e1c s\u1eafc t\u1ed1 x\u00e0 c\u1eeb v\u00e0o g\u1ed1m s\u1ee9 c\u00f3 th\u1ec3 mang l\u1ea1i cho ch\u00fang nh\u1eefng t\u00ednh ch\u1ea5t quang h\u1ecdc \u0111\u1eb7c bi\u1ec7t.<\/li>\n<li>5. Nh\u1ef1a:<br \/>\nB\u1ed9t m\u00e0u mica titan pearlite g\u1ea7n nh\u01b0 ph\u00f9 h\u1ee3p v\u1edbi t\u1ea5t c\u1ea3 c\u00e1c lo\u1ea1i nh\u1ef1a nhi\u1ec7t d\u1ebbo v\u00e0 nhi\u1ec7t r\u1eafn, kh\u00f4ng l\u00e0m s\u1ea3n ph\u1ea9m nh\u1ef1a b\u1ecb phai m\u00e0u ho\u1eb7c th\u00e0nh tro, c\u00f3 th\u1ec3 t\u1ea1o ra \u0111\u1ed9 b\u00f3ng kim lo\u1ea1i s\u00e1ng v\u00e0 hi\u1ec7u \u1ee9ng pearlite.<\/li>\n<li>6. Trang \u0111i\u1ec3m:<br \/>\nS\u1ef1 \u0111a d\u1ea1ng, hi\u1ec7u su\u1ea5t v\u00e0 m\u00e0u s\u1eafc c\u1ee7a m\u1ef9 ph\u1ea9m ph\u1ee5 thu\u1ed9c v\u00e0o s\u1ef1 \u0111a d\u1ea1ng c\u1ee7a c\u00e1c s\u1eafc t\u1ed1 \u0111\u01b0\u1ee3c s\u1eed d\u1ee5ng trong \u0111\u00f3. C\u00e1c s\u1eafc t\u1ed1 ng\u1ecdc trai \u0111\u01b0\u1ee3c s\u1eed d\u1ee5ng r\u1ed9ng r\u00e3i l\u00e0m s\u1eafc t\u1ed1 m\u1ef9 ph\u1ea9m v\u00ec kh\u1ea3 n\u0103ng che ph\u1ee7 m\u1ea1nh ho\u1eb7c \u0111\u1ed9 trong su\u1ed1t cao, m\u00e0u s\u1eafc t\u1ed1t, ph\u1ed5 r\u1ed9ng v\u00e0 c\u00e1c \u0111\u1eb7c \u0111i\u1ec3m kh\u00e1c.<\/li>\n<li>7. Nh\u1eefng ng\u01b0\u1eddi kh\u00e1c<br \/>\nS\u1eafc t\u1ed1 ng\u1ecdc trai c\u0169ng \u0111\u01b0\u1ee3c s\u1eed d\u1ee5ng trong s\u1ea3n xu\u1ea5t kh\u00e1c v\u00e0 cu\u1ed9c s\u1ed1ng h\u00e0ng ng\u00e0y. Ch\u1eb3ng h\u1ea1n nh\u01b0 v\u1ebb ngo\u00e0i gi\u1ea3 t\u1ea1o c\u1ee7a ph\u1ea5n t\u1ea1o kh\u1ed1i, \u1ee9ng d\u1ee5ng \u0111\u00e1 nh\u00e2n t\u1ea1o<\/li>\n<\/ul>\n<p>&nbsp;<\/p>\n<p>\u0110\u1ec3 bi\u1ebft th\u00f4ng tin chi ti\u1ebft h\u01a1n v\u1ec1 s\u1ea3n ph\u1ea9m, vui l\u00f2ng li\u00ean h\u1ec7 v\u1edbi ch\u00fang t\u00f4i.<\/p>","protected":false},"excerpt":{"rendered":"<p>T\u00ean s\u1ea3n ph\u1ea9m: B\u1ed9t m\u00e0u ng\u1ecdc trai<\/p>\n<p>\u1ee8ng d\u1ee5ng: S\u01a1n, nh\u1ef1a, cao su, m\u1ef1c, m\u1ef9 ph\u1ea9m, v.v.<\/p>\n<p>&nbsp;<\/p>","protected":false},"featured_media":5558,"template":"","meta":{"_acf_changed":false,"_gspb_post_css":""},"product_brand":[],"product_cat":[52,24],"product_tag":[],"class_list":{"0":"post-3790","1":"product","2":"type-product","3":"status-publish","4":"has-post-thumbnail","6":"product_cat-pigment","7":"product_cat-uncategorized","9":"first","10":"instock","11":"shipping-taxable","12":"product-type-simple"},"acf":[],"_links":{"self":[{"href":"https:\/\/wpachem.com\/vi\/wp-json\/wp\/v2\/product\/3790","targetHints":{"allow":["GET"]}}],"collection":[{"href":"https:\/\/wpachem.com\/vi\/wp-json\/wp\/v2\/product"}],"about":[{"href":"https:\/\/wpachem.com\/vi\/wp-json\/wp\/v2\/types\/product"}],"version-history":[{"count":0,"href":"https:\/\/wpachem.com\/vi\/wp-json\/wp\/v2\/product\/3790\/revisions"}],"wp:featuredmedia":[{"embeddable":true,"href":"https:\/\/wpachem.com\/vi\/wp-json\/wp\/v2\/media\/5558"}],"wp:attachment":[{"href":"https:\/\/wpachem.com\/vi\/wp-json\/wp\/v2\/media?parent=3790"}],"wp:term":[{"taxonomy":"product_brand","embeddable":true,"href":"https:\/\/wpachem.com\/vi\/wp-json\/wp\/v2\/product_brand?post=3790"},{"taxonomy":"product_cat","embeddable":true,"href":"https:\/\/wpachem.com\/vi\/wp-json\/wp\/v2\/product_cat?post=3790"},{"taxonomy":"product_tag","embeddable":true,"href":"https:\/\/wpachem.com\/vi\/wp-json\/wp\/v2\/product_tag?post=3790"}],"curies":[{"name":"wp","href":"https:\/\/api.w.org\/{rel}","templated":true}]}}