{"id":5147,"date":"2023-11-23T07:32:12","date_gmt":"2023-11-23T07:32:12","guid":{"rendered":"https:\/\/wpachem.com\/?post_type=product&#038;p=5147"},"modified":"2023-11-23T07:32:13","modified_gmt":"2023-11-23T07:32:13","slug":"natural-sweetener-stevia-%ef%bc%88stevioside%ef%bc%89ra80-ra95-ra97-ra98-ra99-cas-57817-89-7","status":"publish","type":"product","link":"https:\/\/wpachem.com\/vi\/product\/natural-sweetener-stevia-%ef%bc%88stevioside%ef%bc%89ra80-ra95-ra97-ra98-ra99-cas-57817-89-7\/","title":{"rendered":"Ch\u1ea5t t\u1ea1o ng\u1ecdt t\u1ef1 nhi\u00ean Stevia (Stevioside) RA80% RA95% RA97% RA98% RA99% CAS 57817-89-7"},"content":{"rendered":"<p>Stevioside c\u00f2n \u0111\u01b0\u1ee3c g\u1ecdi l\u00e0 stevia, stevia v\u00e0 chi\u1ebft xu\u1ea5t stevia, l\u00e0 m\u1ed9t th\u00e0nh ph\u1ea7n ng\u1ecdt m\u1ea1nh c\u00f3 trong stevia rebaudianabertoni. N\u00f3 \u0111\u01b0\u1ee3c chi\u1ebft xu\u1ea5t t\u1eeb l\u00e1 v\u00e0 tinh ch\u1ebf. Steviol glycoside l\u00e0 tinh th\u1ec3 kh\u00f4ng m\u00e0u c\u00f3 \u0111\u1ed9 ng\u1ecdt g\u1ea5p 200 \u0111\u1ebfn 300 l\u1ea7n so v\u1edbi sucrose. Ch\u00fang c\u00f3 m\u00f9i th\u01a1m nh\u1eb9 c\u1ee7a menthol v\u00e0 m\u1ed9t l\u01b0\u1ee3ng nh\u1ecf ch\u1ea5t l\u00e0m se. Ch\u00fang c\u00f3 \u0111\u1ed9 \u1ed5n \u0111\u1ecbnh nhi\u1ec7t m\u1ea1nh v\u00e0 kh\u00f4ng d\u1ec5 ph\u00e2n h\u1ee7y.<\/p>\n<p>Nhi\u1ec1u cu\u1ed9c th\u1eed nghi\u1ec7m \u0111\u00e3 ch\u1ee9ng minh r\u1eb1ng Stevia c\u1ee7a Chemicalbook kh\u00f4ng c\u00f3 t\u00e1c d\u1ee5ng ph\u1ee5 \u0111\u1ed9c h\u1ea1i, kh\u00f4ng c\u00f3 ch\u1ea5t g\u00e2y ung th\u01b0, an to\u00e0n khi s\u1eed d\u1ee5ng, c\u00f3 t\u00ednh m\u00e1t v\u00e0 ng\u1ecdt, l\u00e0 ch\u1ea5t thay th\u1ebf sucrose t\u1ef1 nhi\u00ean c\u00f3 gi\u00e1 tr\u1ecb v\u00e0 l\u00e0nh m\u1ea1nh th\u1ee9 ba sau \u0111\u01b0\u1eddng m\u00eda v\u00e0 \u0111\u01b0\u1eddng c\u1ee7 c\u1ea3i \u0111\u01b0\u1eddng. N\u00f3 \u0111\u01b0\u1ee3c bi\u1ebft \u0111\u1ebfn l\u00e0 &quot;Ngu\u1ed3n \u0111\u01b0\u1eddng th\u1ee9 ba tr\u00ean th\u1ebf gi\u1edbi.<\/p>\n<p><strong>\u1ee8ng d\u1ee5ng<\/strong><br \/>\nSteviol glycoside c\u00f3 th\u1ec3 \u0111\u01b0\u1ee3c s\u1eed d\u1ee5ng trong k\u1eb9o, b\u00e1nh ng\u1ecdt, \u0111\u1ed3 u\u1ed1ng, \u0111\u1ed3 u\u1ed1ng r\u1eafn, \u0111\u1ed3 \u0103n nh\u1eb9 chi\u00ean, \u0111\u1ed3 h\u1ed9p, tr\u00e1i c\u00e2y b\u1ea3o qu\u1ea3n, gia v\u1ecb, kem m\u1ec1m v\u00e0 t\u00e1 d\u01b0\u1ee3c d\u01b0\u1ee3c ph\u1ea9m, v.v. L\u01b0\u1ee3ng s\u1eed d\u1ee5ng n\u00ean \u0111\u01b0\u1ee3c s\u1eed d\u1ee5ng v\u1edbi l\u01b0\u1ee3ng ph\u00f9 h\u1ee3p theo nhu c\u1ea7u s\u1ea3n xu\u1ea5t.<\/p>\n<p><strong>\u0110\u00f3ng g\u00f3i &amp; L\u01b0u tr\u1eef<\/strong><br \/>\n25KG\/T\u00daI ho\u1eb7c 25 KG\/TH\u00d9NG<\/p>\n<p>&nbsp;<\/p>\n<p>&nbsp;<\/p>","protected":false},"excerpt":{"rendered":"<p>T\u00ean s\u1ea3n ph\u1ea9m: Stevia (Stevioside)<\/p>\n<p>CAS\uff1a57817-89-7<\/p>\n<p>Ch\u1ea5t trung gian: C38H60O18<\/p>\n<p>Ngo\u1ea1i quan: Tinh th\u1ec3 kh\u00f4ng m\u00e0u ho\u1eb7c b\u1ed9t tinh th\u1ec3 m\u00e0u tr\u1eafng, kh\u00f4ng m\u00f9i, v\u1ecb ng\u1ecdt \u0111\u1eadm, v\u1ecb ng\u1ecdt tinh khi\u1ebft, khi n\u1ed3ng \u0111\u1ed9 cao h\u01a1i \u0111\u1eafng, \u0111\u1ed9 ng\u1ecdt g\u1ea5p kho\u1ea3ng 300 l\u1ea7n \u0111\u01b0\u1eddng sucrose.<\/p>","protected":false},"featured_media":5171,"template":"","meta":{"_acf_changed":false,"_gspb_post_css":""},"product_brand":[],"product_cat":[55,56],"product_tag":[],"class_list":{"0":"post-5147","1":"product","2":"type-product","3":"status-publish","4":"has-post-thumbnail","6":"product_cat-food-additives","7":"product_cat-sweetener","9":"first","10":"instock","11":"shipping-taxable","12":"product-type-simple"},"acf":[],"_links":{"self":[{"href":"https:\/\/wpachem.com\/vi\/wp-json\/wp\/v2\/product\/5147","targetHints":{"allow":["GET"]}}],"collection":[{"href":"https:\/\/wpachem.com\/vi\/wp-json\/wp\/v2\/product"}],"about":[{"href":"https:\/\/wpachem.com\/vi\/wp-json\/wp\/v2\/types\/product"}],"version-history":[{"count":0,"href":"https:\/\/wpachem.com\/vi\/wp-json\/wp\/v2\/product\/5147\/revisions"}],"wp:featuredmedia":[{"embeddable":true,"href":"https:\/\/wpachem.com\/vi\/wp-json\/wp\/v2\/media\/5171"}],"wp:attachment":[{"href":"https:\/\/wpachem.com\/vi\/wp-json\/wp\/v2\/media?parent=5147"}],"wp:term":[{"taxonomy":"product_brand","embeddable":true,"href":"https:\/\/wpachem.com\/vi\/wp-json\/wp\/v2\/product_brand?post=5147"},{"taxonomy":"product_cat","embeddable":true,"href":"https:\/\/wpachem.com\/vi\/wp-json\/wp\/v2\/product_cat?post=5147"},{"taxonomy":"product_tag","embeddable":true,"href":"https:\/\/wpachem.com\/vi\/wp-json\/wp\/v2\/product_tag?post=5147"}],"curies":[{"name":"wp","href":"https:\/\/api.w.org\/{rel}","templated":true}]}}