{"id":5160,"date":"2023-11-21T10:28:24","date_gmt":"2023-11-21T10:28:24","guid":{"rendered":"https:\/\/wpachem.com\/?post_type=product&#038;p=5160"},"modified":"2023-11-22T09:45:59","modified_gmt":"2023-11-22T09:45:59","slug":"ocimene-37-dimethylocta-136-triene-cas13877-91-3","status":"publish","type":"product","link":"https:\/\/wpachem.com\/vi\/product\/ocimene-37-dimethylocta-136-triene-cas13877-91-3\/","title":{"rendered":"Ocimene (3,7-dimethylocta-1,3,6-triene) CAS13877-91-3"},"content":{"rendered":"<p><strong>\u0110\u1eb7c \u0111i\u1ec3m<\/strong><\/p>\n<table>\n<tbody>\n<tr>\n<td width=\"116\"><strong><b>Tr\u1ea1ng th\u00e1i v\u1eadt l\u00fd<\/b><\/strong><\/td>\n<td width=\"275\">Ch\u1ea5t l\u1ecfng.<\/td>\n<\/tr>\n<tr>\n<td width=\"116\"><strong><b>M\u00e0u s\u1eafc<\/b><\/strong><\/td>\n<td width=\"275\">Kh\u00f4ng m\u00e0u.<\/td>\n<\/tr>\n<tr>\n<td width=\"116\"><strong><b>M\u00f9i<\/b><\/strong><\/td>\n<td width=\"275\">kh\u00f4ng c\u00f3 d\u1eef li\u1ec7u c\u00f3 s\u1eb5n<\/td>\n<\/tr>\n<tr>\n<td width=\"116\"><strong><b>\u0110i\u1ec3m n\u00f3ng ch\u1ea3y\/\u0111i\u1ec3m \u0111\u00f3ng b\u0103ng<\/b><\/strong><\/td>\n<td width=\"275\">&lt; -20 \u00b0C. \u00c1p su\u1ea5t Atm.:101 320 \u2013 101 325 Pa.<\/td>\n<\/tr>\n<tr>\n<td width=\"116\"><strong><b>\u0110i\u1ec3m s\u00f4i ho\u1eb7c \u0111i\u1ec3m s\u00f4i ban \u0111\u1ea7u v\u00e0 ph\u1ea1m vi s\u00f4i<\/b><\/strong><\/td>\n<td width=\"275\">184,1 \u00b0C. \u00c1p su\u1ea5t Atm.:101 325 Pa.<\/td>\n<\/tr>\n<tr>\n<td width=\"116\"><strong><b>T\u00ednh d\u1ec5 ch\u00e1y<\/b><\/strong><\/td>\n<td width=\"275\">kh\u00f4ng c\u00f3 d\u1eef li\u1ec7u c\u00f3 s\u1eb5n<\/td>\n<\/tr>\n<tr>\n<td width=\"116\"><strong><b>Gi\u1edbi h\u1ea1n n\u1ed5 tr\u00ean v\u00e0 d\u01b0\u1edbi\/gi\u1edbi h\u1ea1n ch\u00e1y n\u1ed5<\/b><\/strong><\/td>\n<td width=\"275\">kh\u00f4ng c\u00f3 d\u1eef li\u1ec7u c\u00f3 s\u1eb5n<\/td>\n<\/tr>\n<tr>\n<td width=\"116\"><strong><b>\u0110i\u1ec3m ch\u1edbp ch\u00e1y<\/b><\/strong><\/td>\n<td width=\"275\">56 \u00b0C. \u00c1p su\u1ea5t Atm.:101 300 Pa.<\/td>\n<\/tr>\n<tr>\n<td width=\"116\"><strong><b>Nhi\u1ec7t \u0111\u1ed9 t\u1ef1 b\u1ed1c ch\u00e1y<\/b><\/strong><\/td>\n<td width=\"275\">280 \u00b0C. \u00c1p su\u1ea5t Atm.:103 kPa.<\/td>\n<\/tr>\n<tr>\n<td width=\"116\"><strong><b>Nhi\u1ec7t \u0111\u1ed9 ph\u00e2n h\u1ee7y<\/b><\/strong><\/td>\n<td width=\"275\">kh\u00f4ng c\u00f3 d\u1eef li\u1ec7u c\u00f3 s\u1eb5n<\/td>\n<\/tr>\n<tr>\n<td width=\"116\"><strong><b>\u0111\u1ed9 pH<\/b><\/strong><\/td>\n<td width=\"275\">kh\u00f4ng c\u00f3 d\u1eef li\u1ec7u c\u00f3 s\u1eb5n<\/td>\n<\/tr>\n<tr>\n<td width=\"116\"><strong><b>\u0110\u1ed9 nh\u1edbt \u0111\u1ed9ng h\u1ecdc<\/b><\/strong><\/td>\n<td width=\"275\">c Poise = 0,64. Nhi\u1ec7t \u0111\u1ed9: 25,0\u00b0C.<\/td>\n<\/tr>\n<tr>\n<td width=\"116\"><strong><b>\u0110\u1ed9 h\u00f2a tan<\/b><\/strong><\/td>\n<td width=\"275\">Trong n\u01b0\u1edbc: 14,5 mg\/L. Nhi\u1ec7t \u0111\u1ed9: 24 \u00b0C. L\u01b0u \u00fd: \u0110\u1ed9 pH kh\u00f4ng \u0111\u01b0\u1ee3c coi l\u00e0 quan tr\u1ecdng d\u1ef1a tr\u00ean s\u1ef1 v\u1eafng m\u1eb7t c\u1ee7a c\u00e1c \u0111\u1eb7c \u0111i\u1ec3m c\u1ea5u tr\u00fac axit v\u00e0 baz\u01a1 trong c\u1ea5u tr\u00fac ph\u00e2n t\u1eed c\u1ee7a n\u00f3. Do \u0111\u00f3, \u0111\u1ed9 pH c\u1ee7a dung d\u1ecbch d\u1ef1 ki\u1ebfn s\u1ebd v\u00e0o kho\u1ea3ng 7.<\/td>\n<\/tr>\n<tr>\n<td width=\"116\"><strong><b>H\u1ec7 s\u1ed1 ph\u00e2n chia n-octanol\/n\u01b0\u1edbc<\/b><\/strong><\/td>\n<td width=\"275\">log Pow = 5,4. Nhi\u1ec7t \u0111\u1ed9: 25 \u00b0C. L\u01b0u \u00fd: Kh\u00f4ng c\u1ea7n PH v\u00ec kh\u00f4ng c\u00f3 nh\u00f3m axit v\u00e0 nh\u00f3m baz\u01a1.<\/td>\n<\/tr>\n<tr>\n<td width=\"116\"><strong><b>\u00c1p su\u1ea5t h\u01a1i<\/b><\/strong><\/td>\n<td width=\"275\">220,7 Pa. Nhi\u1ec7t \u0111\u1ed9: 24 \u00b0C.<\/td>\n<\/tr>\n<tr>\n<td width=\"116\"><strong><b>M\u1eadt \u0111\u1ed9 v\u00e0\/ho\u1eb7c m\u1eadt \u0111\u1ed9 t\u01b0\u01a1ng \u0111\u1ed1i<\/b><\/strong><\/td>\n<td width=\"275\">0,798 (t\u01b0\u01a1ng \u1ee9ng v\u1edbi D4(20)). Nhi\u1ec7t \u0111\u1ed9:20 \u00b0C.<\/td>\n<\/tr>\n<\/tbody>\n<\/table>\n<p><strong>\u0110\u00f3ng g\u00f3i &amp; l\u01b0u tr\u1eef<\/strong><\/p>\n<p>B\u1ea3o qu\u1ea3n \u1edf n\u01a1i th\u00f4ng tho\u00e1ng. Gi\u1eef m\u00e1t.<\/p>","protected":false},"excerpt":{"rendered":"<p>T\u00ean s\u1ea3n ph\u1ea9m: Ocimene<\/p>\n<p>S\u1ed1 hi\u1ec7u: 13877-91-3<\/p>\n<p>MF: C10H16<\/p>\n<p>Ngo\u1ea1i quan: Ch\u1ea5t l\u1ecfng kh\u00f4ng m\u00e0u<\/p>","protected":false},"featured_media":4674,"template":"","meta":{"_acf_changed":false,"_gspb_post_css":""},"product_brand":[],"product_cat":[61],"product_tag":[],"class_list":{"0":"post-5160","1":"product","2":"type-product","3":"status-publish","4":"has-post-thumbnail","6":"product_cat-flavor-and-fragrance","8":"first","9":"instock","10":"shipping-taxable","11":"product-type-simple"},"acf":[],"_links":{"self":[{"href":"https:\/\/wpachem.com\/vi\/wp-json\/wp\/v2\/product\/5160","targetHints":{"allow":["GET"]}}],"collection":[{"href":"https:\/\/wpachem.com\/vi\/wp-json\/wp\/v2\/product"}],"about":[{"href":"https:\/\/wpachem.com\/vi\/wp-json\/wp\/v2\/types\/product"}],"version-history":[{"count":0,"href":"https:\/\/wpachem.com\/vi\/wp-json\/wp\/v2\/product\/5160\/revisions"}],"wp:featuredmedia":[{"embeddable":true,"href":"https:\/\/wpachem.com\/vi\/wp-json\/wp\/v2\/media\/4674"}],"wp:attachment":[{"href":"https:\/\/wpachem.com\/vi\/wp-json\/wp\/v2\/media?parent=5160"}],"wp:term":[{"taxonomy":"product_brand","embeddable":true,"href":"https:\/\/wpachem.com\/vi\/wp-json\/wp\/v2\/product_brand?post=5160"},{"taxonomy":"product_cat","embeddable":true,"href":"https:\/\/wpachem.com\/vi\/wp-json\/wp\/v2\/product_cat?post=5160"},{"taxonomy":"product_tag","embeddable":true,"href":"https:\/\/wpachem.com\/vi\/wp-json\/wp\/v2\/product_tag?post=5160"}],"curies":[{"name":"wp","href":"https:\/\/api.w.org\/{rel}","templated":true}]}}