{"id":5162,"date":"2023-11-22T09:42:23","date_gmt":"2023-11-22T09:42:23","guid":{"rendered":"https:\/\/wpachem.com\/?post_type=product&#038;p=5162"},"modified":"2023-11-22T09:43:48","modified_gmt":"2023-11-22T09:43:48","slug":"citral-cas-5392-40-5","status":"publish","type":"product","link":"https:\/\/wpachem.com\/vi\/product\/citral-cas-5392-40-5\/","title":{"rendered":"Citral CAS 5392-40-5"},"content":{"rendered":"<p>\u0110\u1eb7c \u0111i\u1ec3m<\/p>\n<ul class=\"list3\">\n<li>Ngo\u1ea1i quan: ch\u1ea5t l\u1ecfng trong su\u1ed1t m\u00e0u v\u00e0ng nh\u1ea1t<\/li>\n<li>\u0110i\u1ec3m n\u00f3ng ch\u1ea3y\/\u0111i\u1ec3m \u0111\u00f3ng b\u0103ng\u0110i\u1ec3m n\u00f3ng ch\u1ea3y\/ph\u1ea1m vi: &lt; -10 \u00b0C<\/li>\n<li>\u0110i\u1ec3m s\u00f4i ban \u0111\u1ea7u v\u00e0 ph\u1ea1m vi s\u00f4i: 229 \u00b0C \u2013 s\u00e1ng.<\/li>\n<li>\u0110i\u1ec3m ch\u1edbp ch\u00e1y: 98 \u00b0C \u2013 DIN 51758<\/li>\n<li>Gi\u1edbi h\u1ea1n ch\u00e1y n\u1ed5 tr\u00ean\/d\u01b0\u1edbi: Gi\u1edbi h\u1ea1n n\u1ed5 tr\u00ean: 9,9 %(V) Gi\u1edbi h\u1ea1n n\u1ed5 d\u01b0\u1edbi: 4,3 %(V)<\/li>\n<li>\u00c1p su\u1ea5t h\u01a1i &lt; 0,1 hPa \u1edf 25 \u00b0C<\/li>\n<li>M\u1eadt \u0111\u1ed9 h\u01a1i5 (so v\u1edbi kh\u00f4ng kh\u00ed)<\/li>\n<li>M\u1eadt \u0111\u1ed9 t\u01b0\u01a1ng \u0111\u1ed1i0,89 \u1edf 20 \u00b0C<\/li>\n<li>\u0110\u1ed9 h\u00f2a tan trong n\u01b0\u1edbc 0,42 g\/l \u1edf 25 \u00b0C \u2013 H\u01b0\u1edbng d\u1eabn th\u1eed nghi\u1ec7m OECD 105<\/li>\n<li>H\u1ec7 s\u1ed1 ph\u00e2n chia: n-octanol\/n\u01b0\u1edbc Pow: 2,76 \u1edf 25 \u00b0C<\/li>\n<li>Nhi\u1ec7t \u0111\u1ed9 t\u1ef1 b\u1ed1c ch\u00e1y225 \u00b0C \u1edf 1.013 hPa \u2013 DIN 51794<\/li>\n<li>\u0110\u1ed9 nh\u1edbt\u0110\u1ed9 nh\u1edbt, \u0111\u1ed9ng h\u1ecdc: 1,67 mm2\/s \u1edf 40 \u00b0C \u2013 H\u01b0\u1edbng d\u1eabn th\u1eed nghi\u1ec7m OECD 105<\/li>\n<li>H\u1ec7 s\u1ed1 ph\u00e2n chia: n-octanol\/n\u01b0\u1edbc Pow: 2,76 \u1edf 25 \u00b0C<\/li>\n<li>Nhi\u1ec7t \u0111\u1ed9 t\u1ef1 b\u1ed1c ch\u00e1y225 \u00b0C \u1edf 1.013 hPa \u2013 DIN 51794<\/li>\n<li>\u0110\u1ed9 nh\u1edbt\u0110\u1ed9 nh\u1edbt, \u0111\u1ed9ng h\u1ecdc: 1,67 mm2\/s \u1edf 40 \u00b0C \u2013 H\u01b0\u1edbng d\u1eabn th\u1eed nghi\u1ec7m OECD 114<\/li>\n<\/ul>\n<p>\u0110\u00f3ng g\u00f3i &amp; L\u01b0u tr\u1eef<\/p>\n<p>1kg;25kg \u0110\u00f3ng ch\u1eb7t<\/p>\n<p>&nbsp;<\/p>","protected":false},"excerpt":{"rendered":"<p>T\u00ean s\u1ea3n ph\u1ea9m: Citral<\/p>\n<p>S\u1ed1 hi\u1ec7u: 5392-40-5<\/p>\n<p>Nguy\u00ean t\u1eed: C10H16O<\/p>\n<p>Ngo\u1ea1i quan: Ch\u1ea5t l\u1ecfng trong su\u1ed1t m\u00e0u v\u00e0ng nh\u1ea1t<\/p>","protected":false},"featured_media":3321,"template":"","meta":{"_acf_changed":false,"_gspb_post_css":""},"product_brand":[],"product_cat":[61],"product_tag":[],"class_list":{"0":"post-5162","1":"product","2":"type-product","3":"status-publish","4":"has-post-thumbnail","6":"product_cat-flavor-and-fragrance","8":"first","9":"instock","10":"shipping-taxable","11":"product-type-simple"},"acf":[],"_links":{"self":[{"href":"https:\/\/wpachem.com\/vi\/wp-json\/wp\/v2\/product\/5162","targetHints":{"allow":["GET"]}}],"collection":[{"href":"https:\/\/wpachem.com\/vi\/wp-json\/wp\/v2\/product"}],"about":[{"href":"https:\/\/wpachem.com\/vi\/wp-json\/wp\/v2\/types\/product"}],"version-history":[{"count":0,"href":"https:\/\/wpachem.com\/vi\/wp-json\/wp\/v2\/product\/5162\/revisions"}],"wp:featuredmedia":[{"embeddable":true,"href":"https:\/\/wpachem.com\/vi\/wp-json\/wp\/v2\/media\/3321"}],"wp:attachment":[{"href":"https:\/\/wpachem.com\/vi\/wp-json\/wp\/v2\/media?parent=5162"}],"wp:term":[{"taxonomy":"product_brand","embeddable":true,"href":"https:\/\/wpachem.com\/vi\/wp-json\/wp\/v2\/product_brand?post=5162"},{"taxonomy":"product_cat","embeddable":true,"href":"https:\/\/wpachem.com\/vi\/wp-json\/wp\/v2\/product_cat?post=5162"},{"taxonomy":"product_tag","embeddable":true,"href":"https:\/\/wpachem.com\/vi\/wp-json\/wp\/v2\/product_tag?post=5162"}],"curies":[{"name":"wp","href":"https:\/\/api.w.org\/{rel}","templated":true}]}}