{"id":5165,"date":"2023-11-22T09:57:41","date_gmt":"2023-11-22T09:57:41","guid":{"rendered":"https:\/\/wpachem.com\/?post_type=product&#038;p=5165"},"modified":"2023-11-22T09:57:41","modified_gmt":"2023-11-22T09:57:41","slug":"linalool-cas-78-70-6","status":"publish","type":"product","link":"https:\/\/wpachem.com\/vi\/product\/linalool-cas-78-70-6\/","title":{"rendered":"Linalool CAS 78-70-6"},"content":{"rendered":"<p><strong>\u0110\u1eb7c \u0111i\u1ec3m<\/strong><\/p>\n<ul class=\"list3\">\n<li>Ngo\u1ea1i quan: Ch\u1ea5t l\u1ecfng trong su\u1ed1t kh\u00f4ng m\u00e0u<\/li>\n<li>M\u00f9i h\u01b0\u01a1ng: Hoa d\u1ec5 ch\u1ecbu<\/li>\n<li>pH: 4,5 \u1edf 1,45 g\/l \u1edf 25 \u00b0C<\/li>\n<li>\u0110i\u1ec3m n\u00f3ng ch\u1ea3y: &lt; -100 \u00b0C<\/li>\n<li>\u0110i\u1ec3m \u0111\u00f3ng b\u0103ng: &gt;-74 \u00b0C \u1edf ca.993 hPa \u2013 H\u01b0\u1edbng d\u1eabn th\u1eed nghi\u1ec7m OECD 102<\/li>\n<li>\u0110i\u1ec3m s\u00f4i ban \u0111\u1ea7u v\u00e0 ph\u1ea1m vi s\u00f4i: 194 \u2013 197 \u00b0C \u1edf 960 hPa \u2013 lit.<\/li>\n<li>\u0110i\u1ec3m ch\u1edbp ch\u00e1y: ca.77,2 \u00b0C \u2013 c\u1ed1c k\u00edn Pensky-Martens \u2013 ISO 271981 \u00b0C \u2013 c\u1ed1c k\u00edn \u2013 DIN 51758<\/li>\n<li>Gi\u1edbi h\u1ea1n n\u1ed5 tr\u00ean: 5,2 %(V) Gi\u1edbi h\u1ea1n n\u1ed5 d\u01b0\u1edbi: 0,9 %(V)<\/li>\n<li>\u00c1p su\u1ea5t h\u01a1i: 0,27 hPa \u1edf 25 \u00b0C \u2013 H\u01b0\u1edbng d\u1eabn th\u1eed nghi\u1ec7m OECD 104<\/li>\n<li>M\u1eadt \u0111\u1ed9 t\u01b0\u01a1ng \u0111\u1ed1i: 0,87 g\/cm3 \u1edf 25 \u00b0C \u2013 s\u00e1ng.<\/li>\n<li>\u0110\u1ed9 tan trong n\u01b0\u1edbc: \u00edt tan<\/li>\n<li>H\u1ec7 s\u1ed1 ph\u00e2n chia: n-octanol\/n\u01b0\u1edbc Pow: 2,84 \u1edf 25 \u00b0C \u2013 H\u01b0\u1edbng d\u1eabn th\u1eed nghi\u1ec7m OECD 107 \u2013 Kh\u00f4ng mong \u0111\u1ee3i c\u00f3 hi\u1ec7n t\u01b0\u1ee3ng t\u00edch l\u0169y sinh h\u1ecdc. log Pow: 2,7 \u1edf 25 \u00b0C \u2013 H\u01b0\u1edbng d\u1eabn th\u1eed nghi\u1ec7m OECD 107 \u2013 Kh\u00f4ng mong \u0111\u1ee3i c\u00f3 hi\u1ec7n t\u01b0\u1ee3ng t\u00edch l\u0169y sinh h\u1ecdc.<\/li>\n<li>Nhi\u1ec7t \u0111\u1ed9 ph\u00e2n h\u1ee7y kho\u1ea3ng&gt;200 \u00b0C \u2013 C\u00f3 th\u1ec3 ch\u01b0ng c\u1ea5t \u1edf tr\u1ea1ng th\u00e1i ch\u01b0a ph\u00e2n h\u1ee7y \u1edf \u00e1p su\u1ea5t b\u00ecnh th\u01b0\u1eddng.<\/li>\n<\/ul>\n<p><strong>\u0110\u00f3ng g\u00f3i &amp; l\u01b0u tr\u1eef<\/strong><\/p>\n<p>\u0110\u1eady k\u00edn h\u1ed9p \u0111\u1ef1ng v\u00e0 b\u1ea3o qu\u1ea3n \u1edf n\u01a1i kh\u00f4 r\u00e1o, th\u00f4ng gi\u00f3 t\u1ed1t.<\/p>\n<p>B\u1ea3o qu\u1ea3n n\u01a1i tho\u00e1ng m\u00e1t.<\/p>","protected":false},"excerpt":{"rendered":"<p>T\u00ean s\u1ea3n ph\u1ea9m: Linalool<br \/>\nS\u1ed1 CAS: 78-70-6<br \/>\nNguy\u00ean t\u1eed: C10H18O<br \/>\nNgo\u1ea1i quan: Ch\u1ea5t l\u1ecfng trong su\u1ed1t kh\u00f4ng m\u00e0u<\/p>","protected":false},"featured_media":4878,"template":"","meta":{"_acf_changed":false,"_gspb_post_css":""},"product_brand":[],"product_cat":[61],"product_tag":[],"class_list":{"0":"post-5165","1":"product","2":"type-product","3":"status-publish","4":"has-post-thumbnail","6":"product_cat-flavor-and-fragrance","8":"first","9":"instock","10":"shipping-taxable","11":"product-type-simple"},"acf":[],"_links":{"self":[{"href":"https:\/\/wpachem.com\/vi\/wp-json\/wp\/v2\/product\/5165","targetHints":{"allow":["GET"]}}],"collection":[{"href":"https:\/\/wpachem.com\/vi\/wp-json\/wp\/v2\/product"}],"about":[{"href":"https:\/\/wpachem.com\/vi\/wp-json\/wp\/v2\/types\/product"}],"version-history":[{"count":0,"href":"https:\/\/wpachem.com\/vi\/wp-json\/wp\/v2\/product\/5165\/revisions"}],"wp:featuredmedia":[{"embeddable":true,"href":"https:\/\/wpachem.com\/vi\/wp-json\/wp\/v2\/media\/4878"}],"wp:attachment":[{"href":"https:\/\/wpachem.com\/vi\/wp-json\/wp\/v2\/media?parent=5165"}],"wp:term":[{"taxonomy":"product_brand","embeddable":true,"href":"https:\/\/wpachem.com\/vi\/wp-json\/wp\/v2\/product_brand?post=5165"},{"taxonomy":"product_cat","embeddable":true,"href":"https:\/\/wpachem.com\/vi\/wp-json\/wp\/v2\/product_cat?post=5165"},{"taxonomy":"product_tag","embeddable":true,"href":"https:\/\/wpachem.com\/vi\/wp-json\/wp\/v2\/product_tag?post=5165"}],"curies":[{"name":"wp","href":"https:\/\/api.w.org\/{rel}","templated":true}]}}