{"id":5174,"date":"2023-11-23T08:11:01","date_gmt":"2023-11-23T08:11:01","guid":{"rendered":"https:\/\/wpachem.com\/?post_type=product&#038;p=5174"},"modified":"2024-01-31T07:45:19","modified_gmt":"2024-01-31T07:45:19","slug":"sodium-tripolyphosphate-stpp-cas-7758-29-4","status":"publish","type":"product","link":"https:\/\/wpachem.com\/vi\/product\/sodium-tripolyphosphate-stpp-cas-7758-29-4\/","title":{"rendered":"NATRI TRIPOLYPHOSPHATE (STPP) CAS 7758-29-4"},"content":{"rendered":"<p>Natri tripolyphosphate, c\u00f2n \u0111\u01b0\u1ee3c g\u1ecdi l\u00e0 pentasodium phosphate, natri pyrometaphosphate, STPP, pentasodium tripolyphosphate. Tinh th\u1ec3 b\u1ed9t m\u00e0u tr\u1eafng c\u00f3 \u0111\u1ed9 l\u01b0u \u0111\u1ed9ng t\u1ed1t, kh\u1ed1i l\u01b0\u1ee3ng ph\u00e2n t\u1eed t\u01b0\u01a1ng \u0111\u1ed1i l\u00e0 367.Chemicalbook86, \u0111i\u1ec3m n\u00f3ng ch\u1ea3y l\u00e0 622\u00b0C, d\u1ec5 tan trong n\u01b0\u1edbc v\u00e0 dung d\u1ecbch n\u01b0\u1edbc c\u1ee7a n\u00f3 c\u00f3 t\u00ednh ki\u1ec1m. N\u00f3 th\u01b0\u1eddng \u0111\u01b0\u1ee3c s\u1eed d\u1ee5ng trong th\u1ef1c ph\u1ea9m nh\u01b0 m\u1ed9t ch\u1ea5t gi\u1eef \u1ea9m, ch\u1ea5t c\u1ea3i thi\u1ec7n ch\u1ea5t l\u01b0\u1ee3ng, ch\u1ea5t \u0111i\u1ec1u ch\u1ec9nh pH v\u00e0 ch\u1ea5t t\u1ea1o ph\u1ee9c kim lo\u1ea1i.<\/p>\n<p><strong>\u1ee8ng d\u1ee5ng<\/strong><\/p>\n<p>Natri tripolyphosphate \u0111\u01b0\u1ee3c s\u1eed d\u1ee5ng trong ch\u1ea5t t\u1ea9y r\u1eeda, nh\u01b0 ch\u1ea5t tr\u1ee3 gi\u00fap, ch\u1ea5t hi\u1ec7p \u0111\u1ed3ng x\u00e0 ph\u00f2ng v\u00e0 \u0111\u1ec3 ng\u0103n ng\u1eeba k\u1ebft tinh v\u00e0 n\u1edf x\u00e0 ph\u00f2ng c\u1ee5c, ch\u1ea5t l\u00e0m m\u1ec1m n\u01b0\u1edbc c\u00f4ng nghi\u1ec7p, ch\u1ea5t thu\u1ed9c da, ch\u1ea5t tr\u1ee3 nhu\u1ed9m, ch\u1ea5t ki\u1ec3m so\u00e1t n\u1ea1o v\u00e9t gi\u1ebfng d\u1ea7u v\u00e0 s\u1ea3n xu\u1ea5t gi\u1ea5y. Ch\u1ea5t ng\u0103n ng\u1eeba \u00f4 nhi\u1ec5m d\u1ea7u, ch\u1ea5t ph\u00e2n t\u00e1n hi\u1ec7u qu\u1ea3 \u0111\u1ec3 x\u1eed l\u00fd huy\u1ec1n ph\u00f9 s\u01a1n, cao lanh, magi\u00ea oxit, canxi cacbonat, v.v. Natri tripolyphosphate c\u1ea5p th\u1ef1c ph\u1ea9m c\u00f3 th\u1ec3 \u0111\u01b0\u1ee3c s\u1eed d\u1ee5ng nh\u01b0 m\u1ed9t ch\u1ea5t c\u1ea3i thi\u1ec7n th\u1ef1c ph\u1ea9m cho nhi\u1ec1u s\u1ea3n ph\u1ea9m c\u00e1 v\u00e0 ch\u1ea5t l\u00e0m trong cho \u0111\u1ed3 u\u1ed1ng.<\/p>\n<p><strong>\u0110\u00f3ng g\u00f3i &amp; L\u01b0u tr\u1eef<\/strong><\/p>\n<p>25 KG\/T\u00daI<\/p>","protected":false},"excerpt":{"rendered":"<p>T\u00ean s\u1ea3n ph\u1ea9m: Natri tripphosphat (STPP)<\/p>\n<p>S\u1ed1 hi\u1ec7u: 7758-29-4<\/p>\n<p>Ch\u1ea5t trung gian: Na5O10P3<\/p>\n<p>Ngo\u1ea1i quan: B\u1ed9t m\u00e0u tr\u1eafng<\/p>","protected":false},"featured_media":5175,"template":"","meta":{"_acf_changed":false,"_gspb_post_css":""},"product_brand":[],"product_cat":[55,121],"product_tag":[],"class_list":{"0":"post-5174","1":"product","2":"type-product","3":"status-publish","4":"has-post-thumbnail","6":"product_cat-food-additives","7":"product_cat-phosphates","9":"first","10":"instock","11":"shipping-taxable","12":"product-type-simple"},"acf":[],"_links":{"self":[{"href":"https:\/\/wpachem.com\/vi\/wp-json\/wp\/v2\/product\/5174","targetHints":{"allow":["GET"]}}],"collection":[{"href":"https:\/\/wpachem.com\/vi\/wp-json\/wp\/v2\/product"}],"about":[{"href":"https:\/\/wpachem.com\/vi\/wp-json\/wp\/v2\/types\/product"}],"version-history":[{"count":0,"href":"https:\/\/wpachem.com\/vi\/wp-json\/wp\/v2\/product\/5174\/revisions"}],"wp:featuredmedia":[{"embeddable":true,"href":"https:\/\/wpachem.com\/vi\/wp-json\/wp\/v2\/media\/5175"}],"wp:attachment":[{"href":"https:\/\/wpachem.com\/vi\/wp-json\/wp\/v2\/media?parent=5174"}],"wp:term":[{"taxonomy":"product_brand","embeddable":true,"href":"https:\/\/wpachem.com\/vi\/wp-json\/wp\/v2\/product_brand?post=5174"},{"taxonomy":"product_cat","embeddable":true,"href":"https:\/\/wpachem.com\/vi\/wp-json\/wp\/v2\/product_cat?post=5174"},{"taxonomy":"product_tag","embeddable":true,"href":"https:\/\/wpachem.com\/vi\/wp-json\/wp\/v2\/product_tag?post=5174"}],"curies":[{"name":"wp","href":"https:\/\/api.w.org\/{rel}","templated":true}]}}