{"id":5178,"date":"2023-11-23T08:26:02","date_gmt":"2023-11-23T08:26:02","guid":{"rendered":"https:\/\/wpachem.com\/?post_type=product&#038;p=5178"},"modified":"2024-01-31T07:44:43","modified_gmt":"2024-01-31T07:44:43","slug":"phosphate-sodium-hexametaphosphate-%ef%bc%88shmp-cas-10124-56-8","status":"publish","type":"product","link":"https:\/\/wpachem.com\/vi\/product\/phosphate-sodium-hexametaphosphate-%ef%bc%88shmp-cas-10124-56-8\/","title":{"rendered":"Natri Hexametaphosphate \uff08SHMP) CAS 10124-56-8"},"content":{"rendered":"<p>S\u1ea3n ph\u1ea9m n\u00e0y l\u00e0 b\u1ed9t tinh th\u1ec3 m\u00e0u tr\u1eafng c\u00f3 t\u1ef7 tr\u1ecdng ri\u00eang l\u00e0 2,484 (20\u00b0C). D\u1ec5 tan trong n\u01b0\u1edbc nh\u01b0ng kh\u00f4ng tan trong dung m\u00f4i h\u1eefu c\u01a1 v\u00e0 c\u00f3 ch\u1ee9c n\u0103ng h\u00fat \u1ea9m m\u1ea1nh. C\u00f3 kh\u1ea3 n\u0103ng t\u1ea1o ph\u1ee9c \u0111\u00e1ng k\u1ec3 v\u1edbi c\u00e1c ion kim lo\u1ea1i Ca v\u00e0 Mg.<\/p>\n<p><strong>\u1ee8ng d\u1ee5ng:\u00a0<\/strong><\/p>\n<p>Natri hexametaphosphate \u0111\u01b0\u1ee3c s\u1eed d\u1ee5ng trong c\u00e1c s\u1ea3n ph\u1ea9m th\u1ecbt, x\u00fac x\u00edch c\u00e1, gi\u0103m b\u00f4ng, v.v. \u0111\u1ec3 c\u1ea3i thi\u1ec7n kh\u1ea3 n\u0103ng gi\u1eef n\u01b0\u1edbc, t\u0103ng t\u00ednh li\u00ean k\u1ebft v\u00e0 ng\u0103n ng\u1eeba qu\u00e1 tr\u00ecnh oxy h\u00f3a ch\u1ea5t b\u00e9o; khi s\u1eed d\u1ee5ng trong \u0111\u1eadu t\u01b0\u01a1ng v\u00e0 n\u01b0\u1edbc t\u01b0\u01a1ng, n\u00f3 c\u00f3 th\u1ec3 ng\u0103n ng\u1eeba s\u1ef1 \u0111\u1ed5i m\u00e0u, t\u0103ng \u0111\u1ed9 nh\u1edbt, r\u00fat ng\u1eafn th\u1eddi gian l\u00ean men v\u00e0 \u0111i\u1ec1u ch\u1ec9nh h\u01b0\u01a1ng v\u1ecb. ; \u0110\u01b0\u1ee3c s\u1eed d\u1ee5ng trong \u0111\u1ed3 u\u1ed1ng tr\u00e1i c\u00e2y v\u00e0 \u0111\u1ed3 u\u1ed1ng gi\u1ea3i kh\u00e1t, n\u00f3 c\u00f3 th\u1ec3 l\u00e0m t\u0103ng s\u1ea3n l\u01b0\u1ee3ng n\u01b0\u1edbc \u00e9p, t\u0103ng \u0111\u1ed9 nh\u1edbt v\u00e0 \u1ee9c ch\u1ebf s\u1ef1 ph\u00e2n h\u1ee7y c\u1ee7a vitamin C; \u0111\u01b0\u1ee3c s\u1eed d\u1ee5ng trong kem, n\u00f3 c\u00f3 th\u1ec3 c\u1ea3i thi\u1ec7n kh\u1ea3 n\u0103ng gi\u00e3n n\u1edf, t\u0103ng th\u1ec3 t\u00edch, t\u0103ng c\u01b0\u1eddng nh\u0169 h\u00f3a, ng\u0103n ng\u1eeba h\u01b0 h\u1ecfng c\u1ee7a b\u1ed9t nh\u00e3o v\u00e0 c\u1ea3i thi\u1ec7n h\u01b0\u01a1ng v\u1ecb v\u00e0 m\u00e0u s\u1eafc; \u0111\u01b0\u1ee3c s\u1eed d\u1ee5ng trong s\u1eefa N\u00f3 c\u00f3 th\u1ec3 ng\u0103n ng\u1eeba k\u1ebft t\u1ee7a gel trong c\u00e1c s\u1ea3n ph\u1ea9m v\u00e0 \u0111\u1ed3 u\u1ed1ng; n\u00f3 c\u00f3 th\u1ec3 \u0111\u01b0\u1ee3c th\u00eam v\u00e0o bia \u0111\u1ec3 l\u00e0m trong r\u01b0\u1ee3u v\u00e0 ng\u0103n ng\u1eeba \u0111\u1ed9 \u0111\u1ee5c; n\u00f3 c\u00f3 th\u1ec3 \u0111\u01b0\u1ee3c s\u1eed d\u1ee5ng trong \u0111\u1eadu \u0111\u00f3ng h\u1ed9p, tr\u00e1i c\u00e2y v\u00e0 rau qu\u1ea3 \u0111\u1ec3 \u1ed5n \u0111\u1ecbnh s\u1eafc t\u1ed1 t\u1ef1 nhi\u00ean v\u00e0 b\u1ea3o v\u1ec7 m\u00e0u th\u1ef1c ph\u1ea9m. Ngo\u00e0i ra, phun dung d\u1ecbch n\u01b0\u1edbc natri hexametaphosphate v\u00e0o th\u1ecbt \u0111\u00e3 qua x\u1eed l\u00fd c\u00f3 th\u1ec3 c\u1ea3i thi\u1ec7n c\u00e1c \u0111\u1eb7c t\u00ednh b\u1ea3o qu\u1ea3n.<\/p>\n<p><strong>\u0110\u00f3ng g\u00f3i v\u00e0 b\u1ea3o qu\u1ea3n:<\/strong><\/p>\n<p>25 KG\/T\u00daI<\/p>","protected":false},"excerpt":{"rendered":"<p>T\u00ean s\u1ea3n ph\u1ea9m: Natri Hexametaphosphate (SHMP)<\/p>\n<p>S\u1ed1 hi\u1ec7u: 10124-56-8<\/p>\n<p>Ch\u1ea5t trung gian: H7NaO18P6<\/p>\n<p>Ngo\u1ea1i quan: M\u1ea3nh th\u1ee7y tinh trong su\u1ed1t kh\u00f4ng m\u00e0u ho\u1eb7c tinh th\u1ec3 d\u1ea1ng h\u1ea1t m\u00e0u tr\u1eafng<\/p>","protected":false},"featured_media":5179,"template":"","meta":{"_acf_changed":false,"_gspb_post_css":""},"product_brand":[],"product_cat":[55,121],"product_tag":[],"class_list":{"0":"post-5178","1":"product","2":"type-product","3":"status-publish","4":"has-post-thumbnail","6":"product_cat-food-additives","7":"product_cat-phosphates","9":"first","10":"instock","11":"shipping-taxable","12":"product-type-simple"},"acf":[],"_links":{"self":[{"href":"https:\/\/wpachem.com\/vi\/wp-json\/wp\/v2\/product\/5178","targetHints":{"allow":["GET"]}}],"collection":[{"href":"https:\/\/wpachem.com\/vi\/wp-json\/wp\/v2\/product"}],"about":[{"href":"https:\/\/wpachem.com\/vi\/wp-json\/wp\/v2\/types\/product"}],"version-history":[{"count":0,"href":"https:\/\/wpachem.com\/vi\/wp-json\/wp\/v2\/product\/5178\/revisions"}],"wp:featuredmedia":[{"embeddable":true,"href":"https:\/\/wpachem.com\/vi\/wp-json\/wp\/v2\/media\/5179"}],"wp:attachment":[{"href":"https:\/\/wpachem.com\/vi\/wp-json\/wp\/v2\/media?parent=5178"}],"wp:term":[{"taxonomy":"product_brand","embeddable":true,"href":"https:\/\/wpachem.com\/vi\/wp-json\/wp\/v2\/product_brand?post=5178"},{"taxonomy":"product_cat","embeddable":true,"href":"https:\/\/wpachem.com\/vi\/wp-json\/wp\/v2\/product_cat?post=5178"},{"taxonomy":"product_tag","embeddable":true,"href":"https:\/\/wpachem.com\/vi\/wp-json\/wp\/v2\/product_tag?post=5178"}],"curies":[{"name":"wp","href":"https:\/\/api.w.org\/{rel}","templated":true}]}}