{"id":5181,"date":"2023-11-23T08:39:23","date_gmt":"2023-11-23T08:39:23","guid":{"rendered":"https:\/\/wpachem.com\/?post_type=product&#038;p=5181"},"modified":"2024-01-31T07:43:45","modified_gmt":"2024-01-31T07:43:45","slug":"phosphate-diammonium-phosphate-dap-cas-7783-28-0","status":"publish","type":"product","link":"https:\/\/wpachem.com\/vi\/product\/phosphate-diammonium-phosphate-dap-cas-7783-28-0\/","title":{"rendered":"Phosphate Diammonium Phosphate (DAP) CAS 7783-28-0"},"content":{"rendered":"<p>Diammonium phosphate, c\u00f2n \u0111\u01b0\u1ee3c g\u1ecdi l\u00e0 ammonium hydrogen phosphate, l\u00e0 m\u1ed9t tinh th\u1ec3 m\u00e0u tr\u1eafng c\u00f3 c\u00f4ng th\u1ee9c ph\u00e2n t\u1eed (NH4)2HPO4. N\u00f3 h\u00f2a tan trong n\u01b0\u1edbc v\u00e0 ph\u00e2n h\u1ee7y khi \u0111un n\u00f3ng \u0111\u1ebfn 155\u00b0C, nh\u01b0ng n\u00f3 c\u0169ng c\u00f3 th\u1ec3 ph\u00e2n h\u1ee7y d\u1ea7n \u1edf nhi\u1ec7t \u0111\u1ed9 ph\u00f2ng. Kh\u00ed amoniac \u0111\u01b0\u1ee3c gi\u1ea3i ph\u00f3ng \u0111\u1ec3 t\u1ea1o th\u00e0nh ammonium dihydrogen phosphate. Dung d\u1ecbch n\u01b0\u1edbc c\u00f3 t\u00ednh ki\u1ec1m y\u1ebfu, ChemicalbookpH8.0. Th\u00f4ng s\u1ed1 k\u1ef9 thu\u1eadt s\u1ea3n ph\u1ea9m l\u00e0: 64% (N18: P2O546), 61% (N17: P2O545), 57% (N15: P2O542). \u0110\u1ec3 t\u0103ng \u0111\u1ed9 \u1ed5n \u0111\u1ecbnh khi l\u01b0u tr\u1eef, m\u1ed9t s\u1ed1 s\u1ea3n ph\u1ea9m th\u00eam ch\u1ea5t ph\u1ee7 trong qu\u00e1 tr\u00ecnh s\u1ea3n xu\u1ea5t \u0111\u1ec3 l\u00e0m cho s\u1ea3n ph\u1ea9m c\u00f3 m\u00e0u n\u00e2u ho\u1eb7c v\u00e0ng.<\/p>\n<p><strong>\u1ee8ng d\u1ee5ng:<\/strong><\/p>\n<p>1. Ph\u00e2n b\u00f3n diammonium hydrogen phosphate c\u1ea5p ch\u1ee7 y\u1ebfu \u0111\u01b0\u1ee3c s\u1eed d\u1ee5ng l\u00e0m ph\u00e2n b\u00f3n h\u1ee3p ch\u1ea5t nit\u01a1-ph\u1ed1t pho n\u1ed3ng \u0111\u1ed9 cao; c\u1ea5p c\u00f4ng nghi\u1ec7p \u0111\u01b0\u1ee3c s\u1eed d\u1ee5ng \u0111\u1ec3 t\u1ea9m g\u1ed7 v\u00e0 v\u1ea3i \u0111\u1ec3 t\u0103ng \u0111\u1ed9 b\u1ec1n c\u1ee7a ch\u00fang. N\u00f3 c\u0169ng c\u00f3 th\u1ec3 \u0111\u01b0\u1ee3c s\u1eed d\u1ee5ng l\u00e0m ch\u1ea5t ch\u1eefa ch\u00e1y b\u1ed9t kh\u00f4 v\u00e0 ph\u1ed1t pho cho \u0111\u00e8n hu\u1ef3nh quang; n\u00f3 c\u0169ng \u0111\u01b0\u1ee3c s\u1eed d\u1ee5ng trong in \u1ea5n v\u00e0 ch\u1ebf t\u1ea1o t\u1ea5m, s\u1ea3n xu\u1ea5t \u1ed1ng \u0111i\u1ec7n t\u1eed, g\u1ed1m s\u1ee9, men, v.v. v\u00e0 x\u1eed l\u00fd sinh h\u00f3a n\u01b0\u1edbc th\u1ea3i; trong ng\u00e0nh c\u00f4ng nghi\u1ec7p qu\u00e2n s\u1ef1, n\u00f3 \u0111\u01b0\u1ee3c s\u1eed d\u1ee5ng l\u00e0m ch\u1ea5t ch\u1ed1ng ch\u00e1y trong v\u1eadt li\u1ec7u c\u00e1ch \u0111i\u1ec7n \u0111\u1ed9ng c\u01a1 t\u00ean l\u1eeda.<\/p>\n<p>2. D\u00f9ng l\u00e0m ph\u1ee5 gia th\u1ee9c \u0103n cho \u0111\u1ed9ng v\u1eadt nhai l\u1ea1i.<\/p>\n<p>3. Trong c\u00f4ng nghi\u1ec7p th\u1ef1c ph\u1ea9m, \u0111\u01b0\u1ee3c d\u00f9ng l\u00e0m ch\u1ea5t t\u1ea1o x\u1ed1p th\u1ef1c ph\u1ea9m, ch\u1ea5t \u0111i\u1ec1u h\u00f2a b\u1ed9t, th\u1ee9c \u0103n cho n\u1ea5m men v\u00e0 ch\u1ea5t h\u1ed7 tr\u1ee3 l\u00ean men \u0111\u1ec3 n\u1ea5u bia.<\/p>\n<p>4. D\u00f9ng l\u00e0m thu\u1ed1c th\u1eed ph\u00e2n t\u00edch v\u00e0 \u0111\u1ec7m.<\/p>\n<p>5. Ch\u1ea5t l\u00e0m m\u1ec1m n\u01b0\u1edbc; th\u1ee9c \u0103n cho n\u1ea5m men, v.v.<\/p>\n<p><strong>\u0110\u00f3ng g\u00f3i v\u00e0 b\u1ea3o qu\u1ea3n:<\/strong><\/p>\n<p>25 KG\/T\u00daI<\/p>","protected":false},"excerpt":{"rendered":"<p>T\u00ean s\u1ea3n ph\u1ea9m: Diammonium Phosphate (DAP)<\/p>\n<p>S\u1ed1 hi\u1ec7u: 7783-28-0<\/p>\n<p>MF: H9N2O4P<\/p>\n<p>V\u1ebb b\u1ec1 ngo\u00e0i:<\/p>\n<p>Tinh th\u1ec3 \u0111\u01a1n nghi\u00eang trong su\u1ed1t kh\u00f4ng m\u00e0u ho\u1eb7c b\u1ed9t m\u00e0u tr\u1eafng.<\/p>","protected":false},"featured_media":5182,"template":"","meta":{"_acf_changed":false,"_gspb_post_css":""},"product_brand":[],"product_cat":[55,121],"product_tag":[],"class_list":{"0":"post-5181","1":"product","2":"type-product","3":"status-publish","4":"has-post-thumbnail","6":"product_cat-food-additives","7":"product_cat-phosphates","9":"first","10":"instock","11":"shipping-taxable","12":"product-type-simple"},"acf":[],"_links":{"self":[{"href":"https:\/\/wpachem.com\/vi\/wp-json\/wp\/v2\/product\/5181","targetHints":{"allow":["GET"]}}],"collection":[{"href":"https:\/\/wpachem.com\/vi\/wp-json\/wp\/v2\/product"}],"about":[{"href":"https:\/\/wpachem.com\/vi\/wp-json\/wp\/v2\/types\/product"}],"version-history":[{"count":0,"href":"https:\/\/wpachem.com\/vi\/wp-json\/wp\/v2\/product\/5181\/revisions"}],"wp:featuredmedia":[{"embeddable":true,"href":"https:\/\/wpachem.com\/vi\/wp-json\/wp\/v2\/media\/5182"}],"wp:attachment":[{"href":"https:\/\/wpachem.com\/vi\/wp-json\/wp\/v2\/media?parent=5181"}],"wp:term":[{"taxonomy":"product_brand","embeddable":true,"href":"https:\/\/wpachem.com\/vi\/wp-json\/wp\/v2\/product_brand?post=5181"},{"taxonomy":"product_cat","embeddable":true,"href":"https:\/\/wpachem.com\/vi\/wp-json\/wp\/v2\/product_cat?post=5181"},{"taxonomy":"product_tag","embeddable":true,"href":"https:\/\/wpachem.com\/vi\/wp-json\/wp\/v2\/product_tag?post=5181"}],"curies":[{"name":"wp","href":"https:\/\/api.w.org\/{rel}","templated":true}]}}