{"id":5185,"date":"2023-11-23T09:05:52","date_gmt":"2023-11-23T09:05:52","guid":{"rendered":"https:\/\/wpachem.com\/?post_type=product&#038;p=5185"},"modified":"2023-11-23T09:05:52","modified_gmt":"2023-11-23T09:05:52","slug":"isolate-soy-protein-cas-9010-10-0","status":"publish","type":"product","link":"https:\/\/wpachem.com\/vi\/product\/isolate-soy-protein-cas-9010-10-0\/","title":{"rendered":"Protein \u0111\u1eadu n\u00e0nh c\u00f4 l\u1eadp CAS 9010-10-0"},"content":{"rendered":"<p>Protein \u0111\u1eadu n\u00e0nh c\u00f4 l\u1eadp l\u00e0 s\u1ea3n ph\u1ea9m protein \u0111\u1eadu n\u00e0nh \u0103n \u0111\u01b0\u1ee3c s\u1eed d\u1ee5ng b\u00e1nh \u0111\u1eadu n\u00e0nh \u0111\u00e3 l\u1ed9t v\u1ecf, t\u00e1ch b\u00e9o, \u00e9p l\u1ea1nh ho\u1eb7c b\u1ed9t \u0111\u1eadu n\u00e0nh kh\u1eed solvat \u1edf nhi\u1ec7t \u0111\u1ed9 th\u1ea5p l\u00e0m nguy\u00ean li\u1ec7u th\u00f4 v\u00e0 \u0111\u01b0\u1ee3c ch\u1ebf bi\u1ebfn th\u00f4ng qua chi\u1ebft xu\u1ea5t ki\u1ec1m lo\u00e3ng, k\u1ebft t\u1ee7a axit, t\u00e1ch ly t\u00e2m, s\u1ea5y phun v\u00e0 c\u00e1c quy tr\u00ecnh kh\u00e1c. Protein \u0111\u1eadu n\u00e0nh c\u00f4 l\u1eadp l\u00e0 protein ch\u1ea5t l\u01b0\u1ee3ng cao v\u1edbi h\u00e0m l\u01b0\u1ee3ng protein &gt;90%. N\u00f3 kh\u00f4ng ch\u1ec9 c\u00f3 h\u00e0m l\u01b0\u1ee3ng protein cao m\u00e0 c\u00f2n c\u00f3 ch\u1ee9c n\u0103ng protein v\u00e0 gi\u00e1 tr\u1ecb dinh d\u01b0\u1ee1ng cao, khi\u1ebfn n\u00f3 tr\u1edf th\u00e0nh m\u1ed9t ch\u1ea5t ph\u1ee5 gia tuy\u1ec7t v\u1eddi cho nhi\u1ec1u lo\u1ea1i th\u1ef1c ph\u1ea9m.<\/p>\n<p><strong>\u1ee8ng d\u1ee5ng:\u00a0<\/strong><\/p>\n<p>1 S\u1ea3n ph\u1ea9m th\u1ecbt: Th\u00eam protein \u0111\u1eadu n\u00e0nh c\u00f4 l\u1eadp v\u00e0o c\u00e1c s\u1ea3n ph\u1ea9m th\u1ecbt cao c\u1ea5p kh\u00f4ng ch\u1ec9 c\u1ea3i thi\u1ec7n k\u1ebft c\u1ea5u v\u00e0 h\u01b0\u01a1ng v\u1ecb c\u1ee7a c\u00e1c s\u1ea3n ph\u1ea9m th\u1ecbt m\u00e0 c\u00f2n l\u00e0m t\u0103ng h\u00e0m l\u01b0\u1ee3ng protein v\u00e0 t\u0103ng c\u01b0\u1eddng vitamin. Do ch\u1ee9c n\u0103ng m\u1ea1nh m\u1ebd c\u1ee7a n\u00f3, li\u1ec1u l\u01b0\u1ee3ng t\u1eeb 2 \u0111\u1ebfn 5% c\u00f3 th\u1ec3 gi\u1eef n\u01b0\u1edbc v\u00e0 ch\u1ea5t b\u00e9o, ng\u0103n n\u01b0\u1edbc th\u1ecbt b\u1ecb ph\u00e2n t\u00e1ch, c\u1ea3i thi\u1ec7n ch\u1ea5t l\u01b0\u1ee3ng v\u00e0 c\u1ea3i thi\u1ec7n h\u01b0\u01a1ng v\u1ecb. Ti\u00eam protein c\u00f4 l\u1eadp v\u00e0o c\u00e1c mi\u1ebfng th\u1ecbt nh\u01b0 gi\u0103m b\u00f4ng, sau \u0111\u00f3 ch\u1ebf bi\u1ebfn c\u00e1c mi\u1ebfng th\u1ecbt, s\u1ea3n l\u01b0\u1ee3ng gi\u0103m b\u00f4ng c\u00f3 th\u1ec3 t\u0103ng th\u00eam 20%. Protein c\u00f4 l\u1eadp \u0111\u01b0\u1ee3c s\u1eed d\u1ee5ng trong ch\u1ea3 c\u00e1 chi\u00ean, ch\u1ea3 c\u00e1 ho\u1eb7c x\u00fac x\u00edch c\u00e1, t\u1ed1t nh\u1ea5t l\u00e0 c\u00f3 h\u00e0m l\u01b0\u1ee3ng c\u00e1 t\u1eeb 20 \u0111\u1ebfn 40%.<\/p>\n<p>2 S\u1ea3n ph\u1ea9m t\u1eeb s\u1eefa: Protein \u0111\u1eadu n\u00e0nh c\u00f4 l\u1eadp \u0111\u01b0\u1ee3c s\u1eed d\u1ee5ng \u0111\u1ec3 thay th\u1ebf s\u1eefa b\u1ed9t, \u0111\u1ed3 u\u1ed1ng kh\u00f4ng ph\u1ea3i t\u1eeb s\u1eefa v\u00e0 nhi\u1ec1u d\u1ea1ng s\u1ea3n ph\u1ea9m t\u1eeb s\u1eefa kh\u00e1c nhau. Dinh d\u01b0\u1ee1ng to\u00e0n di\u1ec7n, kh\u00f4ng ch\u1ee9a cholesterol v\u00e0 thay th\u1ebf s\u1eefa. Protein \u0111\u1eadu n\u00e0nh c\u00f4 l\u1eadp thay th\u1ebf s\u1eefa b\u1ed9t t\u00e1ch kem trong s\u1ea3n xu\u1ea5t kem.<\/p>\n<p><strong>\u0110\u00f3ng g\u00f3i v\u00e0 b\u1ea3o qu\u1ea3n:<\/strong><\/p>\n<p>25 KG\/T\u00daI<\/p>","protected":false},"excerpt":{"rendered":"<p>T\u00ean s\u1ea3n ph\u1ea9m: Protein \u0111\u1eadu n\u00e0nh c\u00f4 l\u1eadp<\/p>\n<p>S\u1ed1 CAS: 9010-10-0<\/p>\n<p>MF: C13H10N2<\/p>\n<p>Ngo\u1ea1i quan: B\u1ed9t m\u00e0u v\u00e0ng nh\u1ea1t ho\u1eb7c tr\u1eafng<\/p>","protected":false},"featured_media":5186,"template":"","meta":{"_acf_changed":false,"_gspb_post_css":""},"product_brand":[],"product_cat":[55,103],"product_tag":[],"class_list":{"0":"post-5185","1":"product","2":"type-product","3":"status-publish","4":"has-post-thumbnail","6":"product_cat-food-additives","7":"product_cat-nutrition-enhancer","9":"first","10":"instock","11":"shipping-taxable","12":"product-type-simple"},"acf":[],"_links":{"self":[{"href":"https:\/\/wpachem.com\/vi\/wp-json\/wp\/v2\/product\/5185","targetHints":{"allow":["GET"]}}],"collection":[{"href":"https:\/\/wpachem.com\/vi\/wp-json\/wp\/v2\/product"}],"about":[{"href":"https:\/\/wpachem.com\/vi\/wp-json\/wp\/v2\/types\/product"}],"version-history":[{"count":0,"href":"https:\/\/wpachem.com\/vi\/wp-json\/wp\/v2\/product\/5185\/revisions"}],"wp:featuredmedia":[{"embeddable":true,"href":"https:\/\/wpachem.com\/vi\/wp-json\/wp\/v2\/media\/5186"}],"wp:attachment":[{"href":"https:\/\/wpachem.com\/vi\/wp-json\/wp\/v2\/media?parent=5185"}],"wp:term":[{"taxonomy":"product_brand","embeddable":true,"href":"https:\/\/wpachem.com\/vi\/wp-json\/wp\/v2\/product_brand?post=5185"},{"taxonomy":"product_cat","embeddable":true,"href":"https:\/\/wpachem.com\/vi\/wp-json\/wp\/v2\/product_cat?post=5185"},{"taxonomy":"product_tag","embeddable":true,"href":"https:\/\/wpachem.com\/vi\/wp-json\/wp\/v2\/product_tag?post=5185"}],"curies":[{"name":"wp","href":"https:\/\/api.w.org\/{rel}","templated":true}]}}