{"id":5190,"date":"2023-11-24T05:45:46","date_gmt":"2023-11-24T05:45:46","guid":{"rendered":"https:\/\/wpachem.com\/?post_type=product&#038;p=5190"},"modified":"2023-11-24T05:45:46","modified_gmt":"2023-11-24T05:45:46","slug":"terpinene-cas-99-86-5","status":"publish","type":"product","link":"https:\/\/wpachem.com\/vi\/product\/terpinene-cas-99-86-5\/","title":{"rendered":"Terpinene CAS 99-86-5"},"content":{"rendered":"<p><strong>\u0110\u1eb7c \u0111i\u1ec3m<\/strong><\/p>\n<ul class=\"list3\">\n<li>Ngo\u1ea1i quan: ch\u1ea5t l\u1ecfng trong su\u1ed1t kh\u00f4ng m\u00e0u<\/li>\n<li>\u0110i\u1ec3m n\u00f3ng ch\u1ea3y\/\u0111i\u1ec3m \u0111\u00f3ng b\u0103ng: -59,03\u00b0C (\u01b0\u1edbc t\u00ednh)<\/li>\n<li>\u0110i\u1ec3m s\u00f4i ban \u0111\u1ea7u v\u00e0 ph\u1ea1m vi s\u00f4i: 173 \u2013 175 \u00b0C \u2013 s\u00e1ng.<\/li>\n<li>\u0110i\u1ec3m ch\u1edbp ch\u00e1y: 50 \u00b0C \u2013 c\u1ed1c k\u00edn<\/li>\n<li>T\u1ef7 tr\u1ecdng t\u01b0\u01a1ng \u0111\u1ed1i: 0,837 g\/mL \u1edf 25 \u00b0C<\/li>\n<li>\u0110\u1ed9 h\u00f2a tan trong n\u01b0\u1edbc: 95% etanol: h\u00f2a tan1ml\/2ml<\/li>\n<\/ul>\n<p><strong>\u0110\u00f3ng g\u00f3i &amp; l\u01b0u tr\u1eef<\/strong><\/p>\n<p>Gi\u1eef h\u1ed9p \u0111\u1ef1ng \u0111\u00f3ng ch\u1eb7t \u1edf n\u01a1i kh\u00f4 r\u00e1o v\u00e0 th\u00f4ng gi\u00f3 t\u1ed1t. C\u00e1c h\u1ed9p \u0111\u1ef1ng \u0111\u00e3 m\u1edf ph\u1ea3i \u0111\u01b0\u1ee3c \u0111\u1eady k\u00edn c\u1ea9n th\u1eadn v\u00e0 gi\u1eef th\u1eb3ng \u0111\u1ee9ng \u0111\u1ec3 tr\u00e1nh r\u00f2 r\u1ec9. B\u1ea3o qu\u1ea3n \u1edf n\u01a1i m\u00e1t m\u1ebb.<\/p>\n<p>Nhi\u1ec7t \u0111\u1ed9 b\u1ea3o qu\u1ea3n khuy\u1ebfn ngh\u1ecb -20 \u00b0C B\u1ea3o qu\u1ea3n trong kh\u00ed tr\u01a1. Nh\u1ea1y c\u1ea3m v\u1edbi kh\u00f4ng kh\u00ed.<\/p>","protected":false},"excerpt":{"rendered":"<p>T\u00ean s\u1ea3n ph\u1ea9m: Terpinene<\/p>\n<p>S\u1ed1 CAS: 99-86-5<\/p>\n<p>MF: C10H16<\/p>\n<p>Ngo\u1ea1i quan: ch\u1ea5t l\u1ecfng trong su\u1ed1t kh\u00f4ng m\u00e0u<\/p>\n<p>&nbsp;<\/p>","protected":false},"featured_media":4788,"template":"","meta":{"_acf_changed":false,"_gspb_post_css":""},"product_brand":[],"product_cat":[61],"product_tag":[],"class_list":{"0":"post-5190","1":"product","2":"type-product","3":"status-publish","4":"has-post-thumbnail","6":"product_cat-flavor-and-fragrance","8":"first","9":"instock","10":"shipping-taxable","11":"product-type-simple"},"acf":[],"_links":{"self":[{"href":"https:\/\/wpachem.com\/vi\/wp-json\/wp\/v2\/product\/5190","targetHints":{"allow":["GET"]}}],"collection":[{"href":"https:\/\/wpachem.com\/vi\/wp-json\/wp\/v2\/product"}],"about":[{"href":"https:\/\/wpachem.com\/vi\/wp-json\/wp\/v2\/types\/product"}],"version-history":[{"count":0,"href":"https:\/\/wpachem.com\/vi\/wp-json\/wp\/v2\/product\/5190\/revisions"}],"wp:featuredmedia":[{"embeddable":true,"href":"https:\/\/wpachem.com\/vi\/wp-json\/wp\/v2\/media\/4788"}],"wp:attachment":[{"href":"https:\/\/wpachem.com\/vi\/wp-json\/wp\/v2\/media?parent=5190"}],"wp:term":[{"taxonomy":"product_brand","embeddable":true,"href":"https:\/\/wpachem.com\/vi\/wp-json\/wp\/v2\/product_brand?post=5190"},{"taxonomy":"product_cat","embeddable":true,"href":"https:\/\/wpachem.com\/vi\/wp-json\/wp\/v2\/product_cat?post=5190"},{"taxonomy":"product_tag","embeddable":true,"href":"https:\/\/wpachem.com\/vi\/wp-json\/wp\/v2\/product_tag?post=5190"}],"curies":[{"name":"wp","href":"https:\/\/api.w.org\/{rel}","templated":true}]}}