{"id":5194,"date":"2023-11-24T06:07:52","date_gmt":"2023-11-24T06:07:52","guid":{"rendered":"https:\/\/wpachem.com\/?post_type=product&#038;p=5194"},"modified":"2023-11-24T06:07:53","modified_gmt":"2023-11-24T06:07:53","slug":"%ce%b2-ionone-cas-79-77-6","status":"publish","type":"product","link":"https:\/\/wpachem.com\/vi\/product\/%ce%b2-ionone-cas-79-77-6\/","title":{"rendered":"\u03b2-ionone CAS 79-77-6"},"content":{"rendered":"<p><strong>\u0110\u1eb7c \u0111i\u1ec3m<\/strong><\/p>\n<table class=\"border-none text-left\">\n<tbody>\n<tr>\n<th class=\"width-pc-30\" align=\"left\" valign=\"top\">Tr\u1ea1ng th\u00e1i v\u1eadt l\u00fd<\/th>\n<td class=\"width-pc-70\" align=\"left\" valign=\"top\">Ch\u1ea5t l\u1ecfng.<\/td>\n<\/tr>\n<tr>\n<th class=\"width-pc-30\" align=\"left\" valign=\"top\">M\u00e0u s\u1eafc<\/th>\n<td class=\"width-pc-70\" align=\"left\" valign=\"top\">C\u00f3 m\u00e0u h\u01a1i v\u00e0ng.<\/td>\n<\/tr>\n<tr>\n<th class=\"width-pc-30\" align=\"left\" valign=\"top\">M\u00f9i<\/th>\n<td class=\"width-pc-70\" align=\"left\" valign=\"top\">M\u00f9i g\u1ed7 \u1ea5m \u00e1p, kh\u00f4 v\u00e0 m\u00f9i tr\u00e1i c\u00e2y<\/td>\n<\/tr>\n<tr>\n<th class=\"width-pc-30\" align=\"left\" valign=\"top\">\u0110i\u1ec3m n\u00f3ng ch\u1ea3y\/\u0111i\u1ec3m \u0111\u00f3ng b\u0103ng<\/th>\n<td class=\"width-pc-70\" align=\"left\" valign=\"top\">-35 \u00b0C. \u00c1p su\u1ea5t Atm.:1 013 hPa.<\/td>\n<\/tr>\n<tr>\n<th class=\"width-pc-30\" align=\"left\" valign=\"top\">\u0110i\u1ec3m s\u00f4i ho\u1eb7c \u0111i\u1ec3m s\u00f4i ban \u0111\u1ea7u v\u00e0 ph\u1ea1m vi s\u00f4i<\/th>\n<td class=\"width-pc-70\" align=\"left\" valign=\"top\">267,1 \u00b0C. \u00c1p su\u1ea5t Atm.:1 013 hPa. Ghi ch\u00fa: \u0110\u00e3 ngo\u1ea1i suy.<\/td>\n<\/tr>\n<tr>\n<th class=\"width-pc-30\" align=\"left\" valign=\"top\">T\u00ednh d\u1ec5 ch\u00e1y<\/th>\n<td class=\"width-pc-70\" align=\"left\" valign=\"top\">kh\u00f4ng c\u00f3 d\u1eef li\u1ec7u c\u00f3 s\u1eb5n<\/td>\n<\/tr>\n<tr>\n<th class=\"width-pc-30\" align=\"left\" valign=\"top\">Gi\u1edbi h\u1ea1n n\u1ed5 tr\u00ean v\u00e0 d\u01b0\u1edbi\/gi\u1edbi h\u1ea1n ch\u00e1y n\u1ed5<\/th>\n<td class=\"width-pc-70\" align=\"left\" valign=\"top\">kh\u00f4ng c\u00f3 d\u1eef li\u1ec7u c\u00f3 s\u1eb5n<\/td>\n<\/tr>\n<tr>\n<th class=\"width-pc-30\" align=\"left\" valign=\"top\">\u0110i\u1ec3m ch\u1edbp ch\u00e1y<\/th>\n<td class=\"width-pc-70\" align=\"left\" valign=\"top\">126 \u00b0C. \u00c1p su\u1ea5t Atm.:1 013,25 hPa.<\/td>\n<\/tr>\n<tr>\n<th class=\"width-pc-30\" align=\"left\" valign=\"top\">Nhi\u1ec7t \u0111\u1ed9 t\u1ef1 b\u1ed1c ch\u00e1y<\/th>\n<td class=\"width-pc-70\" align=\"left\" valign=\"top\">273 \u00b0C. \u00c1p su\u1ea5t Atm.: 1 010 \u2013 1 017 hPa.<\/td>\n<\/tr>\n<tr>\n<th class=\"width-pc-30\" align=\"left\" valign=\"top\">Nhi\u1ec7t \u0111\u1ed9 ph\u00e2n h\u1ee7y<\/th>\n<td class=\"width-pc-70\" align=\"left\" valign=\"top\">kh\u00f4ng c\u00f3 d\u1eef li\u1ec7u c\u00f3 s\u1eb5n<\/td>\n<\/tr>\n<tr>\n<th class=\"width-pc-30\" align=\"left\" valign=\"top\">\u0111\u1ed9 pH<\/th>\n<td class=\"width-pc-70\" align=\"left\" valign=\"top\">kh\u00f4ng c\u00f3 d\u1eef li\u1ec7u c\u00f3 s\u1eb5n<\/td>\n<\/tr>\n<tr>\n<th class=\"width-pc-30\" align=\"left\" valign=\"top\">\u0110\u1ed9 nh\u1edbt \u0111\u1ed9ng h\u1ecdc<\/th>\n<td class=\"width-pc-70\" align=\"left\" valign=\"top\">\u0111\u1ed9 nh\u1edbt \u0111\u1ed9ng (t\u00ednh b\u1eb1ng mPa\u00b7s) = 11,2. Nhi\u1ec7t \u0111\u1ed9: 20\u00b0C.; \u0111\u1ed9 nh\u1edbt \u0111\u1ed9ng (t\u00ednh b\u1eb1ng mPa\u00b7s) = 5,04. Nhi\u1ec7t \u0111\u1ed9: 40\u00b0C.; \u0111\u1ed9 nh\u1edbt \u0111\u1ed9ng h\u1ecdc (t\u00ednh b\u1eb1ng mm\u00b2\/s) = 11,8. Nhi\u1ec7t \u0111\u1ed9: 20\u00b0C.<\/td>\n<\/tr>\n<tr>\n<th class=\"width-pc-30\" align=\"left\" valign=\"top\">\u0110\u1ed9 h\u00f2a tan<\/th>\n<td class=\"width-pc-70\" align=\"left\" valign=\"top\">\u00cdt tan (NTP, 1992)<\/td>\n<\/tr>\n<tr>\n<th class=\"width-pc-30\" align=\"left\" valign=\"top\">H\u1ec7 s\u1ed1 ph\u00e2n chia n-octanol\/n\u01b0\u1edbc<\/th>\n<td class=\"width-pc-70\" align=\"left\" valign=\"top\">log Pow = 4. Nhi\u1ec7t \u0111\u1ed9: 25 \u00b0C.<\/td>\n<\/tr>\n<tr>\n<th class=\"width-pc-30\" align=\"left\" valign=\"top\">\u00c1p su\u1ea5t h\u01a1i<\/th>\n<td class=\"width-pc-70\" align=\"left\" valign=\"top\">Kho\u1ea3ng 0,072 hPa. Nhi\u1ec7t \u0111\u1ed9: 25 \u00b0C.<\/td>\n<\/tr>\n<tr>\n<th class=\"width-pc-30\" align=\"left\" valign=\"top\">M\u1eadt \u0111\u1ed9 v\u00e0\/ho\u1eb7c m\u1eadt \u0111\u1ed9 t\u01b0\u01a1ng \u0111\u1ed1i<\/th>\n<td class=\"width-pc-70\" align=\"left\" valign=\"top\">944,7 g\/L. Nhi\u1ec7t \u0111\u1ed9: 20 \u00b0C.<\/td>\n<\/tr>\n<\/tbody>\n<\/table>\n<p><strong>\u0110\u00f3ng g\u00f3i &amp; L\u01b0u tr\u1eef<\/strong><\/p>\n<p>\u0110i\u1ec1u ki\u1ec7n b\u1ea3o qu\u1ea3n an to\u00e0n, bao g\u1ed3m b\u1ea5t k\u1ef3 s\u1ef1 kh\u00f4ng t\u01b0\u01a1ng th\u00edch n\u00e0o: Gi\u1eef th\u00f9ng ch\u1ee9a \u0111\u00f3ng ch\u1eb7t \u1edf n\u01a1i kh\u00f4 r\u00e1o v\u00e0 th\u00f4ng gi\u00f3 t\u1ed1t. C\u00e1c th\u00f9ng ch\u1ee9a \u0111\u00e3 m\u1edf ph\u1ea3i \u0111\u01b0\u1ee3c \u0111\u00f3ng l\u1ea1i c\u1ea9n th\u1eadn v\u00e0 gi\u1eef th\u1eb3ng \u0111\u1ee9ng \u0111\u1ec3 tr\u00e1nh r\u00f2 r\u1ec9.<\/p>","protected":false},"excerpt":{"rendered":"<p>T\u00ean s\u1ea3n ph\u1ea9m: \u03b2-ionone<br \/>\nS\u1ed1 CAS: 79-77-6<br \/>\nMF: C13H20O<br \/>\nNgo\u1ea1i quan: Ch\u1ea5t l\u1ecfng h\u01a1i v\u00e0ng<\/p>","protected":false},"featured_media":4793,"template":"","meta":{"_acf_changed":false,"_gspb_post_css":""},"product_brand":[],"product_cat":[61],"product_tag":[],"class_list":{"0":"post-5194","1":"product","2":"type-product","3":"status-publish","4":"has-post-thumbnail","6":"product_cat-flavor-and-fragrance","8":"first","9":"instock","10":"shipping-taxable","11":"product-type-simple"},"acf":[],"_links":{"self":[{"href":"https:\/\/wpachem.com\/vi\/wp-json\/wp\/v2\/product\/5194","targetHints":{"allow":["GET"]}}],"collection":[{"href":"https:\/\/wpachem.com\/vi\/wp-json\/wp\/v2\/product"}],"about":[{"href":"https:\/\/wpachem.com\/vi\/wp-json\/wp\/v2\/types\/product"}],"version-history":[{"count":0,"href":"https:\/\/wpachem.com\/vi\/wp-json\/wp\/v2\/product\/5194\/revisions"}],"wp:featuredmedia":[{"embeddable":true,"href":"https:\/\/wpachem.com\/vi\/wp-json\/wp\/v2\/media\/4793"}],"wp:attachment":[{"href":"https:\/\/wpachem.com\/vi\/wp-json\/wp\/v2\/media?parent=5194"}],"wp:term":[{"taxonomy":"product_brand","embeddable":true,"href":"https:\/\/wpachem.com\/vi\/wp-json\/wp\/v2\/product_brand?post=5194"},{"taxonomy":"product_cat","embeddable":true,"href":"https:\/\/wpachem.com\/vi\/wp-json\/wp\/v2\/product_cat?post=5194"},{"taxonomy":"product_tag","embeddable":true,"href":"https:\/\/wpachem.com\/vi\/wp-json\/wp\/v2\/product_tag?post=5194"}],"curies":[{"name":"wp","href":"https:\/\/api.w.org\/{rel}","templated":true}]}}