{"id":5196,"date":"2023-11-24T06:12:43","date_gmt":"2023-11-24T06:12:43","guid":{"rendered":"https:\/\/wpachem.com\/?post_type=product&#038;p=5196"},"modified":"2024-04-26T05:39:57","modified_gmt":"2024-04-26T05:39:57","slug":"terpinene-4-ol-cas-562-74-3","status":"publish","type":"product","link":"https:\/\/wpachem.com\/vi\/product\/terpinene-4-ol-cas-562-74-3\/","title":{"rendered":"Terpinene-4-ol CAS 562-74-3"},"content":{"rendered":"<p><strong>\u0110\u1eb7c \u0111i\u1ec3m<\/strong><\/p>\n<ul class=\"list3\">\n<li>Ngo\u1ea1i quan: ch\u1ea5t l\u1ecfng kh\u00f4ng m\u00e0u<\/li>\n<li>\u0110i\u1ec3m n\u00f3ng ch\u1ea3y\/\u0111i\u1ec3m \u0111\u00f3ng b\u0103ng: 137-188 \u00b0C<\/li>\n<li>\u0110i\u1ec3m s\u00f4i ban \u0111\u1ea7u v\u00e0 ph\u1ea1m vi s\u00f4i: 211 \u2013 213 \u00b0C \u1edf 1013 hPa 88 \u2013 90 \u00b0C \u1edf 8 hPa<\/li>\n<li>\u0110i\u1ec3m ch\u1edbp ch\u00e1y: 79 \u00b0C \u2013 c\u1ed1c k\u00edn<\/li>\n<li>M\u1eadt \u0111\u1ed9 t\u01b0\u01a1ng \u0111\u1ed1i: 0,933 g\/cm3<\/li>\n<\/ul>\n<p><strong>\u0110\u00f3ng g\u00f3i &amp; l\u01b0u tr\u1eef<\/strong><\/p>\n<p>\u0110\u1eady k\u00edn h\u1ed9p \u0111\u1ef1ng \u1edf n\u01a1i kh\u00f4 r\u00e1o, tho\u00e1ng m\u00e1t. B\u1ea3o qu\u1ea3n \u1edf n\u01a1i m\u00e1t.<\/p>\n<p>&nbsp;<\/p>","protected":false},"excerpt":{"rendered":"<p>T\u00ean s\u1ea3n ph\u1ea9m: Terpinene-4-ol<br \/>\nS\u1ed1 hi\u1ec7u: 562-74-3<br \/>\nNguy\u00ean t\u1eed: C10H18O<br \/>\nNgo\u1ea1i quan: ch\u1ea5t l\u1ecfng kh\u00f4ng m\u00e0u<\/p>","protected":false},"featured_media":4793,"template":"","meta":{"_acf_changed":false,"_gspb_post_css":""},"product_brand":[],"product_cat":[52,24],"product_tag":[],"class_list":{"0":"post-5196","1":"product","2":"type-product","3":"status-publish","4":"has-post-thumbnail","6":"product_cat-pigment","7":"product_cat-uncategorized","9":"first","10":"instock","11":"shipping-taxable","12":"product-type-simple"},"acf":[],"_links":{"self":[{"href":"https:\/\/wpachem.com\/vi\/wp-json\/wp\/v2\/product\/5196","targetHints":{"allow":["GET"]}}],"collection":[{"href":"https:\/\/wpachem.com\/vi\/wp-json\/wp\/v2\/product"}],"about":[{"href":"https:\/\/wpachem.com\/vi\/wp-json\/wp\/v2\/types\/product"}],"version-history":[{"count":0,"href":"https:\/\/wpachem.com\/vi\/wp-json\/wp\/v2\/product\/5196\/revisions"}],"wp:featuredmedia":[{"embeddable":true,"href":"https:\/\/wpachem.com\/vi\/wp-json\/wp\/v2\/media\/4793"}],"wp:attachment":[{"href":"https:\/\/wpachem.com\/vi\/wp-json\/wp\/v2\/media?parent=5196"}],"wp:term":[{"taxonomy":"product_brand","embeddable":true,"href":"https:\/\/wpachem.com\/vi\/wp-json\/wp\/v2\/product_brand?post=5196"},{"taxonomy":"product_cat","embeddable":true,"href":"https:\/\/wpachem.com\/vi\/wp-json\/wp\/v2\/product_cat?post=5196"},{"taxonomy":"product_tag","embeddable":true,"href":"https:\/\/wpachem.com\/vi\/wp-json\/wp\/v2\/product_tag?post=5196"}],"curies":[{"name":"wp","href":"https:\/\/api.w.org\/{rel}","templated":true}]}}