{"id":5198,"date":"2023-11-24T06:20:19","date_gmt":"2023-11-24T06:20:19","guid":{"rendered":"https:\/\/wpachem.com\/?post_type=product&#038;p=5198"},"modified":"2023-11-24T06:20:19","modified_gmt":"2023-11-24T06:20:19","slug":"%ce%b1-pinene-cas-80-56-8","status":"publish","type":"product","link":"https:\/\/wpachem.com\/vi\/product\/%ce%b1-pinene-cas-80-56-8\/","title":{"rendered":"\u03b1-pinen CAS 80-56-8"},"content":{"rendered":"<p><strong>\u0110\u1eb7c \u0111i\u1ec3m<\/strong><\/p>\n<ul class=\"list3\">\n<li>Tr\u1ea1ng th\u00e1i v\u1eadt l\u00fd: Ch\u1ea5t l\u1ecfng trong su\u1ed1t kh\u00f4ng m\u00e0u<\/li>\n<li>M\u00f9i: M\u00d9I \u0110\u1eb6C TR\u01afNG C\u1ee6A C\u00c2Y TH\u00d4NG<\/li>\n<li>\u0110i\u1ec3m n\u00f3ng ch\u1ea3y\/\u0111i\u1ec3m \u0111\u00f3ng b\u0103ng: -55\u00b0C<\/li>\n<li>\u0110i\u1ec3m s\u00f4i ho\u1eb7c \u0111i\u1ec3m s\u00f4i ban \u0111\u1ea7u v\u00e0 ph\u1ea1m vi s\u00f4i: 154-157\u00b0C<\/li>\n<li>\u0110i\u1ec3m ch\u1edbp ch\u00e1y: 38\u00b0C<\/li>\n<li>Nhi\u1ec7t \u0111\u1ed9 t\u1ef1 b\u1ed1c ch\u00e1y: 491\u00b0 F (USCG, 1999)<\/li>\n<li>\u0110\u1ed9 nh\u1edbt \u0111\u1ed9ng h\u1ecdc: 1,303 cP \u1edf 25 \u0111\u1ed9 C<\/li>\n<li>\u0110\u1ed9 h\u00f2a tan: G\u1ea6N NH\u01af KH\u00d4NG H\u00d2A TAN TRONG PROPYLENE GLYCOL &amp; GLYCERINE<\/li>\n<li>H\u1ec7 s\u1ed1 ph\u00e2n chia n-octanol\/n\u01b0\u1edbc: log Kow = 4,83<\/li>\n<li>\u00c1p su\u1ea5t h\u01a1i: 10 mm Hg \u1edf 99,1\u00b0 F (NTP, 1992)<\/li>\n<li>M\u1eadt \u0111\u1ed9 v\u00e0\/ho\u1eb7c m\u1eadt \u0111\u1ed9 t\u01b0\u01a1ng \u0111\u1ed1i: 0,858<\/li>\n<li>M\u1eadt \u0111\u1ed9 h\u01a1i t\u01b0\u01a1ng \u0111\u1ed1i: 4,7 (NTP, 1992) (So v\u1edbi kh\u00f4ng kh\u00ed)<\/li>\n<\/ul>\n<p><strong>\u0110\u00f3ng g\u00f3i &amp; l\u01b0u tr\u1eef<\/strong><\/p>\n<p>\u0110\u1eady k\u00edn b\u00ecnh ch\u1ee9a. Tr\u00e1nh xa ngu\u1ed3n nhi\u1ec7t, tia l\u1eeda v\u00e0 ng\u1ecdn l\u1eeda tr\u1ea7n.<\/p>","protected":false},"excerpt":{"rendered":"<p>T\u00ean s\u1ea3n ph\u1ea9m: \u03b1-pinen<br \/>\nS\u1ed1 CAS: 80-56-8<br \/>\nMF: C10H16<br \/>\nNgo\u1ea1i quan: Ch\u1ea5t l\u1ecfng trong su\u1ed1t kh\u00f4ng m\u00e0u<\/p>","protected":false},"featured_media":2082,"template":"","meta":{"_acf_changed":false,"_gspb_post_css":""},"product_brand":[],"product_cat":[61],"product_tag":[],"class_list":{"0":"post-5198","1":"product","2":"type-product","3":"status-publish","4":"has-post-thumbnail","6":"product_cat-flavor-and-fragrance","8":"first","9":"instock","10":"shipping-taxable","11":"product-type-simple"},"acf":[],"_links":{"self":[{"href":"https:\/\/wpachem.com\/vi\/wp-json\/wp\/v2\/product\/5198","targetHints":{"allow":["GET"]}}],"collection":[{"href":"https:\/\/wpachem.com\/vi\/wp-json\/wp\/v2\/product"}],"about":[{"href":"https:\/\/wpachem.com\/vi\/wp-json\/wp\/v2\/types\/product"}],"version-history":[{"count":0,"href":"https:\/\/wpachem.com\/vi\/wp-json\/wp\/v2\/product\/5198\/revisions"}],"wp:featuredmedia":[{"embeddable":true,"href":"https:\/\/wpachem.com\/vi\/wp-json\/wp\/v2\/media\/2082"}],"wp:attachment":[{"href":"https:\/\/wpachem.com\/vi\/wp-json\/wp\/v2\/media?parent=5198"}],"wp:term":[{"taxonomy":"product_brand","embeddable":true,"href":"https:\/\/wpachem.com\/vi\/wp-json\/wp\/v2\/product_brand?post=5198"},{"taxonomy":"product_cat","embeddable":true,"href":"https:\/\/wpachem.com\/vi\/wp-json\/wp\/v2\/product_cat?post=5198"},{"taxonomy":"product_tag","embeddable":true,"href":"https:\/\/wpachem.com\/vi\/wp-json\/wp\/v2\/product_tag?post=5198"}],"curies":[{"name":"wp","href":"https:\/\/api.w.org\/{rel}","templated":true}]}}