{"id":5200,"date":"2023-11-24T06:30:21","date_gmt":"2023-11-24T06:30:21","guid":{"rendered":"https:\/\/wpachem.com\/?post_type=product&#038;p=5200"},"modified":"2023-11-24T06:30:21","modified_gmt":"2023-11-24T06:30:21","slug":"hesperidin-cas-520-26-3","status":"publish","type":"product","link":"https:\/\/wpachem.com\/vi\/product\/hesperidin-cas-520-26-3\/","title":{"rendered":"Hesperidin CAS 520-26-3"},"content":{"rendered":"<p><strong>\u0110\u1eb7c \u0111i\u1ec3m<\/strong><\/p>\n<ul class=\"list3\">\n<li>Ngo\u1ea1i quan: B\u1ed9t m\u00e0u n\u00e2u nh\u1ea1t<\/li>\n<li>\u0110i\u1ec3m n\u00f3ng ch\u1ea3y\/\u0111i\u1ec3m \u0111\u00f3ng b\u0103ng: &gt; 258 \u2013 &lt;= 262 \u00b0C. \u00c1p su\u1ea5t Atm.: Kho\u1ea3ng 1 atm.<\/li>\n<li>\u0110i\u1ec3m s\u00f4i ho\u1eb7c \u0111i\u1ec3m s\u00f4i ban \u0111\u1ea7u v\u00e0 ph\u1ea1m vi s\u00f4i: &gt; 251 \u00b0C. \u00c1p su\u1ea5t Atm.: Kho\u1ea3ng 1 atm.<\/li>\n<li>\u0110i\u1ec3m ch\u1edbp ch\u00e1y: 107\u00b0C (lit.)<\/li>\n<li>Nhi\u1ec7t \u0111\u1ed9 t\u1ef1 b\u1ed1c ch\u00e1y: &gt; 400 \u00b0C. L\u01b0u \u00fd: Hesperidin \u0111\u01b0\u1ee3c coi l\u00e0 kh\u00f4ng t\u1ef1 b\u1ed1c ch\u00e1y trong \u0111i\u1ec1u ki\u1ec7n th\u1eed nghi\u1ec7m.<\/li>\n<li>pH: &gt;= 7 \u2013 &lt;= 7,2. Nh\u1eadn x\u00e9t: Th\u1ef1c hi\u1ec7n hai ph\u00e9p \u0111o trong v\u00f2ng 10 ph\u00fat.<\/li>\n<li>\u0110\u1ed9 h\u00f2a tan: DMSO (Nh\u1eb9), Pyridine (Nh\u1eb9, Si\u00eau \u00e2m)<\/li>\n<li>H\u1ec7 s\u1ed1 ph\u00e2n chia n-octanol\/n\u01b0\u1edbc: log Pow = &lt; 0,3. Nhi\u1ec7t \u0111\u1ed9: 25 \u00b0C.<\/li>\n<li>\u00c1p su\u1ea5t h\u01a1i: &lt; 0,001 Pa. Nhi\u1ec7t \u0111\u1ed9: 25 \u00b0C. Ghi ch\u00fa: Gi\u00e1 tr\u1ecb \u01b0\u1edbc t\u00ednh: 1,64 E-24 Pa.; &lt; 0,001 mm Hg. Nhi\u1ec7t \u0111\u1ed9: 25 \u00b0C. Ghi ch\u00fa: 1,23 E-26 mmHg.<\/li>\n<li>M\u1eadt \u0111\u1ed9 v\u00e0\/ho\u1eb7c m\u1eadt \u0111\u1ed9 t\u01b0\u01a1ng \u0111\u1ed1i: 1,423 g\/cm3. Nhi\u1ec7t \u0111\u1ed9: 20 \u00b0C<\/li>\n<\/ul>\n<p><strong>\u0110\u00f3ng g\u00f3i &amp; l\u01b0u tr\u1eef<\/strong><\/p>\n<p>B\u1ea3o qu\u1ea3n trong h\u1ed9p k\u00edn \u1edf n\u01a1i kh\u00f4 r\u00e1o, tho\u00e1ng m\u00e1t, th\u00f4ng gi\u00f3 t\u1ed1t. B\u1ea3o qu\u1ea3n ri\u00eang v\u1edbi h\u1ed9p \u0111\u1ef1ng th\u1ef1c ph\u1ea9m ho\u1eb7c v\u1eadt li\u1ec7u kh\u00f4ng t\u01b0\u01a1ng th\u00edch.<\/p>","protected":false},"excerpt":{"rendered":"<p>T\u00ean s\u1ea3n ph\u1ea9m: hesperidin<\/p>\n<p>S\u1ed1 hi\u1ec7u: 520-26-3<\/p>\n<p>Nguy\u00ean t\u1eed: C28H34O15<\/p>\n<p>Ngo\u1ea1i quan: B\u1ed9t m\u00e0u n\u00e2u nh\u1ea1t<\/p>\n<p>&nbsp;<\/p>","protected":false},"featured_media":2632,"template":"","meta":{"_acf_changed":false,"_gspb_post_css":""},"product_brand":[],"product_cat":[101],"product_tag":[],"class_list":{"0":"post-5200","1":"product","2":"type-product","3":"status-publish","4":"has-post-thumbnail","6":"product_cat-flavour-enhancer-food-additives","8":"first","9":"instock","10":"shipping-taxable","11":"product-type-simple"},"acf":[],"_links":{"self":[{"href":"https:\/\/wpachem.com\/vi\/wp-json\/wp\/v2\/product\/5200","targetHints":{"allow":["GET"]}}],"collection":[{"href":"https:\/\/wpachem.com\/vi\/wp-json\/wp\/v2\/product"}],"about":[{"href":"https:\/\/wpachem.com\/vi\/wp-json\/wp\/v2\/types\/product"}],"version-history":[{"count":0,"href":"https:\/\/wpachem.com\/vi\/wp-json\/wp\/v2\/product\/5200\/revisions"}],"wp:featuredmedia":[{"embeddable":true,"href":"https:\/\/wpachem.com\/vi\/wp-json\/wp\/v2\/media\/2632"}],"wp:attachment":[{"href":"https:\/\/wpachem.com\/vi\/wp-json\/wp\/v2\/media?parent=5200"}],"wp:term":[{"taxonomy":"product_brand","embeddable":true,"href":"https:\/\/wpachem.com\/vi\/wp-json\/wp\/v2\/product_brand?post=5200"},{"taxonomy":"product_cat","embeddable":true,"href":"https:\/\/wpachem.com\/vi\/wp-json\/wp\/v2\/product_cat?post=5200"},{"taxonomy":"product_tag","embeddable":true,"href":"https:\/\/wpachem.com\/vi\/wp-json\/wp\/v2\/product_tag?post=5200"}],"curies":[{"name":"wp","href":"https:\/\/api.w.org\/{rel}","templated":true}]}}