{"id":5202,"date":"2023-11-24T06:36:51","date_gmt":"2023-11-24T06:36:51","guid":{"rendered":"https:\/\/wpachem.com\/?post_type=product&#038;p=5202"},"modified":"2023-11-24T06:36:52","modified_gmt":"2023-11-24T06:36:52","slug":"isoeugenol-cas-97-54-1","status":"publish","type":"product","link":"https:\/\/wpachem.com\/vi\/product\/isoeugenol-cas-97-54-1\/","title":{"rendered":"Isoeugenol CAS 97-54-1"},"content":{"rendered":"<p><strong>\u0110\u1eb7c \u0111i\u1ec3m<\/strong><\/p>\n<ul class=\"list3\">\n<li>Ngo\u1ea1i quan: ch\u1ea5t l\u1ecfng trong su\u1ed1t m\u00e0u v\u00e0ng nh\u1ea1t, nh\u1edbt, b\u00e1n r\u1eafn tan ch\u1ea3y th\u00e0nh ch\u1ea5t l\u1ecfng<\/li>\n<li>\u0110i\u1ec3m n\u00f3ng ch\u1ea3y\/\u0111i\u1ec3m \u0111\u00f3ng b\u0103ng\u0110i\u1ec3m n\u00f3ng ch\u1ea3y\/ph\u1ea1m vi: 27 \u00b0C \u2013 s\u00e1ng.<\/li>\n<li>\u0110i\u1ec3m s\u00f4i ban \u0111\u1ea7u v\u00e0 ph\u1ea1m vi s\u00f4i 132 \u00b0C \u1edf 13 hPa \u2013 lit.<\/li>\n<li>\u0110i\u1ec3m ch\u1edbp ch\u00e1y112 \u00b0C \u2013 c\u1ed1c k\u00edn<\/li>\n<li>\u00c1p su\u1ea5t h\u01a1i &lt;0,01 mm Hg (20 \u00b0C)<\/li>\n<li>M\u1eadt \u0111\u1ed9 h\u01a1i 5,67 \u2013 (Kh\u00f4ng kh\u00ed = 1,0)<\/li>\n<li>M\u1eadt \u0111\u1ed9 t\u01b0\u01a1ng \u0111\u1ed1i1.077 g\/cm3 \u1edf 25 \u00b0C<\/li>\n<li>H\u1ec7 s\u1ed1 ph\u00e2n chia: n-octanol\/n\u01b0\u1edbc Pow: 2,1<\/li>\n<\/ul>\n<p><strong>\u0110\u00f3ng g\u00f3i &amp; l\u01b0u tr\u1eef<\/strong><\/p>\n<p>kh\u00f4ng c\u00f3<\/p>","protected":false},"excerpt":{"rendered":"<p>T\u00ean s\u1ea3n ph\u1ea9m: Isoeugenol<br \/>\nS\u1ed1 CAS: 97-54-1<br \/>\nCh\u1ea5t trung gian: C10H12O2<br \/>\nNgo\u1ea1i quan: ch\u1ea5t l\u1ecfng trong su\u1ed1t, nh\u1edbt, m\u00e0u v\u00e0ng nh\u1ea1t<\/p>\n<p>&nbsp;<\/p>","protected":false},"featured_media":3321,"template":"","meta":{"_acf_changed":false,"_gspb_post_css":""},"product_brand":[],"product_cat":[61],"product_tag":[],"class_list":{"0":"post-5202","1":"product","2":"type-product","3":"status-publish","4":"has-post-thumbnail","6":"product_cat-flavor-and-fragrance","8":"first","9":"instock","10":"shipping-taxable","11":"product-type-simple"},"acf":[],"_links":{"self":[{"href":"https:\/\/wpachem.com\/vi\/wp-json\/wp\/v2\/product\/5202","targetHints":{"allow":["GET"]}}],"collection":[{"href":"https:\/\/wpachem.com\/vi\/wp-json\/wp\/v2\/product"}],"about":[{"href":"https:\/\/wpachem.com\/vi\/wp-json\/wp\/v2\/types\/product"}],"version-history":[{"count":0,"href":"https:\/\/wpachem.com\/vi\/wp-json\/wp\/v2\/product\/5202\/revisions"}],"wp:featuredmedia":[{"embeddable":true,"href":"https:\/\/wpachem.com\/vi\/wp-json\/wp\/v2\/media\/3321"}],"wp:attachment":[{"href":"https:\/\/wpachem.com\/vi\/wp-json\/wp\/v2\/media?parent=5202"}],"wp:term":[{"taxonomy":"product_brand","embeddable":true,"href":"https:\/\/wpachem.com\/vi\/wp-json\/wp\/v2\/product_brand?post=5202"},{"taxonomy":"product_cat","embeddable":true,"href":"https:\/\/wpachem.com\/vi\/wp-json\/wp\/v2\/product_cat?post=5202"},{"taxonomy":"product_tag","embeddable":true,"href":"https:\/\/wpachem.com\/vi\/wp-json\/wp\/v2\/product_tag?post=5202"}],"curies":[{"name":"wp","href":"https:\/\/api.w.org\/{rel}","templated":true}]}}