{"id":5204,"date":"2023-11-24T06:51:27","date_gmt":"2023-11-24T06:51:27","guid":{"rendered":"https:\/\/wpachem.com\/?post_type=product&#038;p=5204"},"modified":"2023-11-24T06:51:27","modified_gmt":"2023-11-24T06:51:27","slug":"tetrahydrolinalool-cas-78-69-3","status":"publish","type":"product","link":"https:\/\/wpachem.com\/vi\/product\/tetrahydrolinalool-cas-78-69-3\/","title":{"rendered":"Tetrahydrolinalool CAS 78-69-3"},"content":{"rendered":"<p>\u0110\u1eb7c \u0111i\u1ec3m<\/p>\n<ul class=\"list3\">\n<li>Ngo\u1ea1i quan: ch\u1ea5t l\u1ecfng kh\u00f4ng m\u00e0u<\/li>\n<li>\u0110i\u1ec3m n\u00f3ng ch\u1ea3y\/\u0111i\u1ec3m \u0111\u00f3ng b\u0103ng: -22,99 \u00b0C \u1edf 1,013 hPa \u2013 lit.<\/li>\n<li>\u0110i\u1ec3m s\u00f4i ban \u0111\u1ea7u v\u00e0 ph\u1ea1m vi s\u00f4i: 71 \u2013 73 \u00b0C \u1edf 8 hPa \u2013 lit.<\/li>\n<li>\u0110i\u1ec3m ch\u1edbp ch\u00e1y: 76 \u00b0C \u2013 c\u1ed1c k\u00edn<\/li>\n<li>\u00c1p su\u1ea5t h\u01a1i 0,111 hPa \u1edf 19,6 \u00b0C<\/li>\n<li>M\u1eadt \u0111\u1ed9 h\u01a1i: 5,46 \u2013 (Kh\u00f4ng kh\u00ed = 1,0)<\/li>\n<li>M\u1eadt \u0111\u1ed9 t\u01b0\u01a1ng \u0111\u1ed1i: 0,826 g\/cm3 \u1edf 25 \u00b0C<\/li>\n<li>\u0110\u1ed9 h\u00f2a tan trong n\u01b0\u1edbc: 0,32 g\/l \u1edf 25 \u00b0C<\/li>\n<li>H\u1ec7 s\u1ed1 ph\u00e2n chia: n-octanol\/n\u01b0\u1edbc Pow: 3,3 \u1edf 20 \u00b0C<\/li>\n<li>Nhi\u1ec7t \u0111\u1ed9 t\u1ef1 b\u1ed1c ch\u00e1y: 360 \u00b0C \u1edf 1,013 hPa<\/li>\n<\/ul>\n<p>\u0110\u00f3ng g\u00f3i &amp; l\u01b0u tr\u1eef<\/p>\n<p>Tr\u00e1nh h\u00edt ph\u1ea3i h\u01a1i ho\u1eb7c s\u01b0\u01a1ng m\u00f9.<\/p>\n<p>Tr\u00e1nh xa ngu\u1ed3n l\u1eeda \u2013 Kh\u00f4ng h\u00fat thu\u1ed1c. Th\u1ef1c hi\u1ec7n c\u00e1c bi\u1ec7n ph\u00e1p ng\u0103n ng\u1eeba t\u00edch t\u1ee5 t\u0129nh \u0111i\u1ec7n.<\/p>\n<p>B\u1ea3o qu\u1ea3n n\u01a1i tho\u00e1ng m\u00e1t. \u0110\u1eady k\u00edn h\u1ed9p \u0111\u1ef1ng \u1edf n\u01a1i kh\u00f4 r\u00e1o, th\u00f4ng gi\u00f3 t\u1ed1t.<\/p>","protected":false},"excerpt":{"rendered":"<p>T\u00ean s\u1ea3n ph\u1ea9m: Tetrahydrolinalool<br \/>\nS\u1ed1 CAS: 78-69-3<br \/>\nMF: C10H22O<br \/>\nNgo\u1ea1i quan: ch\u1ea5t l\u1ecfng kh\u00f4ng m\u00e0u<\/p>","protected":false},"featured_media":4674,"template":"","meta":{"_acf_changed":false,"_gspb_post_css":""},"product_brand":[],"product_cat":[61],"product_tag":[],"class_list":{"0":"post-5204","1":"product","2":"type-product","3":"status-publish","4":"has-post-thumbnail","6":"product_cat-flavor-and-fragrance","8":"first","9":"instock","10":"shipping-taxable","11":"product-type-simple"},"acf":[],"_links":{"self":[{"href":"https:\/\/wpachem.com\/vi\/wp-json\/wp\/v2\/product\/5204","targetHints":{"allow":["GET"]}}],"collection":[{"href":"https:\/\/wpachem.com\/vi\/wp-json\/wp\/v2\/product"}],"about":[{"href":"https:\/\/wpachem.com\/vi\/wp-json\/wp\/v2\/types\/product"}],"version-history":[{"count":0,"href":"https:\/\/wpachem.com\/vi\/wp-json\/wp\/v2\/product\/5204\/revisions"}],"wp:featuredmedia":[{"embeddable":true,"href":"https:\/\/wpachem.com\/vi\/wp-json\/wp\/v2\/media\/4674"}],"wp:attachment":[{"href":"https:\/\/wpachem.com\/vi\/wp-json\/wp\/v2\/media?parent=5204"}],"wp:term":[{"taxonomy":"product_brand","embeddable":true,"href":"https:\/\/wpachem.com\/vi\/wp-json\/wp\/v2\/product_brand?post=5204"},{"taxonomy":"product_cat","embeddable":true,"href":"https:\/\/wpachem.com\/vi\/wp-json\/wp\/v2\/product_cat?post=5204"},{"taxonomy":"product_tag","embeddable":true,"href":"https:\/\/wpachem.com\/vi\/wp-json\/wp\/v2\/product_tag?post=5204"}],"curies":[{"name":"wp","href":"https:\/\/api.w.org\/{rel}","templated":true}]}}