{"id":5208,"date":"2023-11-24T07:04:54","date_gmt":"2023-11-24T07:04:54","guid":{"rendered":"https:\/\/wpachem.com\/?post_type=product&#038;p=5208"},"modified":"2023-11-24T07:04:55","modified_gmt":"2023-11-24T07:04:55","slug":"myrcene-cas-123-35-3","status":"publish","type":"product","link":"https:\/\/wpachem.com\/vi\/product\/myrcene-cas-123-35-3\/","title":{"rendered":"Myrcene CAS 123-35-3"},"content":{"rendered":"<p><strong>\u0110\u1eb7c \u0111i\u1ec3m<\/strong><\/p>\n<ul class=\"list3\">\n<li>Ngo\u1ea1i quan: Ch\u1ea5t l\u1ecfng nh\u1edbt m\u00e0u v\u00e0ng nh\u1ea1t trong su\u1ed1t<\/li>\n<li>M\u00f9i: D\u1ec5 ch\u1ecbu<\/li>\n<li>\u0110i\u1ec3m n\u00f3ng ch\u1ea3y\/\u0111i\u1ec3m \u0111\u00f3ng b\u0103ng: &lt; -80 \u00b0C. \u00c1p su\u1ea5t Atm.: 1 atm.<\/li>\n<li>\u0110i\u1ec3m s\u00f4i ho\u1eb7c \u0111i\u1ec3m s\u00f4i ban \u0111\u1ea7u v\u00e0 ph\u1ea1m vi s\u00f4i: &gt;= 164 \u2013 &lt;= 165 \u00b0C. \u00c1p su\u1ea5t Atm.: 760 mm Hg.<\/li>\n<li>\u0110i\u1ec3m ch\u1edbp ch\u00e1y: Kho\u1ea3ng 45 \u00b0C. \u00c1p su\u1ea5t Atm.: Kho\u1ea3ng 1 atm.<\/li>\n<li>Nhi\u1ec7t \u0111\u1ed9 t\u1ef1 b\u1ed1c ch\u00e1y: 265 \u00b0C. \u00c1p su\u1ea5t Atm.: 100 248 Pa. Ghi ch\u00fa: Th\u00ed nghi\u1ec7m 1: \u0110\u1ed9 tr\u1ec5 \u0111\u00e1nh l\u1eeda: 12 gi\u00e2y.; 260 \u00b0C. \u00c1p su\u1ea5t Atm.: 100 129 Pa. Ghi ch\u00fa: Th\u00ed nghi\u1ec7m 2: \u0110\u1ed9 tr\u1ec5 \u0111\u00e1nh l\u1eeda: 12 gi\u00e2y.; 259 \u00b0C. \u00c1p su\u1ea5t Atm.: 10 089 Pa. Ghi ch\u00fa: Th\u00ed nghi\u1ec7m 3: \u0110\u1ed9 tr\u1ec5 \u0111\u00e1nh l\u1eeda: 22 gi\u00e2y.<\/li>\n<li>pH: 7 (H2O, 20\u2103)(dung d\u1ecbch n\u01b0\u1edbc b\u00e3o h\u00f2a)<\/li>\n<li>\u0110\u1ed9 h\u00f2a tan trong n\u01b0\u1edbc: h\u00f2a tan0,00109g\/L \u1edf 20\u00b0C<\/li>\n<li>H\u1ec7 s\u1ed1 ph\u00e2n chia n-octanol\/n\u01b0\u1edbc: log Pow = 4,82. Nhi\u1ec7t \u0111\u1ed9: 30 \u00b0C. Ghi ch\u00fa: +\/- 0,01.<\/li>\n<li>\u00c1p su\u1ea5t h\u01a1i: ~7 mm Hg (20 \u00b0C)<\/li>\n<li>M\u1eadt \u0111\u1ed9 v\u00e0\/ho\u1eb7c m\u1eadt \u0111\u1ed9 t\u01b0\u01a1ng \u0111\u1ed1i: 0,793. Nhi\u1ec7t \u0111\u1ed9: 20 \u00b0C.<\/li>\n<li>M\u1eadt \u0111\u1ed9 h\u01a1i t\u01b0\u01a1ng \u0111\u1ed1i: 4,7 (so v\u1edbi kh\u00f4ng kh\u00ed)<\/li>\n<\/ul>\n<p><strong>\u0110\u00f3ng g\u00f3i &amp; v\u1eadn chuy\u1ec3n<\/strong><\/p>\n<p>B\u1ea3o qu\u1ea3n \u1edf n\u01a1i tho\u00e1ng m\u00e1t, tr\u00e1nh \u00e1nh s\u00e1ng v\u00e0 kh\u00f4ng kh\u00ed.<\/p>","protected":false},"excerpt":{"rendered":"<p>T\u00ean s\u1ea3n ph\u1ea9m: Myrcene<\/p>\n<p>S\u1ed1 hi\u1ec7u: 123-35-3<\/p>\n<p>MF: C10H16<\/p>\n<p>Ngo\u1ea1i quan: Ch\u1ea5t l\u1ecfng nh\u1edbt m\u00e0u v\u00e0ng nh\u1ea1t trong su\u1ed1t<\/p>","protected":false},"featured_media":4789,"template":"","meta":{"_acf_changed":false,"_gspb_post_css":""},"product_brand":[],"product_cat":[61],"product_tag":[],"class_list":{"0":"post-5208","1":"product","2":"type-product","3":"status-publish","4":"has-post-thumbnail","6":"product_cat-flavor-and-fragrance","8":"first","9":"instock","10":"shipping-taxable","11":"product-type-simple"},"acf":[],"_links":{"self":[{"href":"https:\/\/wpachem.com\/vi\/wp-json\/wp\/v2\/product\/5208","targetHints":{"allow":["GET"]}}],"collection":[{"href":"https:\/\/wpachem.com\/vi\/wp-json\/wp\/v2\/product"}],"about":[{"href":"https:\/\/wpachem.com\/vi\/wp-json\/wp\/v2\/types\/product"}],"version-history":[{"count":0,"href":"https:\/\/wpachem.com\/vi\/wp-json\/wp\/v2\/product\/5208\/revisions"}],"wp:featuredmedia":[{"embeddable":true,"href":"https:\/\/wpachem.com\/vi\/wp-json\/wp\/v2\/media\/4789"}],"wp:attachment":[{"href":"https:\/\/wpachem.com\/vi\/wp-json\/wp\/v2\/media?parent=5208"}],"wp:term":[{"taxonomy":"product_brand","embeddable":true,"href":"https:\/\/wpachem.com\/vi\/wp-json\/wp\/v2\/product_brand?post=5208"},{"taxonomy":"product_cat","embeddable":true,"href":"https:\/\/wpachem.com\/vi\/wp-json\/wp\/v2\/product_cat?post=5208"},{"taxonomy":"product_tag","embeddable":true,"href":"https:\/\/wpachem.com\/vi\/wp-json\/wp\/v2\/product_tag?post=5208"}],"curies":[{"name":"wp","href":"https:\/\/api.w.org\/{rel}","templated":true}]}}