{"id":5210,"date":"2023-11-24T07:10:10","date_gmt":"2023-11-24T07:10:10","guid":{"rendered":"https:\/\/wpachem.com\/?post_type=product&#038;p=5210"},"modified":"2023-11-24T07:10:10","modified_gmt":"2023-11-24T07:10:10","slug":"terpinolene-cas-586-62-9","status":"publish","type":"product","link":"https:\/\/wpachem.com\/vi\/product\/terpinolene-cas-586-62-9\/","title":{"rendered":"Terpinolen CAS 586-62-9"},"content":{"rendered":"<p><strong>\u0110\u1eb7c \u0111i\u1ec3m<\/strong><\/p>\n<ul class=\"list3\">\n<li>Ngo\u1ea1i h\u00ecnh: ch\u1ea5t l\u1ecfng<\/li>\n<li>\u0110i\u1ec3m n\u00f3ng ch\u1ea3y\/\u0111i\u1ec3m \u0111\u00f3ng b\u0103ng: \u0110i\u1ec3m n\u00f3ng ch\u1ea3y\/ph\u1ea1m vi:&lt; -20 \u00b0C \u1edf 1,013 hPa \u2013 H\u01b0\u1edbng d\u1eabn th\u1eed nghi\u1ec7m OECD 102<\/li>\n<li>\u0110i\u1ec3m s\u00f4i ban \u0111\u1ea7u v\u00e0 ph\u1ea1m vi s\u00f4i: 184 \u2013 185 \u00b0C \u2013 s\u00e1ng.<\/li>\n<li>\u0110i\u1ec3m ch\u1edbp ch\u00e1y: 61 \u00b0C \u2013 C\u1ed1c k\u00edn Seta \u2013 ISO 3679<\/li>\n<li>\u00c1p su\u1ea5t h\u01a1i: 1,01 hPa \u1edf 20 \u00b0C \u2013 H\u01b0\u1edbng d\u1eabn th\u1eed nghi\u1ec7m OECD 104 1,33 hPa \u1edf 25 \u00b0C \u2013 H\u01b0\u1edbng d\u1eabn th\u1eed nghi\u1ec7m OECD 104<\/li>\n<li>M\u1eadt \u0111\u1ed9 h\u01a1i: ~4,7 (so v\u1edbi kh\u00f4ng kh\u00ed)<\/li>\n<li>M\u1eadt \u0111\u1ed9 t\u01b0\u01a1ng \u0111\u1ed1i: 0,861 g\/cm3 \u1edf 25 \u00b0C \u2013 s\u00e1ng.<\/li>\n<li>\u0110\u1ed9 h\u00f2a tan trong n\u01b0\u1edbc: ca.0,00455 g\/l \u1edf 20 \u00b0C \u2013 H\u01b0\u1edbng d\u1eabn th\u1eed nghi\u1ec7m OECD 105<\/li>\n<li>Nhi\u1ec7t \u0111\u1ed9 t\u1ef1 b\u1ed1c ch\u00e1y220 \u00b0C \u1edf 986 hPa \u2013 DIN 51794<\/li>\n<li>\u0110\u1ed9 nh\u1edbt1,27 mm2\/s \u1edf 40 \u00b0C \u2013 H\u01b0\u1edbng d\u1eabn th\u1eed nghi\u1ec7m OECD 114 \u2013 (t\u00ednh to\u00e1n), (ECHA)<\/li>\n<\/ul>\n<p><strong>\u0110\u00f3ng g\u00f3i &amp; l\u01b0u tr\u1eef<\/strong><\/p>\n<p>Gi\u1eef h\u1ed9p \u0111\u1ef1ng \u0111\u00f3ng ch\u1eb7t \u1edf n\u01a1i kh\u00f4 r\u00e1o v\u00e0 th\u00f4ng gi\u00f3 t\u1ed1t. C\u00e1c h\u1ed9p \u0111\u1ef1ng \u0111\u00e3 m\u1edf ph\u1ea3i \u0111\u01b0\u1ee3c \u0111\u1eady k\u00edn c\u1ea9n th\u1eadn v\u00e0 gi\u1eef th\u1eb3ng \u0111\u1ee9ng \u0111\u1ec3 tr\u00e1nh r\u00f2 r\u1ec9. B\u1ea3o qu\u1ea3n \u1edf n\u01a1i m\u00e1t m\u1ebb.<\/p>","protected":false},"excerpt":{"rendered":"<p>T\u00ean s\u1ea3n ph\u1ea9m: Terpinolene<br \/>\nS\u1ed1 hi\u1ec7u: 586-62-9<br \/>\nMF: C10H16<br \/>\nNgo\u1ea1i h\u00ecnh: ch\u1ea5t l\u1ecfng<\/p>","protected":false},"featured_media":4793,"template":"","meta":{"_acf_changed":false,"_gspb_post_css":""},"product_brand":[],"product_cat":[61],"product_tag":[],"class_list":{"0":"post-5210","1":"product","2":"type-product","3":"status-publish","4":"has-post-thumbnail","6":"product_cat-flavor-and-fragrance","8":"first","9":"instock","10":"shipping-taxable","11":"product-type-simple"},"acf":[],"_links":{"self":[{"href":"https:\/\/wpachem.com\/vi\/wp-json\/wp\/v2\/product\/5210","targetHints":{"allow":["GET"]}}],"collection":[{"href":"https:\/\/wpachem.com\/vi\/wp-json\/wp\/v2\/product"}],"about":[{"href":"https:\/\/wpachem.com\/vi\/wp-json\/wp\/v2\/types\/product"}],"version-history":[{"count":0,"href":"https:\/\/wpachem.com\/vi\/wp-json\/wp\/v2\/product\/5210\/revisions"}],"wp:featuredmedia":[{"embeddable":true,"href":"https:\/\/wpachem.com\/vi\/wp-json\/wp\/v2\/media\/4793"}],"wp:attachment":[{"href":"https:\/\/wpachem.com\/vi\/wp-json\/wp\/v2\/media?parent=5210"}],"wp:term":[{"taxonomy":"product_brand","embeddable":true,"href":"https:\/\/wpachem.com\/vi\/wp-json\/wp\/v2\/product_brand?post=5210"},{"taxonomy":"product_cat","embeddable":true,"href":"https:\/\/wpachem.com\/vi\/wp-json\/wp\/v2\/product_cat?post=5210"},{"taxonomy":"product_tag","embeddable":true,"href":"https:\/\/wpachem.com\/vi\/wp-json\/wp\/v2\/product_tag?post=5210"}],"curies":[{"name":"wp","href":"https:\/\/api.w.org\/{rel}","templated":true}]}}