{"id":5212,"date":"2023-11-24T07:16:21","date_gmt":"2023-11-24T07:16:21","guid":{"rendered":"https:\/\/wpachem.com\/?post_type=product&#038;p=5212"},"modified":"2023-11-24T07:16:21","modified_gmt":"2023-11-24T07:16:21","slug":"cinnamic-aldehyde-cas-104-55-2-2","status":"publish","type":"product","link":"https:\/\/wpachem.com\/vi\/product\/cinnamic-aldehyde-cas-104-55-2-2\/","title":{"rendered":"An\u0111ehit cinnamic CAS 104-55-2"},"content":{"rendered":"<p><strong>\u0110\u1eb7c \u0111i\u1ec3m:<\/strong><\/p>\n<ul class=\"list3\">\n<li>Ngo\u1ea1i quan: ch\u1ea5t l\u1ecfng kh\u00f4ng m\u00e0u<\/li>\n<li>pH: 4,7 \u1edf 30 \u00b0C c\u00f3 t\u00ednh axit<\/li>\n<li>\u0110i\u1ec3m n\u00f3ng ch\u1ea3y\/\u0111i\u1ec3m \u0111\u00f3ng b\u0103ng \u0110i\u1ec3m n\u00f3ng ch\u1ea3y\/ph\u1ea1m vi: -7,5 \u00b0C<\/li>\n<li>\u0110i\u1ec3m s\u00f4i ban \u0111\u1ea7u v\u00e0 ph\u1ea1m vi s\u00f4i: 248 \u00b0C \u1edf 1,013 hPa<\/li>\n<li>\u0110i\u1ec3m ch\u1edbp ch\u00e1y: 105 \u00b0C \u2013 C\u1ed1c k\u00edn Pensky-Martens \u2013 ASTM D 93<\/li>\n<li>\u00c1p su\u1ea5t h\u01a1i: 0,038 hPa \u1edf 25 \u00b0C<\/li>\n<li>M\u1eadt \u0111\u1ed9 h\u01a1i: 4,56 \u2013 (Kh\u00f4ng kh\u00ed = 1,0)<\/li>\n<li>M\u1eadt \u0111\u1ed9 t\u01b0\u01a1ng \u0111\u1ed1i: 1.05<\/li>\n<li>\u0110\u1ed9 h\u00f2a tan trong n\u01b0\u1edbc: 2.865 g\/l \u1edf 25 \u00b0C \u2013 H\u01b0\u1edbng d\u1eabn th\u1eed nghi\u1ec7m OECD 105- h\u00f2a tan<\/li>\n<li>H\u1ec7 s\u1ed1 ph\u00e2n chia: n-octanol\/n\u01b0\u1edbc Pow: 2.107 \u1edf 25 \u00b0C \u2013 Kh\u00f4ng mong \u0111\u1ee3i c\u00f3 hi\u1ec7n t\u01b0\u1ee3ng t\u00edch l\u0169y sinh h\u1ecdc.<\/li>\n<li>Nhi\u1ec7t \u0111\u1ed9 t\u1ef1 b\u1ed1c ch\u00e1y: 27 \u00b0C \u1edf 966 hPanot t\u1ef1 b\u1ed1c ch\u00e1y<\/li>\n<li>\u0110\u1ed9 nh\u1edbt, \u0111\u1ed9ng h\u1ecdc: 21,25 mm2\/s \u1edf 20 \u00b0C \u2013 H\u01b0\u1edbng d\u1eabn th\u1eed nghi\u1ec7m OECD 114 \u0110\u1ed9 nh\u1edbt, \u0111\u1ed9ng l\u1ef1c: 22,12 mPa.s \u1edf 20 \u00b0C \u2013 H\u01b0\u1edbng d\u1eabn th\u1eed nghi\u1ec7m OECD 114<\/li>\n<\/ul>\n<p><strong>\u0110\u00f3ng g\u00f3i v\u00e0 b\u1ea3o qu\u1ea3n:<\/strong><\/p>\n<p>\u0110\u00f3ng ch\u1eb7t.<\/p>","protected":false},"excerpt":{"rendered":"<p>T\u00ean s\u1ea3n ph\u1ea9m: Cinnamic aldehyde<br \/>\nS\u1ed1 hi\u1ec7u: 104-55-2<br \/>\nMF: C9H8O<br \/>\nV\u1ebb b\u1ec1 ngo\u00e0i:<\/p>","protected":false},"featured_media":2087,"template":"","meta":{"_acf_changed":false,"_gspb_post_css":""},"product_brand":[],"product_cat":[61],"product_tag":[],"class_list":{"0":"post-5212","1":"product","2":"type-product","3":"status-publish","4":"has-post-thumbnail","6":"product_cat-flavor-and-fragrance","8":"first","9":"instock","10":"shipping-taxable","11":"product-type-simple"},"acf":[],"_links":{"self":[{"href":"https:\/\/wpachem.com\/vi\/wp-json\/wp\/v2\/product\/5212","targetHints":{"allow":["GET"]}}],"collection":[{"href":"https:\/\/wpachem.com\/vi\/wp-json\/wp\/v2\/product"}],"about":[{"href":"https:\/\/wpachem.com\/vi\/wp-json\/wp\/v2\/types\/product"}],"version-history":[{"count":0,"href":"https:\/\/wpachem.com\/vi\/wp-json\/wp\/v2\/product\/5212\/revisions"}],"wp:featuredmedia":[{"embeddable":true,"href":"https:\/\/wpachem.com\/vi\/wp-json\/wp\/v2\/media\/2087"}],"wp:attachment":[{"href":"https:\/\/wpachem.com\/vi\/wp-json\/wp\/v2\/media?parent=5212"}],"wp:term":[{"taxonomy":"product_brand","embeddable":true,"href":"https:\/\/wpachem.com\/vi\/wp-json\/wp\/v2\/product_brand?post=5212"},{"taxonomy":"product_cat","embeddable":true,"href":"https:\/\/wpachem.com\/vi\/wp-json\/wp\/v2\/product_cat?post=5212"},{"taxonomy":"product_tag","embeddable":true,"href":"https:\/\/wpachem.com\/vi\/wp-json\/wp\/v2\/product_tag?post=5212"}],"curies":[{"name":"wp","href":"https:\/\/api.w.org\/{rel}","templated":true}]}}