{"id":5220,"date":"2023-11-24T07:41:36","date_gmt":"2023-11-24T07:41:36","guid":{"rendered":"https:\/\/wpachem.com\/?post_type=product&#038;p=5220"},"modified":"2023-11-24T07:41:36","modified_gmt":"2023-11-24T07:41:36","slug":"decyl-aldehyde-cas-112-31-2","status":"publish","type":"product","link":"https:\/\/wpachem.com\/vi\/product\/decyl-aldehyde-cas-112-31-2\/","title":{"rendered":"Decyl aldehyd CAS 112-31-2"},"content":{"rendered":"<p><strong>\u0110\u1eb7c \u0111i\u1ec3m<\/strong><\/p>\n<ul class=\"list3\">\n<li>Ngo\u1ea1i quan: ch\u1ea5t l\u1ecfng kh\u00f4ng m\u00e0u<\/li>\n<li>M\u00f9i: M\u00f9i hoa-m\u1ee1<\/li>\n<li>\u0110i\u1ec3m n\u00f3ng ch\u1ea3y\/\u0111i\u1ec3m \u0111\u00f3ng b\u0103ng: -5\u00b0C(lit.)<\/li>\n<li>\u0110i\u1ec3m s\u00f4i ho\u1eb7c \u0111i\u1ec3m s\u00f4i ban \u0111\u1ea7u v\u00e0 ph\u1ea1m vi s\u00f4i: 208\u00b0C (lit.)<\/li>\n<li>\u0110i\u1ec3m ch\u1edbp ch\u00e1y: 94\u00b0C (lit.)<\/li>\n<li>\u0110\u1ed9 nh\u1edbt \u0111\u1ed9ng h\u1ecdc: 1,5417 cP<\/li>\n<li>\u0110\u1ed9 h\u00f2a tan: Acetonitril (\u00cdt), Cloroform (\u00cdt), Methanol (\u00cdt)<\/li>\n<li>H\u1ec7 s\u1ed1 ph\u00e2n chia n-octanol\/n\u01b0\u1edbc: log Kow = 3,76 (\u01b0\u1edbc t\u00ednh)<\/li>\n<li>\u00c1p su\u1ea5t h\u01a1i: ~0,15 mm Hg (20 \u00b0C)<\/li>\n<li>M\u1eadt \u0111\u1ed9 v\u00e0\/ho\u1eb7c m\u1eadt \u0111\u1ed9 t\u01b0\u01a1ng \u0111\u1ed1i: 0,83<\/li>\n<li>M\u1eadt \u0111\u1ed9 h\u01a1i t\u01b0\u01a1ng \u0111\u1ed1i: &gt;1 (so v\u1edbi kh\u00f4ng kh\u00ed)b<\/li>\n<\/ul>\n<p><strong>\u0110\u00f3ng g\u00f3i &amp; l\u01b0u tr\u1eef<\/strong><\/p>\n<p>\u0110i\u1ec1u ki\u1ec7n b\u1ea3o qu\u1ea3n an to\u00e0n, bao g\u1ed3m b\u1ea5t k\u1ef3 s\u1ef1 kh\u00f4ng t\u01b0\u01a1ng th\u00edch n\u00e0o: Gi\u1eef h\u1ed9p \u0111\u1ef1ng \u0111\u00f3ng ch\u1eb7t \u1edf n\u01a1i kh\u00f4 r\u00e1o v\u00e0 th\u00f4ng gi\u00f3 t\u1ed1t. C\u00e1c h\u1ed9p \u0111\u1ef1ng \u0111\u00e3 m\u1edf ph\u1ea3i \u0111\u01b0\u1ee3c \u0111\u1eady k\u00edn c\u1ea9n th\u1eadn v\u00e0 gi\u1eef th\u1eb3ng \u0111\u1ee9ng \u0111\u1ec3 tr\u00e1nh r\u00f2 r\u1ec9. Nhi\u1ec7t \u0111\u1ed9 b\u1ea3o qu\u1ea3n khuy\u1ebfn ngh\u1ecb: 2-8 \u0111\u1ed9 C.<\/p>","protected":false},"excerpt":{"rendered":"<p>T\u00ean s\u1ea3n ph\u1ea9m: Decyl aldehyde<br \/>\nS\u1ed1 hi\u1ec7u: 112-31-2<br \/>\nMF: C9H8O<br \/>\nNgo\u1ea1i quan: ch\u1ea5t l\u1ecfng kh\u00f4ng m\u00e0u<\/p>","protected":false},"featured_media":2109,"template":"","meta":{"_acf_changed":false,"_gspb_post_css":""},"product_brand":[],"product_cat":[61],"product_tag":[],"class_list":{"0":"post-5220","1":"product","2":"type-product","3":"status-publish","4":"has-post-thumbnail","6":"product_cat-flavor-and-fragrance","8":"first","9":"instock","10":"shipping-taxable","11":"product-type-simple"},"acf":[],"_links":{"self":[{"href":"https:\/\/wpachem.com\/vi\/wp-json\/wp\/v2\/product\/5220","targetHints":{"allow":["GET"]}}],"collection":[{"href":"https:\/\/wpachem.com\/vi\/wp-json\/wp\/v2\/product"}],"about":[{"href":"https:\/\/wpachem.com\/vi\/wp-json\/wp\/v2\/types\/product"}],"version-history":[{"count":0,"href":"https:\/\/wpachem.com\/vi\/wp-json\/wp\/v2\/product\/5220\/revisions"}],"wp:featuredmedia":[{"embeddable":true,"href":"https:\/\/wpachem.com\/vi\/wp-json\/wp\/v2\/media\/2109"}],"wp:attachment":[{"href":"https:\/\/wpachem.com\/vi\/wp-json\/wp\/v2\/media?parent=5220"}],"wp:term":[{"taxonomy":"product_brand","embeddable":true,"href":"https:\/\/wpachem.com\/vi\/wp-json\/wp\/v2\/product_brand?post=5220"},{"taxonomy":"product_cat","embeddable":true,"href":"https:\/\/wpachem.com\/vi\/wp-json\/wp\/v2\/product_cat?post=5220"},{"taxonomy":"product_tag","embeddable":true,"href":"https:\/\/wpachem.com\/vi\/wp-json\/wp\/v2\/product_tag?post=5220"}],"curies":[{"name":"wp","href":"https:\/\/api.w.org\/{rel}","templated":true}]}}