{"id":5225,"date":"2023-11-24T07:52:22","date_gmt":"2023-11-24T07:52:22","guid":{"rendered":"https:\/\/wpachem.com\/?post_type=product&#038;p=5225"},"modified":"2023-11-24T07:52:22","modified_gmt":"2023-11-24T07:52:22","slug":"vanillin-cas-121-33-5","status":"publish","type":"product","link":"https:\/\/wpachem.com\/vi\/product\/vanillin-cas-121-33-5\/","title":{"rendered":"Vanilin CAS 121-33-5"},"content":{"rendered":"<p><strong>\u0110\u1eb7c \u0111i\u1ec3m<\/strong><\/p>\n<ul class=\"list3\">\n<li>Ngo\u1ea1i quan: tinh th\u1ec3 ho\u1eb7c b\u1ed9t kh\u00f4ng m\u00e0u \u0111\u1ebfn v\u00e0ng nh\u1ea1t<\/li>\n<li>pH: 4,3 \u1edf 10 g\/l \u1edf 20 \u00b0C<\/li>\n<li>\u0110i\u1ec3m n\u00f3ng ch\u1ea3y\/\u0111i\u1ec3m \u0111\u00f3ng b\u0103ng\u0110i\u1ec3m n\u00f3ng ch\u1ea3y\/ph\u1ea1m vi: 81 \u2013 83 \u00b0C \u2013 s\u00e1ng.<\/li>\n<li>\u0110i\u1ec3m s\u00f4i ban \u0111\u1ea7u v\u00e0 ph\u1ea1m vi s\u00f4i: 170 \u00b0C \u1edf 20 hPa \u2013 lit.<\/li>\n<li>\u0110i\u1ec3m ch\u1edbp ch\u00e1y: 159,8 \u2013 160,8 \u00b0C \u2013 c\u1ed1c k\u00edn \u2013 Quy \u0111\u1ecbnh (EC) s\u1ed1 440\/2008, Ph\u1ee5 l\u1ee5c, A.9<\/li>\n<li>\u00c1p su\u1ea5t h\u01a1i: 0,0029 hPa \u1edf 25 \u00b0C &lt; 0,01 hPa \u1edf 25 \u00b0C<\/li>\n<li>M\u1eadt \u0111\u1ed9 h\u01a1i: 5,3 \u1edf 25 \u00b0C<\/li>\n<li>M\u1eadt \u0111\u1ed9 t\u01b0\u01a1ng \u0111\u1ed1i: 1.056 g\/cm3 \u1edf 20 \u00b0C<\/li>\n<li>\u0110\u1ed9 h\u00f2a tan trong n\u01b0\u1edbc: 9 g\/l \u1edf 25 \u00b0C<\/li>\n<li>H\u1ec7 s\u1ed1 ph\u00e2n chia: n-octanol\/n\u01b0\u1edbc Pow: 1,21 \u1edf 25 \u00b0C \u2013 Kh\u00f4ng mong \u0111\u1ee3i c\u00f3 hi\u1ec7n t\u01b0\u1ee3ng t\u00edch l\u0169y sinh h\u1ecdc.<\/li>\n<\/ul>\n<p><strong>\u0110\u00f3ng g\u00f3i &amp; l\u01b0u tr\u1eef<\/strong><\/p>\n<p>\u0110\u00f3ng ch\u1eb7t. Kh\u00f4.<\/p>\n<p>Nh\u1ea1y c\u1ea3m v\u1edbi kh\u00f4ng kh\u00ed, \u00e1nh s\u00e1ng v\u00e0 \u0111\u1ed9 \u1ea9m.<\/p>","protected":false},"excerpt":{"rendered":"<p>T\u00ean s\u1ea3n ph\u1ea9m: Vanillin<br \/>\nS\u1ed1 hi\u1ec7u: 121-33-5<br \/>\nCh\u1ea5t trung gian: C8H8O3<br \/>\nNgo\u1ea1i quan: tinh th\u1ec3 ho\u1eb7c b\u1ed9t kh\u00f4ng m\u00e0u \u0111\u1ebfn v\u00e0ng nh\u1ea1t<\/p>","protected":false},"featured_media":5171,"template":"","meta":{"_acf_changed":false,"_gspb_post_css":""},"product_brand":[],"product_cat":[61],"product_tag":[],"class_list":{"0":"post-5225","1":"product","2":"type-product","3":"status-publish","4":"has-post-thumbnail","6":"product_cat-flavor-and-fragrance","8":"first","9":"instock","10":"shipping-taxable","11":"product-type-simple"},"acf":[],"_links":{"self":[{"href":"https:\/\/wpachem.com\/vi\/wp-json\/wp\/v2\/product\/5225","targetHints":{"allow":["GET"]}}],"collection":[{"href":"https:\/\/wpachem.com\/vi\/wp-json\/wp\/v2\/product"}],"about":[{"href":"https:\/\/wpachem.com\/vi\/wp-json\/wp\/v2\/types\/product"}],"version-history":[{"count":0,"href":"https:\/\/wpachem.com\/vi\/wp-json\/wp\/v2\/product\/5225\/revisions"}],"wp:featuredmedia":[{"embeddable":true,"href":"https:\/\/wpachem.com\/vi\/wp-json\/wp\/v2\/media\/5171"}],"wp:attachment":[{"href":"https:\/\/wpachem.com\/vi\/wp-json\/wp\/v2\/media?parent=5225"}],"wp:term":[{"taxonomy":"product_brand","embeddable":true,"href":"https:\/\/wpachem.com\/vi\/wp-json\/wp\/v2\/product_brand?post=5225"},{"taxonomy":"product_cat","embeddable":true,"href":"https:\/\/wpachem.com\/vi\/wp-json\/wp\/v2\/product_cat?post=5225"},{"taxonomy":"product_tag","embeddable":true,"href":"https:\/\/wpachem.com\/vi\/wp-json\/wp\/v2\/product_tag?post=5225"}],"curies":[{"name":"wp","href":"https:\/\/api.w.org\/{rel}","templated":true}]}}